{"id":326738,"date":"2022-08-16T20:36:16","date_gmt":"2024-04-05T14:28:07","guid":{"rendered":"https:\/\/www.moskito.cz\/produkt\/cuchillo-cierre-crkt-squid-xm-2495k\/"},"modified":"2025-05-07T11:08:52","modified_gmt":"2025-05-07T10:08:52","slug":"cuchillo-cierre-crkt-squid-xm-2495k","status":"publish","type":"product","link":"https:\/\/www.moskito.cz\/es\/produkt\/cuchillo-cierre-crkt-squid-xm-2495k\/","title":{"rendered":"Cuchillo Cierre CRKT SQUID XM 2495K"},"content":{"rendered":"<p>Cuchillo Cierre <strong>CRKT<\/strong> CALAMAR XM 2495K.<\/p>\n<p>Est\u00e1 de vuelta. Pero m\u00e1s grande. Hace a\u00f1os, el dise\u00f1ador Lucas Burnley le dio vida al ic\u00f3nico Squid\u2122. La navaja plegable, cuya popularidad est\u00e1 creciendo r\u00e1pidamente entre los fan\u00e1ticos del popular portaequipajes compacto, se ha convertido en la mejor opci\u00f3n para quienes buscan el equilibrio adecuado entre simplicidad, rendimiento y funcionalidad. Ahora, Lucas ha reelaborado este dise\u00f1o probado y nos trae el SQUID\u2122 XM m\u00e1s grande. Todav\u00eda estamos comentando que es un transporte diario vers\u00e1til, la hoja m\u00e1s larga maneja tareas grandes y peque\u00f1as, y ahora se considera un poco m\u00e1s \u00abextra mediano\u00bb.<\/p>\n<p>Dise\u00f1ado por Lucas Burnley, el Squid\u2122 fue concebido para ser potente pero igualmente adaptable a los desaf\u00edos cotidianos. Ya sea que est\u00e9 trabajando en casa, en el garaje o en la oficina, Squid\u2122 puede acompa\u00f1arlo a cualquier lugar. Despu\u00e9s del lanzamiento del dise\u00f1o original, Lucas continu\u00f3 recibiendo el inter\u00e9s de los fan\u00e1ticos que le ped\u00edan que reinventara la popular espada un poco m\u00e1s grande. Y al m\u00e1s puro estilo Lucas, el dise\u00f1ador de cuchillos se puso a trabajar para ver qu\u00e9 era posible. Ahora, con la introducci\u00f3n de SQUID\u2122 XM, Lucas ofrece una creaci\u00f3n que es tan ic\u00f3nica como el original, sin dejar de liderar el camino en funcionalidad y simplicidad f\u00e1cil de usar.<\/p>\n<p>Al perfeccionar c\u00f3mo se escalar\u00e1 esta \u00faltima versi\u00f3n, Lucas no se salt\u00f3 ning\u00fan detalle:<br \/>\npara garantizar que el &#8216;medio extra&#8217; sea igualmente fluido en t\u00e9rminos de su rendimiento. Al igual que su predecesor, el SQUID\u2122 XM cuenta con una hoja de punta de ca\u00edda que logra un excelente equilibrio entre la resistencia y la geometr\u00eda de la punta para tareas de utilidad. Cuando est\u00e9 listo para ponerse a trabajar, la apertura asistida de Ken Onion despliega la hoja en un abrir y cerrar de ojos, mientras que el sistema de pasador con rodamiento de bolas IKBS\u2122 crea una rotaci\u00f3n s\u00faper suave.<\/p>\n<p>Una vez que la duradera hoja del D2 haya cumplido su funci\u00f3n, puede guardarla de forma segura en su bolsillo: su bloqueo interno del marco y su clip de bolsillo profundo hacen que sea seguro llevarlo mientras viaja.<\/p>\n<p>El dise\u00f1o ic\u00f3nico est\u00e1 de vuelta. S\u00f3lo que ahora est\u00e1 graduado en tama\u00f1o.<\/p>\n<p>C\u00f3mo funciona la apertura asistida<br \/>\nSe mantiene cerrado de forma segura en el bolsillo, pero al iniciar el despliegue la hoja se abre con una velocidad impresionante durante la rotaci\u00f3n para una apertura simple y poderosa con una sola mano.<\/p>\n<p>ESPECIFICACIONES<br \/>\nLongitud de la hoja 2,95&#8243; (74,83 mm)<br \/>\nHoja de hoja Lisa<br \/>\nHoja de acero D2<br \/>\nAcabado de la hoja lavado a la piedra<br \/>\nGrosor de la hoja 0,10&#8243; (2,62 mm)<br \/>\nLongitud total 7,03&#8243; (178,59 mm)<br \/>\nLongitud cerrada 4,11&#8243; (104,34 mm)<br \/>\nPeso 3,60 oz (102,06 g)<br \/>\nMango G10 | Acero inoxidable<br \/>\nEstilo Navaja asistida con bloqueo de marco.<\/p>\n<p><iframe title=\"CRKT SQUID\u2122 XM | Lucas Burnley Design\" width=\"800\" height=\"450\" src=\"https:\/\/www.youtube.com\/embed\/Kq8g1Yr1NxI?feature=oembed\" frameborder=\"0\" allow=\"accelerometer; autoplay; clipboard-write; encrypted-media; gyroscope; picture-in-picture; web-share\" referrerpolicy=\"strict-origin-when-cross-origin\" allowfullscreen><\/iframe><\/p>\n<p>&nbsp;<\/p>\n","protected":false},"excerpt":{"rendered":"<p>Dise\u00f1ado por Lucas Burnley en Bend, Oreg\u00f3n.<\/p>\n","protected":false},"featured_media":326739,"comment_status":"open","ping_status":"closed","template":"","meta":[],"pwb-brand":[3765],"product_brand":[],"product_cat":[3730,3726],"product_tag":[3756],"class_list":{"0":"post-326738","1":"product","2":"type-product","3":"status-publish","4":"has-post-thumbnail","6":"pwb-brand-crkt-es","7":"product_cat-cuchillas-de-cierre","8":"product_cat-cuchillos","9":"product_tag-b2b-es","11":"first","12":"instock","13":"sale","14":"taxable","15":"shipping-taxable","16":"purchasable","17":"product-type-simple"},"brands":[{"id":3765,"name":"CRKT","slug":"crkt-es"}],"_links":{"self":[{"href":"https:\/\/www.moskito.cz\/es\/wp-json\/wp\/v2\/product\/326738","targetHints":{"allow":["GET"]}}],"collection":[{"href":"https:\/\/www.moskito.cz\/es\/wp-json\/wp\/v2\/product"}],"about":[{"href":"https:\/\/www.moskito.cz\/es\/wp-json\/wp\/v2\/types\/product"}],"replies":[{"embeddable":true,"href":"https:\/\/www.moskito.cz\/es\/wp-json\/wp\/v2\/comments?post=326738"}],"wp:featuredmedia":[{"embeddable":true,"href":"https:\/\/www.moskito.cz\/es\/wp-json\/wp\/v2\/media\/326739"}],"wp:attachment":[{"href":"https:\/\/www.moskito.cz\/es\/wp-json\/wp\/v2\/media?parent=326738"}],"wp:term":[{"taxonomy":"pwb-brand","embeddable":true,"href":"https:\/\/www.moskito.cz\/es\/wp-json\/wp\/v2\/pwb-brand?post=326738"},{"taxonomy":"product_brand","embeddable":true,"href":"https:\/\/www.moskito.cz\/es\/wp-json\/wp\/v2\/product_brand?post=326738"},{"taxonomy":"product_cat","embeddable":true,"href":"https:\/\/www.moskito.cz\/es\/wp-json\/wp\/v2\/product_cat?post=326738"},{"taxonomy":"product_tag","embeddable":true,"href":"https:\/\/www.moskito.cz\/es\/wp-json\/wp\/v2\/product_tag?post=326738"}],"curies":[{"name":"wp","href":"https:\/\/api.w.org\/{rel}","templated":true}]}}