{"id":326750,"date":"2020-12-19T18:21:28","date_gmt":"2024-04-05T14:37:05","guid":{"rendered":"https:\/\/www.moskito.cz\/produkt\/crkt-provoke-kinematic-responder-4042-cuchillo-de-cierre\/"},"modified":"2025-07-11T07:53:18","modified_gmt":"2025-07-11T06:53:18","slug":"crkt-provoke-kinematic-responder-4042-cuchillo-de-cierre","status":"publish","type":"product","link":"https:\/\/www.moskito.cz\/es\/produkt\/crkt-provoke-kinematic-responder-4042-cuchillo-de-cierre\/","title":{"rendered":"CRKT Provoke Kinematic Responder 4042 Cuchillo de cierre"},"content":{"rendered":"<p>Cuchillo de cierre <strong>CRKT<\/strong> Provoke Kinematic Responder 4042.<\/p>\n<p>Atender. Defender. El cuchillo karambit transformador Provoke\u00ae First Responder es uno de los primeros en presentar la tecnolog\u00eda Kinematic\u00ae, permanece cuidadosamente guardado cuando est\u00e1 en tr\u00e1nsito y cobra vida cuando surge un problema. Y las m\u00faltiples opciones de transporte, adem\u00e1s de un rompecristales, se dise\u00f1aron espec\u00edficamente pensando en hombres y mujeres uniformados.<\/p>\n<p>Aqu\u00ed pensamos en el dise\u00f1ador Joe Caswell como una especie de cient\u00edfico loco. Cuando vimos los bocetos de lo que se convertir\u00eda en el Provok\u00ae, dise\u00f1ado en Newbury Park, California, supimos que estaba destinado a convertirse en uno de los dise\u00f1adores m\u00e1s innovadores que el mundo de los cuchillos haya visto jam\u00e1s. La hoja estilo pico de halc\u00f3n, inspirada en el karambit tradicional, est\u00e1 forjada con acero D2 de primera calidad y recubierta con nitruro de titanio negro para una alta durabilidad y una excelente retenci\u00f3n del filo. Para equipar mejor a los hombres y mujeres de azul, agregamos un rompevidrios en la punta del marco y agregamos una funda con m\u00faltiples opciones de montaje de equipo al Provoke\u00ae First Responder.<\/p>\n<p>El mecanismo de apertura tira de la carpeta hacia el futuro, est\u00e9 lista o no. La presi\u00f3n del pulgar sobre la barra superior desencadena una reacci\u00f3n en cadena, lo que hace que la hoja entre en acci\u00f3n mientras mantienes un agarre firme en el mango. Est\u00e1 fabricado en aluminio aeron\u00e1utico 6061 para m\u00e1xima rigidez. Al m\u00e1s puro estilo Joe, el clip de bolsillo tambi\u00e9n es una novedad mundial: queda casi completamente al ras del mango y tambi\u00e9n se activa con una ligera presi\u00f3n del pulgar.<\/p>\n<p>El Provoke\u00ae First Responder es fuerte cuando se le llama al servicio.<\/p>\n<p>C\u00f3mo funciona Kinematic\u00ae<\/p>\n<p>Empuje su pulgar hacia la barra transversal superior, mientras sus otros dedos agarran el mango firmemente, y la hoja cobra vida y encaja en su lugar. Deslice la discreta palanca en la base del bucle para el dedo y la hoja se retrae a su posici\u00f3n cerrada.<\/p>\n<p>ESPECIFICACIONES<br \/>\nLongitud de la hoja 2,41&#8243; (61,21 mm)<br \/>\nHoja de hoja Lisa<br \/>\nHoja de acero D2<br \/>\nTratamiento superficial de la hoja Nitruro de titanio.<br \/>\nGrosor de la hoja 0,21&#8243; (5,31 mm)<br \/>\nLongitud total 7,25&#8243; (184,15 mm)<br \/>\nLongitud cerrada 5,06&#8243; (128,52 mm)<br \/>\nPeso 6,10 oz (172,93 g)<br \/>\nMango de aluminio<br \/>\nEstilo Navaja plegable con Kinematic\u2122<br \/>\nMaterial de la carcasa Boltaron\u00ae<br \/>\nPeso de la carcasa 31,18 g (1,10 oz)<\/p>\n<p><iframe title=\"CRKT Kinematic | How It Works\" width=\"800\" height=\"450\" src=\"https:\/\/www.youtube.com\/embed\/birKtIe7HRY?feature=oembed\" frameborder=\"0\" allow=\"accelerometer; autoplay; clipboard-write; encrypted-media; gyroscope; picture-in-picture; web-share\" referrerpolicy=\"strict-origin-when-cross-origin\" allowfullscreen><\/iframe><\/p>\n<p>&nbsp;<\/p>\n<p>&nbsp;<\/p>\n","protected":false},"excerpt":{"rendered":"<p>Dise\u00f1ado por Joe Caswell en Newbury Park, California.<br \/>\n<strong>Transporte gratuito.<\/strong><\/p>\n","protected":false},"featured_media":176878,"comment_status":"open","ping_status":"closed","template":"","meta":[],"pwb-brand":[3765],"product_brand":[],"product_cat":[3730,3726],"product_tag":[3756],"class_list":{"0":"post-326750","1":"product","2":"type-product","3":"status-publish","4":"has-post-thumbnail","6":"pwb-brand-crkt-es","7":"product_cat-cuchillas-de-cierre","8":"product_cat-cuchillos","9":"product_tag-b2b-es","11":"first","12":"outofstock","13":"taxable","14":"shipping-taxable","15":"purchasable","16":"product-type-simple"},"brands":[{"id":3765,"name":"CRKT","slug":"crkt-es"}],"_links":{"self":[{"href":"https:\/\/www.moskito.cz\/es\/wp-json\/wp\/v2\/product\/326750","targetHints":{"allow":["GET"]}}],"collection":[{"href":"https:\/\/www.moskito.cz\/es\/wp-json\/wp\/v2\/product"}],"about":[{"href":"https:\/\/www.moskito.cz\/es\/wp-json\/wp\/v2\/types\/product"}],"replies":[{"embeddable":true,"href":"https:\/\/www.moskito.cz\/es\/wp-json\/wp\/v2\/comments?post=326750"}],"wp:featuredmedia":[{"embeddable":true,"href":"https:\/\/www.moskito.cz\/es\/wp-json\/wp\/v2\/media\/176878"}],"wp:attachment":[{"href":"https:\/\/www.moskito.cz\/es\/wp-json\/wp\/v2\/media?parent=326750"}],"wp:term":[{"taxonomy":"pwb-brand","embeddable":true,"href":"https:\/\/www.moskito.cz\/es\/wp-json\/wp\/v2\/pwb-brand?post=326750"},{"taxonomy":"product_brand","embeddable":true,"href":"https:\/\/www.moskito.cz\/es\/wp-json\/wp\/v2\/product_brand?post=326750"},{"taxonomy":"product_cat","embeddable":true,"href":"https:\/\/www.moskito.cz\/es\/wp-json\/wp\/v2\/product_cat?post=326750"},{"taxonomy":"product_tag","embeddable":true,"href":"https:\/\/www.moskito.cz\/es\/wp-json\/wp\/v2\/product_tag?post=326750"}],"curies":[{"name":"wp","href":"https:\/\/api.w.org\/{rel}","templated":true}]}}