{"id":326806,"date":"2023-09-28T10:15:52","date_gmt":"2024-04-05T14:46:12","guid":{"rendered":"https:\/\/www.moskito.cz\/produkt\/cuchillo-de-cierre-crkt-provoke-trainer-4041t\/"},"modified":"2025-05-07T11:08:54","modified_gmt":"2025-05-07T10:08:54","slug":"cuchillo-de-cierre-crkt-provoke-trainer-4041t","status":"publish","type":"product","link":"https:\/\/www.moskito.cz\/es\/produkt\/cuchillo-de-cierre-crkt-provoke-trainer-4041t\/","title":{"rendered":"Cuchillo de cierre CRKT Provoke Trainer 4041T"},"content":{"rendered":"<p>Cuchillo de cierre <strong>CRKT<\/strong> Provoke Trainer 4041T<\/p>\n<p>El Provoke\u00ae Trainer es una versi\u00f3n \u00fanica de nuestro karambit transformador dise\u00f1ado para brindarle una ventaja que ninguna innovaci\u00f3n o material especializado puede ofrecer: el ejercicio.<\/p>\n<p>Con su hoja sin afilar, el Trainer le ofrece una introducci\u00f3n al karambit con riesgo reducido, ideal para los socorristas que necesitan conocer sus herramientas como la palma de su mano antes de entrar en situaciones de alta presi\u00f3n. Por lo dem\u00e1s, el Trainer es totalmente Provoke\u00ae con la misma tecnolog\u00eda innovadora Kinematic\u00ae que mantiene la hoja guardada de forma ordenada y segura hasta que se necesita.<\/p>\n<p>Una innovaci\u00f3n \u00fanica: Kinematic\u00ae despliega la hoja con solo presionar el pulgar<br \/>\nAccesorio pr\u00e1ctico: hoja estilo entrenador para practicar con la l\u00ednea de cuchillos Provoke\u00ae<br \/>\nSencillo y duradero: el mango moldeado por inyecci\u00f3n es resistente a los impactos<br \/>\nCaracter\u00edstica \u00fanica: clip empotrado para un transporte seguro<\/p>\n<p>Hoja de acero 420J2<br \/>\nBorde de la hoja liso<br \/>\nAcabado de la hoja lavado a la piedra<\/p>\n<p>Longitud de la hoja: 6,30 cm<br \/>\nGrosor de la hoja 0,52 cm.<br \/>\nLargo cerrado: 12,5 cm<br \/>\nPeso: 138,91 gramos<\/p>\n<p>Material del mango Grivory\u00ae<br \/>\nElegante navaja plegable con Kinematic\u00ae<br \/>\nN\u00famero de patente 10737400<\/p>\n<p>&nbsp;<\/p>\n<p>&nbsp;<\/p>\n","protected":false},"excerpt":{"rendered":"<p><strong>Dise\u00f1adorJoe CaswellNewbury Park, California<\/strong><\/p>\n<p><strong>Soldador con patr\u00f3n de espada vikinga. Inventor. Dise\u00f1ador de cuchillos personalizados. Es seguro decir que Joe est\u00e1 hecho de una tela especial. Y ahora puede a\u00f1adir \u201cdisruptor de la industria\u201d a su curr\u00edculum. Con el lanzamiento del Kinematic, contin\u00faa asegurando su posici\u00f3n entre los mejores cuchillos del mundo. Desde sus humildes comienzos en su forja casera en el garaje de su apartamento alquilado, se ha hecho un nombre trabajando duro hasta altas horas de la noche, y estamos ansiosos por ver qu\u00e9 surge de su inspirada creatividad a continuaci\u00f3n.<\/strong><\/p>\n<p>&nbsp;<\/p>\n","protected":false},"featured_media":326807,"comment_status":"open","ping_status":"closed","template":"","meta":[],"pwb-brand":[3765],"product_brand":[],"product_cat":[3730,3726],"product_tag":[3756],"class_list":{"0":"post-326806","1":"product","2":"type-product","3":"status-publish","4":"has-post-thumbnail","6":"pwb-brand-crkt-es","7":"product_cat-cuchillas-de-cierre","8":"product_cat-cuchillos","9":"product_tag-b2b-es","11":"first","12":"instock","13":"taxable","14":"shipping-taxable","15":"purchasable","16":"product-type-simple"},"brands":[{"id":3765,"name":"CRKT","slug":"crkt-es"}],"_links":{"self":[{"href":"https:\/\/www.moskito.cz\/es\/wp-json\/wp\/v2\/product\/326806","targetHints":{"allow":["GET"]}}],"collection":[{"href":"https:\/\/www.moskito.cz\/es\/wp-json\/wp\/v2\/product"}],"about":[{"href":"https:\/\/www.moskito.cz\/es\/wp-json\/wp\/v2\/types\/product"}],"replies":[{"embeddable":true,"href":"https:\/\/www.moskito.cz\/es\/wp-json\/wp\/v2\/comments?post=326806"}],"wp:featuredmedia":[{"embeddable":true,"href":"https:\/\/www.moskito.cz\/es\/wp-json\/wp\/v2\/media\/326807"}],"wp:attachment":[{"href":"https:\/\/www.moskito.cz\/es\/wp-json\/wp\/v2\/media?parent=326806"}],"wp:term":[{"taxonomy":"pwb-brand","embeddable":true,"href":"https:\/\/www.moskito.cz\/es\/wp-json\/wp\/v2\/pwb-brand?post=326806"},{"taxonomy":"product_brand","embeddable":true,"href":"https:\/\/www.moskito.cz\/es\/wp-json\/wp\/v2\/product_brand?post=326806"},{"taxonomy":"product_cat","embeddable":true,"href":"https:\/\/www.moskito.cz\/es\/wp-json\/wp\/v2\/product_cat?post=326806"},{"taxonomy":"product_tag","embeddable":true,"href":"https:\/\/www.moskito.cz\/es\/wp-json\/wp\/v2\/product_tag?post=326806"}],"curies":[{"name":"wp","href":"https:\/\/api.w.org\/{rel}","templated":true}]}}