{"id":326831,"date":"2023-10-04T10:04:27","date_gmt":"2024-04-05T14:48:34","guid":{"rendered":"https:\/\/www.moskito.cz\/produkt\/estuche-crkt-provoke-funda-compacta-d4045\/"},"modified":"2025-05-07T11:08:55","modified_gmt":"2025-05-07T10:08:55","slug":"estuche-crkt-provoke-funda-compacta-d4045","status":"publish","type":"product","link":"https:\/\/www.moskito.cz\/es\/produkt\/estuche-crkt-provoke-funda-compacta-d4045\/","title":{"rendered":"Estuche CRKT Provoke Funda compacta D4045"},"content":{"rendered":"<p>Estuche <strong>CRKT<\/strong> Provoke Funda compacta D4045<\/p>\n<p>\u00bfNecesitas un estuche para cuchillos Provoke\u00ae Compact? Lo tenemos para ti.<\/p>\n<p>Fabricada con termopl\u00e1stico resistente y duradero formado al vac\u00edo, esta funda mantendr\u00e1 su espada de halc\u00f3n guardada de forma segura en su nido hasta que la provoquen. La funda viene con un conjunto de clips compatibles con equipos para abordar las necesidades t\u00e1cticas y de cintur\u00f3n. La funda protege completamente la hoja del cuchillo y la asegura a su gusto con m\u00faltiples opciones de clip y transporte. Esta funda es adecuada para el cuchillo compacto Provoke\u00ae 4045.<\/p>\n<p>Adecuado para el cuchillo compacto Provoke\u00ae 4045<br \/>\nCompatible con engranajes: carcasa termopl\u00e1stica duradera con opci\u00f3n de montaje<br \/>\nCompatible con equipos: el juego de clips ofrece m\u00faltiples opciones de transporte<\/p>\n<p>Peso 1,90 onzas. (53,86 g)<\/p>\n<p>Caso elegante<br \/>\nMaterial de la carcasa Boltaron\u00ae<\/p>\n<p>&nbsp;<\/p>\n<p>&nbsp;<\/p>\n","protected":false},"excerpt":{"rendered":"<p><strong>\u00bfNecesitas un estuche para cuchillos Provoke\u00ae Compact? Lo tenemos para ti.<\/strong><\/p>\n","protected":false},"featured_media":326832,"comment_status":"open","ping_status":"closed","template":"","meta":[],"pwb-brand":[3765],"product_brand":[],"product_cat":[3730,3726],"product_tag":[3756],"class_list":{"0":"post-326831","1":"product","2":"type-product","3":"status-publish","4":"has-post-thumbnail","6":"pwb-brand-crkt-es","7":"product_cat-cuchillas-de-cierre","8":"product_cat-cuchillos","9":"product_tag-b2b-es","11":"first","12":"instock","13":"taxable","14":"shipping-taxable","15":"purchasable","16":"product-type-simple"},"brands":[{"id":3765,"name":"CRKT","slug":"crkt-es"}],"_links":{"self":[{"href":"https:\/\/www.moskito.cz\/es\/wp-json\/wp\/v2\/product\/326831","targetHints":{"allow":["GET"]}}],"collection":[{"href":"https:\/\/www.moskito.cz\/es\/wp-json\/wp\/v2\/product"}],"about":[{"href":"https:\/\/www.moskito.cz\/es\/wp-json\/wp\/v2\/types\/product"}],"replies":[{"embeddable":true,"href":"https:\/\/www.moskito.cz\/es\/wp-json\/wp\/v2\/comments?post=326831"}],"wp:featuredmedia":[{"embeddable":true,"href":"https:\/\/www.moskito.cz\/es\/wp-json\/wp\/v2\/media\/326832"}],"wp:attachment":[{"href":"https:\/\/www.moskito.cz\/es\/wp-json\/wp\/v2\/media?parent=326831"}],"wp:term":[{"taxonomy":"pwb-brand","embeddable":true,"href":"https:\/\/www.moskito.cz\/es\/wp-json\/wp\/v2\/pwb-brand?post=326831"},{"taxonomy":"product_brand","embeddable":true,"href":"https:\/\/www.moskito.cz\/es\/wp-json\/wp\/v2\/product_brand?post=326831"},{"taxonomy":"product_cat","embeddable":true,"href":"https:\/\/www.moskito.cz\/es\/wp-json\/wp\/v2\/product_cat?post=326831"},{"taxonomy":"product_tag","embeddable":true,"href":"https:\/\/www.moskito.cz\/es\/wp-json\/wp\/v2\/product_tag?post=326831"}],"curies":[{"name":"wp","href":"https:\/\/api.w.org\/{rel}","templated":true}]}}