{"id":326895,"date":"2022-08-23T21:26:05","date_gmt":"2024-04-05T14:49:31","guid":{"rendered":"https:\/\/www.moskito.cz\/produkt\/cuchillo-cerrador-crkt-provoke-compact-4045\/"},"modified":"2025-05-07T11:08:57","modified_gmt":"2025-05-07T10:08:57","slug":"cuchillo-cerrador-crkt-provoke-compact-4045","status":"publish","type":"product","link":"https:\/\/www.moskito.cz\/es\/produkt\/cuchillo-cerrador-crkt-provoke-compact-4045\/","title":{"rendered":"Cuchillo Cerrador CRKT PROVOKE COMPACT 4045"},"content":{"rendered":"<p>Cuchillo Cerrador <strong>CRKT<\/strong> PROVOKE COMPACT 4045.<\/p>\n<p>Energ\u00eda en tu bolsillo.<\/p>\n<p>El Provoke\u00ae Compact es un cl\u00e1sico reinventado y redise\u00f1ado para ser un dispositivo ultraport\u00e1til para llevar todos los d\u00edas. Su robusto mango de aluminio con rendimiento en un tama\u00f1o compacto contribuye a su dise\u00f1o ultraligero que tambi\u00e9n funciona como el transporte perfecto para defensa personal. Gracias a la tecnolog\u00eda Kinematic\u00ae, permanece perfectamente oculto durante el transporte y cobra vida cuando se solicita servicio t\u00e9cnico.<br \/>\nUna innovaci\u00f3n \u00fanica: Kinematic\u00ae despliega la hoja con solo presionar el pulgar<br \/>\nRendimiento superior: hoja de acero D2 para una retenci\u00f3n superior de la hoja<br \/>\nFuerte y ligero: el mango de aluminio combina resistencia con un peso m\u00ednimo<br \/>\nPerfil bajo: el clip de bolsillo garantiza un transporte seguro<\/p>\n<p>ESPECIFICACIONES<br \/>\nLongitud de la hoja 2,26&#8243; (57,33 mm)<br \/>\nHoja de hoja Lisa<br \/>\nHoja de acero D2<br \/>\nAcabado de la hoja lavado a la piedra<br \/>\nGrosor de la hoja 0,15&#8243; (3,73 mm)<br \/>\nLongitud total 6,63&#8243; (168,28 mm)<br \/>\nLongitud cerrada 4,54&#8243; (115,42 mm)<br \/>\nPeso 4,40 oz (124,74 g)<br \/>\nMango de aluminio<br \/>\nEstilo Navaja plegable con Kinematic\u2122<\/p>\n","protected":false},"excerpt":{"rendered":"<p>Dise\u00f1ado por Joe Caswell en Newbury Park, California.<\/p>\n","protected":false},"featured_media":326898,"comment_status":"open","ping_status":"closed","template":"","meta":[],"pwb-brand":[3765],"product_brand":[],"product_cat":[3730,3726],"product_tag":[3756],"class_list":{"0":"post-326895","1":"product","2":"type-product","3":"status-publish","4":"has-post-thumbnail","6":"pwb-brand-crkt-es","7":"product_cat-cuchillas-de-cierre","8":"product_cat-cuchillos","9":"product_tag-b2b-es","11":"first","12":"outofstock","13":"sale","14":"taxable","15":"shipping-taxable","16":"purchasable","17":"product-type-simple"},"brands":[{"id":3765,"name":"CRKT","slug":"crkt-es"}],"_links":{"self":[{"href":"https:\/\/www.moskito.cz\/es\/wp-json\/wp\/v2\/product\/326895","targetHints":{"allow":["GET"]}}],"collection":[{"href":"https:\/\/www.moskito.cz\/es\/wp-json\/wp\/v2\/product"}],"about":[{"href":"https:\/\/www.moskito.cz\/es\/wp-json\/wp\/v2\/types\/product"}],"replies":[{"embeddable":true,"href":"https:\/\/www.moskito.cz\/es\/wp-json\/wp\/v2\/comments?post=326895"}],"wp:featuredmedia":[{"embeddable":true,"href":"https:\/\/www.moskito.cz\/es\/wp-json\/wp\/v2\/media\/326898"}],"wp:attachment":[{"href":"https:\/\/www.moskito.cz\/es\/wp-json\/wp\/v2\/media?parent=326895"}],"wp:term":[{"taxonomy":"pwb-brand","embeddable":true,"href":"https:\/\/www.moskito.cz\/es\/wp-json\/wp\/v2\/pwb-brand?post=326895"},{"taxonomy":"product_brand","embeddable":true,"href":"https:\/\/www.moskito.cz\/es\/wp-json\/wp\/v2\/product_brand?post=326895"},{"taxonomy":"product_cat","embeddable":true,"href":"https:\/\/www.moskito.cz\/es\/wp-json\/wp\/v2\/product_cat?post=326895"},{"taxonomy":"product_tag","embeddable":true,"href":"https:\/\/www.moskito.cz\/es\/wp-json\/wp\/v2\/product_tag?post=326895"}],"curies":[{"name":"wp","href":"https:\/\/api.w.org\/{rel}","templated":true}]}}