{"id":327004,"date":"2024-04-06T20:04:27","date_gmt":"2024-04-06T19:05:26","guid":{"rendered":"https:\/\/www.moskito.cz\/produkt\/cuchillo-de-cierre-crkt-padawan-6070\/"},"modified":"2025-05-07T11:08:58","modified_gmt":"2025-05-07T10:08:58","slug":"cuchillo-de-cierre-crkt-padawan-6070","status":"publish","type":"product","link":"https:\/\/www.moskito.cz\/es\/produkt\/cuchillo-de-cierre-crkt-padawan-6070\/","title":{"rendered":"Cuchillo de cierre CRKT Padawan 6070"},"content":{"rendered":"<p>Cuchillo de cierre <strong>CRKT<\/strong> Padawan 6070<\/p>\n<p>\u00bfPor qu\u00e9 llamarlo <strong>Padawan<\/strong> ? El aprendizaje de Buzetti como el renombrado cuchillero Flavio Ikoma, conocido como \u00abEl Maestro\u00bb, fue la inspiraci\u00f3n perfecta para el debut de su primer dise\u00f1o. El primer dise\u00f1o de cuchillo de Pedro Buzetti con <strong>CRKT<\/strong> , este capaz cuchillo plegable fue creado para brindar forma y funci\u00f3n, con una hoja con punta hecha de acero 14C28N y un atractivo revestimiento de micarta en el mango para un mejor agarre. El bloqueo del marco se ha modificado para mantener la hoja segura y el clip permite que la navaja quede en la parte baja del bolsillo. Padawan est\u00e1 disponible en dos versiones.<\/p>\n<p>Especificaciones:<br \/>\nEl acero de hoja Sandvik 14C28N conserva su filo<br \/>\nEl pasador de rodamiento de bolas IKBS encaja suavemente en la hoja<br \/>\nFlipper extiende r\u00e1pidamente la hoja.<\/p>\n<p>Especificaciones<br \/>\nLongitud de la hoja: 7,64 cm<br \/>\nLongitud del mango: 10,52 cm<br \/>\nLongitud total: 18,09 cm<br \/>\nMaterial de la hoja: Acero inoxidable Sandvik 14C28N<br \/>\nEstilo de hoja: Punto de ca\u00edda<br \/>\nAcabado de la hoja: satinado cepillado<br \/>\nMaterial del mango: Acero inoxidable con revestimiento de Micarta marr\u00f3n<br \/>\nMecanismo de bloqueo: Bloqueo de marco<br \/>\nClip de bolsillo: abatible, para uso en la mano derecha<br \/>\nPeso: 3,10 onzas. (87,88 g)<br \/>\nDise\u00f1ador: Pedro Buzetti<\/p>\n<p><iframe title=\"CRKT Padawan Frame Lock | Pedro Buzetti Design\" width=\"800\" height=\"450\" src=\"https:\/\/www.youtube.com\/embed\/6YZEVM4HSiM?feature=oembed\" frameborder=\"0\" allow=\"accelerometer; autoplay; clipboard-write; encrypted-media; gyroscope; picture-in-picture; web-share\" referrerpolicy=\"strict-origin-when-cross-origin\" allowfullscreen><\/iframe><\/p>\n<p>&nbsp;<\/p>\n<p>&nbsp;<\/p>\n","protected":false},"excerpt":{"rendered":"<p><strong>Formado formalmente en arquitectura, el brasile\u00f1o Pedro Buzetti abraza el lema \u00abforma y funci\u00f3n, no una encima de la otra\u00bb. Esta armon\u00eda es evidente en su trabajo personalizado y cobra vida en la navaja plegable Padawan, la primera colaboraci\u00f3n de Pedro con CRKT. Como parte de una larga tradici\u00f3n de tutor\u00eda entre fabricantes de cuchillos, Pedro estudi\u00f3 con el renombrado fabricante Flavio Ikoma, inventor de la cerradura Deadbolt\u00ae y del pasador con rodamiento de bolas IKBS\u2122. Mientras estaba bajo la atenta mirada de Flavio, Pedro perfeccion\u00f3 sus habilidades t\u00e9cnicas y refin\u00f3 su enfoque de dise\u00f1o, lo que dio como resultado cuchillos perfectamente equilibrados con elementos de dise\u00f1o sutiles inspirados en la est\u00e9tica caracter\u00edstica de su mentor. El perfeccionismo \u2013otro rasgo imbuido de Flavio\u2013 es una constante en el trabajo de Pedro, siendo cada pieza terminada mejor que la anterior, por marginal que sea la mejora.<\/strong>.<\/p>\n","protected":false},"featured_media":326962,"comment_status":"open","ping_status":"closed","template":"","meta":[],"pwb-brand":[3765],"product_brand":[],"product_cat":[3730,3726],"product_tag":[3756],"class_list":{"0":"post-327004","1":"product","2":"type-product","3":"status-publish","4":"has-post-thumbnail","6":"pwb-brand-crkt-es","7":"product_cat-cuchillas-de-cierre","8":"product_cat-cuchillos","9":"product_tag-b2b-es","11":"first","12":"outofstock","13":"sale","14":"taxable","15":"shipping-taxable","16":"purchasable","17":"product-type-simple"},"brands":[{"id":3765,"name":"CRKT","slug":"crkt-es"}],"_links":{"self":[{"href":"https:\/\/www.moskito.cz\/es\/wp-json\/wp\/v2\/product\/327004","targetHints":{"allow":["GET"]}}],"collection":[{"href":"https:\/\/www.moskito.cz\/es\/wp-json\/wp\/v2\/product"}],"about":[{"href":"https:\/\/www.moskito.cz\/es\/wp-json\/wp\/v2\/types\/product"}],"replies":[{"embeddable":true,"href":"https:\/\/www.moskito.cz\/es\/wp-json\/wp\/v2\/comments?post=327004"}],"wp:featuredmedia":[{"embeddable":true,"href":"https:\/\/www.moskito.cz\/es\/wp-json\/wp\/v2\/media\/326962"}],"wp:attachment":[{"href":"https:\/\/www.moskito.cz\/es\/wp-json\/wp\/v2\/media?parent=327004"}],"wp:term":[{"taxonomy":"pwb-brand","embeddable":true,"href":"https:\/\/www.moskito.cz\/es\/wp-json\/wp\/v2\/pwb-brand?post=327004"},{"taxonomy":"product_brand","embeddable":true,"href":"https:\/\/www.moskito.cz\/es\/wp-json\/wp\/v2\/product_brand?post=327004"},{"taxonomy":"product_cat","embeddable":true,"href":"https:\/\/www.moskito.cz\/es\/wp-json\/wp\/v2\/product_cat?post=327004"},{"taxonomy":"product_tag","embeddable":true,"href":"https:\/\/www.moskito.cz\/es\/wp-json\/wp\/v2\/product_tag?post=327004"}],"curies":[{"name":"wp","href":"https:\/\/api.w.org\/{rel}","templated":true}]}}