{"id":327052,"date":"2022-08-22T20:51:46","date_gmt":"2024-04-08T12:58:14","guid":{"rendered":"https:\/\/www.moskito.cz\/produkt\/cuchillo-cerrador-crkt-provoke-naranja-4041o\/"},"modified":"2025-05-07T11:09:00","modified_gmt":"2025-05-07T10:09:00","slug":"cuchillo-cerrador-crkt-provoke-naranja-4041o","status":"publish","type":"product","link":"https:\/\/www.moskito.cz\/es\/produkt\/cuchillo-cerrador-crkt-provoke-naranja-4041o\/","title":{"rendered":"Cuchillo Cerrador CRKT PROVOKE NARANJA 4041O"},"content":{"rendered":"<p>Cuchillo Cierre <strong>CRKT<\/strong> PROVOKE NARANJA 4041O.<\/p>\n<p>Atender. Defender. El cuchillo karambit transformador Provoke\u00ae Orange se basa en un dise\u00f1o antiguo pero esconde un secreto futurista. El primer cuchillo con tecnolog\u00eda Kinematic\u00ae, permanece cuidadosamente guardado durante el transporte y cobra vida cuando surge un problema. Ahora fabricado con Grivory\u00ae, un termopl\u00e1stico de ingenier\u00eda resistente y liviano, es m\u00e1s liviano, m\u00e1s \u00e1gil y est\u00e1 dise\u00f1ado para ir a cualquier parte.<\/p>\n<p>Aqu\u00ed pensamos en el dise\u00f1ador Joe Caswell como una especie de cient\u00edfico loco. Cuando vimos los bocetos de lo que se convertir\u00eda en el Provok\u00ae, dise\u00f1ado en Newbury Park, California, supimos que estaba destinado a convertirse en uno de los dise\u00f1adores m\u00e1s innovadores que el mundo de los cuchillos haya visto jam\u00e1s. Siguiendo el modelo de un karambit tradicional, la hoja estilo halc\u00f3n negro est\u00e1 hecha de acero inoxidable de calidad piedra.<\/p>\n<p>El mecanismo de apertura tira de la carpeta hacia el futuro, est\u00e9 lista o no. La presi\u00f3n del pulgar sobre la barra superior desencadena una reacci\u00f3n en cadena, lo que hace que la hoja entre en acci\u00f3n mientras mantienes un agarre firme en el mango. Est\u00e1 confeccionado con Grivory\u00ae naranja, un termopl\u00e1stico liviano y s\u00faper duradero para un f\u00e1cil transporte y una transici\u00f3n perfecta al uso diario. Al m\u00e1s puro estilo Joe, el clip de bolsillo tambi\u00e9n es una novedad mundial: queda casi completamente al ras del mango y tambi\u00e9n se activa con una ligera presi\u00f3n del pulgar.<\/p>\n<p>Provocar\u00ae<br \/>\nes fuerte cuando se le pide que sirva.<\/p>\n<p>C\u00f3mo funciona Kinematic\u00ae<br \/>\nEmpuje su pulgar hacia la barra transversal superior, mientras sus otros dedos agarran el mango firmemente, y la hoja cobra vida y encaja en su lugar. Deslice la discreta palanca en la base del bucle para el dedo y la hoja se retrae a su posici\u00f3n cerrada.<\/p>\n<p>ESPECIFICACIONES<br \/>\nLongitud de la hoja 2,47&#8243; (62,69 mm)<br \/>\nHoja de hoja Lisa<br \/>\nHoja de acero 1.4116<br \/>\nAcabado de la hoja lavado a la piedra<br \/>\nGrosor de la hoja 0,21&#8243; (5,38 mm)<br \/>\nLongitud total 7,19&#8243; (182,58 mm)<br \/>\nLongitud cerrada 4,96&#8243; (125,88 mm)<br \/>\nPeso 4,70 oz (133,24 g)<br \/>\nMango Grivory\u00ae<br \/>\nEstilo Navaja plegable con Kinematic\u2122<\/p>\n<p><iframe title=\"CRKT PROVOKE\u2122 ORANGE | Joe Caswell Design\" width=\"800\" height=\"450\" src=\"https:\/\/www.youtube.com\/embed\/QMMSMFwqDe4?feature=oembed\" frameborder=\"0\" allow=\"accelerometer; autoplay; clipboard-write; encrypted-media; gyroscope; picture-in-picture; web-share\" referrerpolicy=\"strict-origin-when-cross-origin\" allowfullscreen><\/iframe><\/p>\n<p>&nbsp;<\/p>\n","protected":false},"excerpt":{"rendered":"<p>Dise\u00f1ado por Joe Caswell en Newbury Park, California.<\/p>\n","protected":false},"featured_media":327053,"comment_status":"open","ping_status":"closed","template":"","meta":[],"pwb-brand":[3765],"product_brand":[],"product_cat":[3730,3726],"product_tag":[3756],"class_list":{"0":"post-327052","1":"product","2":"type-product","3":"status-publish","4":"has-post-thumbnail","6":"pwb-brand-crkt-es","7":"product_cat-cuchillas-de-cierre","8":"product_cat-cuchillos","9":"product_tag-b2b-es","11":"first","12":"instock","13":"taxable","14":"shipping-taxable","15":"purchasable","16":"product-type-simple"},"brands":[{"id":3765,"name":"CRKT","slug":"crkt-es"}],"_links":{"self":[{"href":"https:\/\/www.moskito.cz\/es\/wp-json\/wp\/v2\/product\/327052","targetHints":{"allow":["GET"]}}],"collection":[{"href":"https:\/\/www.moskito.cz\/es\/wp-json\/wp\/v2\/product"}],"about":[{"href":"https:\/\/www.moskito.cz\/es\/wp-json\/wp\/v2\/types\/product"}],"replies":[{"embeddable":true,"href":"https:\/\/www.moskito.cz\/es\/wp-json\/wp\/v2\/comments?post=327052"}],"wp:featuredmedia":[{"embeddable":true,"href":"https:\/\/www.moskito.cz\/es\/wp-json\/wp\/v2\/media\/327053"}],"wp:attachment":[{"href":"https:\/\/www.moskito.cz\/es\/wp-json\/wp\/v2\/media?parent=327052"}],"wp:term":[{"taxonomy":"pwb-brand","embeddable":true,"href":"https:\/\/www.moskito.cz\/es\/wp-json\/wp\/v2\/pwb-brand?post=327052"},{"taxonomy":"product_brand","embeddable":true,"href":"https:\/\/www.moskito.cz\/es\/wp-json\/wp\/v2\/product_brand?post=327052"},{"taxonomy":"product_cat","embeddable":true,"href":"https:\/\/www.moskito.cz\/es\/wp-json\/wp\/v2\/product_cat?post=327052"},{"taxonomy":"product_tag","embeddable":true,"href":"https:\/\/www.moskito.cz\/es\/wp-json\/wp\/v2\/product_tag?post=327052"}],"curies":[{"name":"wp","href":"https:\/\/api.w.org\/{rel}","templated":true}]}}