{"id":327222,"date":"2020-12-19T17:35:19","date_gmt":"2024-04-08T13:24:22","guid":{"rendered":"https:\/\/www.moskito.cz\/produkt\/cuchillo-de-cierre-crkt-provoke-4040\/"},"modified":"2025-07-11T07:53:17","modified_gmt":"2025-07-11T06:53:17","slug":"cuchillo-de-cierre-crkt-provoke-4040","status":"publish","type":"product","link":"https:\/\/www.moskito.cz\/es\/produkt\/cuchillo-de-cierre-crkt-provoke-4040\/","title":{"rendered":"Cuchillo de cierre CRKT PROVOKE 4040"},"content":{"rendered":"<p>Cuchillo de cierre <strong>CRKT<\/strong> PROVOKE 4040.<\/p>\n<p>Atender. Defender. El cuchillo karambit transformador Provoke\u00ae se basa en un dise\u00f1o antiguo pero esconde un secreto futurista. El primer cuchillo con tecnolog\u00eda Kinematic\u00ae, permanece cuidadosamente guardado durante el transporte y cobra vida cuando surge un problema.<\/p>\n<p>Aqu\u00ed pensamos en el dise\u00f1ador Joe Caswell como una especie de cient\u00edfico loco. Cuando vimos los bocetos de lo que se convertir\u00eda en el Provok\u00ae, dise\u00f1ado en Newbury Park, California, supimos que estaba destinado a convertirse en uno de los dise\u00f1adores m\u00e1s innovadores que el mundo de los cuchillos haya visto jam\u00e1s. La hoja estilo pico de halc\u00f3n, modelada seg\u00fan el karambit tradicional, est\u00e1 forjada con acero D2 de primera calidad para una alta durabilidad y una excelente retenci\u00f3n del filo.<\/p>\n<p>El mecanismo de apertura tira de la carpeta hacia el futuro, est\u00e9 lista o no. La presi\u00f3n del pulgar sobre la barra superior desencadena una reacci\u00f3n en cadena, lo que hace que la hoja entre en acci\u00f3n mientras mantienes un agarre firme en el mango. Est\u00e1 fabricado en aluminio aeron\u00e1utico 6061 para m\u00e1xima rigidez. Al m\u00e1s puro estilo Joe, el clip de bolsillo tambi\u00e9n es una novedad mundial: queda casi completamente al ras del mango y tambi\u00e9n se activa con una ligera presi\u00f3n del pulgar.<\/p>\n<p>Provoke\u00ae es poderoso cuando se llama al servicio.<\/p>\n<p>C\u00f3mo funciona Kinematic\u00ae<br \/>\nUse su pulgar para empujar la barra superior, mientras mantiene un agarre firme en el mango con los otros dedos, y la hoja cobra vida y encaja en su lugar. Deslice la discreta palanca en la base del bucle para el dedo y la hoja se retrae a su posici\u00f3n cerrada.<\/p>\n<p>ESPECIFICACIONES<br \/>\nLongitud de la hoja 2,41&#8243; (61,21 mm)<br \/>\nHoja de hoja Lisa<br \/>\nHoja de acero D2<br \/>\nTratamiento superficial de la hoja Nitruro de titanio.<br \/>\nGrosor de la hoja 0,21&#8243; (5,31 mm)<br \/>\nLongitud total 7,25&#8243; (184,15 mm)<br \/>\nLongitud cerrada 4,96&#8243; (125,98 mm)<br \/>\nPeso 6,10 oz (172,93 g)<br \/>\nMango de aluminio<br \/>\nEstilo Navaja plegable con Kinematic\u2122<\/p>\n<p><iframe title=\"CRKT Kinematic | How It Works\" width=\"800\" height=\"450\" src=\"https:\/\/www.youtube.com\/embed\/birKtIe7HRY?feature=oembed\" frameborder=\"0\" allow=\"accelerometer; autoplay; clipboard-write; encrypted-media; gyroscope; picture-in-picture; web-share\" referrerpolicy=\"strict-origin-when-cross-origin\" allowfullscreen><\/iframe><\/p>\n<p>&nbsp;<\/p>\n","protected":false},"excerpt":{"rendered":"<p>Dise\u00f1ado por Joe Caswell en Newbury Park, California.<\/p>\n<p>Transporte gratuito.<\/p>\n","protected":false},"featured_media":176869,"comment_status":"open","ping_status":"closed","template":"","meta":[],"pwb-brand":[3765],"product_brand":[],"product_cat":[3730,3726],"product_tag":[3756],"class_list":{"0":"post-327222","1":"product","2":"type-product","3":"status-publish","4":"has-post-thumbnail","6":"pwb-brand-crkt-es","7":"product_cat-cuchillas-de-cierre","8":"product_cat-cuchillos","9":"product_tag-b2b-es","11":"first","12":"outofstock","13":"sale","14":"taxable","15":"shipping-taxable","16":"purchasable","17":"product-type-simple"},"brands":[{"id":3765,"name":"CRKT","slug":"crkt-es"}],"_links":{"self":[{"href":"https:\/\/www.moskito.cz\/es\/wp-json\/wp\/v2\/product\/327222","targetHints":{"allow":["GET"]}}],"collection":[{"href":"https:\/\/www.moskito.cz\/es\/wp-json\/wp\/v2\/product"}],"about":[{"href":"https:\/\/www.moskito.cz\/es\/wp-json\/wp\/v2\/types\/product"}],"replies":[{"embeddable":true,"href":"https:\/\/www.moskito.cz\/es\/wp-json\/wp\/v2\/comments?post=327222"}],"wp:featuredmedia":[{"embeddable":true,"href":"https:\/\/www.moskito.cz\/es\/wp-json\/wp\/v2\/media\/176869"}],"wp:attachment":[{"href":"https:\/\/www.moskito.cz\/es\/wp-json\/wp\/v2\/media?parent=327222"}],"wp:term":[{"taxonomy":"pwb-brand","embeddable":true,"href":"https:\/\/www.moskito.cz\/es\/wp-json\/wp\/v2\/pwb-brand?post=327222"},{"taxonomy":"product_brand","embeddable":true,"href":"https:\/\/www.moskito.cz\/es\/wp-json\/wp\/v2\/product_brand?post=327222"},{"taxonomy":"product_cat","embeddable":true,"href":"https:\/\/www.moskito.cz\/es\/wp-json\/wp\/v2\/product_cat?post=327222"},{"taxonomy":"product_tag","embeddable":true,"href":"https:\/\/www.moskito.cz\/es\/wp-json\/wp\/v2\/product_tag?post=327222"}],"curies":[{"name":"wp","href":"https:\/\/api.w.org\/{rel}","templated":true}]}}