{"id":327381,"date":"2022-08-20T23:08:29","date_gmt":"2024-04-08T13:51:50","guid":{"rendered":"https:\/\/www.moskito.cz\/produkt\/cuchillo-de-cierre-crkt-m21-14dsfg\/"},"modified":"2025-05-07T11:09:10","modified_gmt":"2025-05-07T10:09:10","slug":"cuchillo-de-cierre-crkt-m21-14dsfg","status":"publish","type":"product","link":"https:\/\/www.moskito.cz\/es\/produkt\/cuchillo-de-cierre-crkt-m21-14dsfg\/","title":{"rendered":"Cuchillo de cierre CRKT M21-14DSFG"},"content":{"rendered":"<p>Cuchillo de cierre <strong>CRKT<\/strong> M21-14DSFG.<\/p>\n<p>En el proceso de desarrollo de nuestra l\u00ednea Carson de modelos G10 M21\u2122 de fuerzas especiales, qued\u00f3 claro que hab\u00eda una demanda de estos modelos por parte de las fuerzas de la coalici\u00f3n que serv\u00edan en un entorno des\u00e9rtico. Estos modelos tienen una hoja y cachas Desert Tan.<br \/>\n6,5 oz (184 g).<\/p>\n<p>Al igual que su hom\u00f3logo t\u00e1ctico negro, este cuchillo comparte un dise\u00f1o \u00fanico que ofrece la combinaci\u00f3n de caracter\u00edsticas de la serie Carson SF que exig\u00edan los especialistas militares contratados. Tiene una combinaci\u00f3n de borde dentado Razor-Sharp y patentado (1) Veff\u2122. El dise\u00f1o abierto permite incorporar dos Carson Flippers, lo que da como resultado un verdadero mango, algo hasta ahora poco com\u00fan en navajas plegables.<\/p>\n<p>La hoja y las escamas son Desert Tan no reflectantes. La hoja de acero inoxidable 8Cr14MoV de \u00faltima generaci\u00f3n est\u00e1 recubierta con nitruro de titanio para una m\u00e1xima resistencia a la corrosi\u00f3n. Los tachuelas para el pulgar con la marca a cuadros dobles son est\u00e1ndar. Abrir y cerrar con una mano es r\u00e1pido y suave.<\/p>\n<p>La construcci\u00f3n abierta InterFrame utiliza escalas Desert Tan de G10 e inserciones de acero inoxidable con ranuras de fricci\u00f3n. A menudo se prefiere el G10 por su agarre agresivo, peso ligero y propiedades aislantes que lo hacen m\u00e1s fresco en el calor y m\u00e1s c\u00e1lido en el fr\u00edo que el metal.<\/p>\n<p>Tambi\u00e9n cuenta con nuestra seguridad de inserci\u00f3n autom\u00e1tica. Automated Insert Security es una innovaci\u00f3n en la seguridad de insertos de bloqueo que se ha llevado al siguiente nivel. El bloqueo de inserci\u00f3n automatizado coloca el pasador entre el inserto de bloqueo y el marco. Este pasador act\u00faa como una capa adicional de seguridad, lo que hace menos probable que el inserto de bloqueo se suelte durante el uso.<\/p>\n<p>Para cerrar el cuchillo, tire hacia atr\u00e1s la palanca de seguridad con el bot\u00f3n rojo, mueva el inserto de bloqueo y pliegue la hoja a la posici\u00f3n cerrada. \u00bfQuieres uno de los sistemas de seguridad m\u00e1s seguros del mercado? La selecci\u00f3n es autom\u00e1tica.<\/p>\n<p>Todos los cuchillos de esta serie cuentan con opciones de clip que permiten transportarlos con cintur\u00f3n o cabestrillo en cuatro posiciones: inclinar hacia arriba, inclinar hacia abajo, hacia la izquierda o hacia la derecha. (Advertencia: estos cuchillos no est\u00e1n dise\u00f1ados para llevarse en un bolsillo abatible).<\/p>\n<p>Son cuchillos especiales dise\u00f1ados por militares para uso de fuerzas especiales en el desierto.<\/p>\n<p>ESPECIFICACIONES<br \/>\nLongitud de la hoja 3,98&#8243; (101,04 mm)<br \/>\nFilo de hoja Veff Serrations\u2122<br \/>\nHoja de acero 1.4116<br \/>\nTratamiento superficial de la hoja Nitruro de titanio.<br \/>\nGrosor de la hoja 0,14&#8243; (3,45 mm)<br \/>\nLongitud total 9,34&#8243; (237,34 mm)<br \/>\nLongitud cerrada 5,34&#8243; (135,64 mm)<br \/>\nPeso 6,60 onzas. (187,11 gramos)<br \/>\nmango G10<br \/>\nNavaja plegable estilo con bloqueo para revestimiento<\/p>\n","protected":false},"excerpt":{"rendered":"<p>Dise\u00f1ado por Kit Carson en Vine Grove, Kentucky.<\/p>\n","protected":false},"featured_media":327382,"comment_status":"open","ping_status":"closed","template":"","meta":[],"pwb-brand":[3765],"product_brand":[],"product_cat":[3730,3726],"product_tag":[3756],"class_list":{"0":"post-327381","1":"product","2":"type-product","3":"status-publish","4":"has-post-thumbnail","6":"pwb-brand-crkt-es","7":"product_cat-cuchillas-de-cierre","8":"product_cat-cuchillos","9":"product_tag-b2b-es","11":"first","12":"outofstock","13":"taxable","14":"shipping-taxable","15":"purchasable","16":"product-type-simple"},"brands":[{"id":3765,"name":"CRKT","slug":"crkt-es"}],"_links":{"self":[{"href":"https:\/\/www.moskito.cz\/es\/wp-json\/wp\/v2\/product\/327381","targetHints":{"allow":["GET"]}}],"collection":[{"href":"https:\/\/www.moskito.cz\/es\/wp-json\/wp\/v2\/product"}],"about":[{"href":"https:\/\/www.moskito.cz\/es\/wp-json\/wp\/v2\/types\/product"}],"replies":[{"embeddable":true,"href":"https:\/\/www.moskito.cz\/es\/wp-json\/wp\/v2\/comments?post=327381"}],"wp:featuredmedia":[{"embeddable":true,"href":"https:\/\/www.moskito.cz\/es\/wp-json\/wp\/v2\/media\/327382"}],"wp:attachment":[{"href":"https:\/\/www.moskito.cz\/es\/wp-json\/wp\/v2\/media?parent=327381"}],"wp:term":[{"taxonomy":"pwb-brand","embeddable":true,"href":"https:\/\/www.moskito.cz\/es\/wp-json\/wp\/v2\/pwb-brand?post=327381"},{"taxonomy":"product_brand","embeddable":true,"href":"https:\/\/www.moskito.cz\/es\/wp-json\/wp\/v2\/product_brand?post=327381"},{"taxonomy":"product_cat","embeddable":true,"href":"https:\/\/www.moskito.cz\/es\/wp-json\/wp\/v2\/product_cat?post=327381"},{"taxonomy":"product_tag","embeddable":true,"href":"https:\/\/www.moskito.cz\/es\/wp-json\/wp\/v2\/product_tag?post=327381"}],"curies":[{"name":"wp","href":"https:\/\/api.w.org\/{rel}","templated":true}]}}