{"id":327440,"date":"2022-08-20T18:05:33","date_gmt":"2024-04-08T14:01:42","guid":{"rendered":"https:\/\/www.moskito.cz\/produkt\/cuchillo-de-cierre-crkt-m16-14sfg\/"},"modified":"2025-05-07T11:09:10","modified_gmt":"2025-05-07T10:09:10","slug":"cuchillo-de-cierre-crkt-m16-14sfg","status":"publish","type":"product","link":"https:\/\/www.moskito.cz\/es\/produkt\/cuchillo-de-cierre-crkt-m16-14sfg\/","title":{"rendered":"Cuchillo de cierre CRKT M16-14SFG"},"content":{"rendered":"<p>Cuchillo de cierre <strong>CRKT<\/strong> M16-14SFG.<\/p>\n<p>Los modelos Special Forces G10 comparten un dise\u00f1o \u00fanico que ofrece una combinaci\u00f3n de las caracter\u00edsticas de la serie Carson M16\u00ae que los especialistas militares requieren para comprar. Se han especificado hojas Tanto de doble rectificado ya que ofrecen la m\u00e1xima resistencia. El dise\u00f1o abierto permite incorporar dos Carson Flippers, lo que da como resultado un verdadero mango, algo muy poco com\u00fan en las navajas plegables.<\/p>\n<p>El M16\u00ae-14SFG Big Dog G10 es nuestra versi\u00f3n utilitaria resistente con una hoja Tanto de doble rectificado de 3,99&#8243; y una empu\u00f1adura de tama\u00f1o completo con un pomo en la culata.<\/p>\n<p>La hoja, el marco y el hardware son de color negro t\u00e1ctico no reflectante. La hoja tiene un acabado de nitruro de titanio negro para una m\u00e1xima resistencia a la corrosi\u00f3n. Las perillas de pulgar a cuadros dobles caracter\u00edsticas del juego son est\u00e1ndar. La apertura y el cierre con una sola mano son r\u00e1pidos y suaves.<\/p>\n<p>Tambi\u00e9n cuenta con nuestra seguridad de inserci\u00f3n autom\u00e1tica. Automated Insert Security es una innovaci\u00f3n en la seguridad de insertos de bloqueo que se ha llevado al siguiente nivel. El bloqueo de inserci\u00f3n automatizado coloca el pasador entre el inserto de bloqueo y el marco. Este pasador act\u00faa como una capa adicional de seguridad, lo que hace menos probable que el inserto de bloqueo se suelte durante el uso.<\/p>\n<p>Para cerrar el cuchillo, tire hacia atr\u00e1s la palanca de seguridad con el bot\u00f3n rojo, mueva el inserto de bloqueo y pliegue la hoja a la posici\u00f3n cerrada. \u00bfQuieres uno de los sistemas de seguridad m\u00e1s seguros del mercado? La selecci\u00f3n es autom\u00e1tica.<\/p>\n<p>Nuestro modelo G10 cuenta con cachas G10 negras, inserciones de acero inoxidable con ranuras de fricci\u00f3n y una hoja de acero inoxidable 8Cr14MoV de primera calidad con nuestros (2) dentados Veff\u2122 combinados. A menudo se prefiere el G10 por su agarre agresivo, peso ligero y excelentes propiedades de aislamiento.<\/p>\n<p>Todos los cuchillos de esta serie est\u00e1n equipados con clips que permiten transportarlos en cuatro posiciones en un cintur\u00f3n o correa. Advertencia: Estos cuchillos no est\u00e1n dise\u00f1ados para llevarse en el bolsillo. Son cuchillos especiales, dise\u00f1ados por militares para su uso en fuerzas especiales.<\/p>\n<p>Seguridad de inserci\u00f3n autom\u00e1tica<br \/>\nDentados Veff\u2122<br \/>\nProtector de hoja doble con mango G10<br \/>\nESPECIFICACIONES<br \/>\nLongitud de la hoja 3,95&#8243; (100,41 mm)<br \/>\nFilo de hoja Veff Serrations\u2122<br \/>\nHoja de acero 1.4116<br \/>\nTratamiento de la superficie de la hoja Recubrimiento de tefl\u00f3n<br \/>\nGrosor de la hoja 0,14&#8243; (3,58 mm)<br \/>\nLongitud total 9,31&#8243; (236,55 mm)<br \/>\nLongitud cerrada 5,34&#8243; (135,61 mm)<br \/>\nPeso 6,50 oz (184,27 g)<br \/>\nmango G10<br \/>\nNavaja plegable estilo con bloqueo para revestimiento<\/p>\n<p><iframe title=\"CRKT M16-14SFG Knife Designed by Kit Carson\" width=\"800\" height=\"450\" src=\"https:\/\/www.youtube.com\/embed\/cm_3-L4GhXM?feature=oembed\" frameborder=\"0\" allow=\"accelerometer; autoplay; clipboard-write; encrypted-media; gyroscope; picture-in-picture; web-share\" referrerpolicy=\"strict-origin-when-cross-origin\" allowfullscreen><\/iframe><\/p>\n","protected":false},"excerpt":{"rendered":"<p>Dise\u00f1ado por Kit Carson en Vine Grove, Kentucky.<\/p>\n","protected":false},"featured_media":327441,"comment_status":"open","ping_status":"closed","template":"","meta":[],"pwb-brand":[3765],"product_brand":[],"product_cat":[3730,3726],"product_tag":[3756],"class_list":{"0":"post-327440","1":"product","2":"type-product","3":"status-publish","4":"has-post-thumbnail","6":"pwb-brand-crkt-es","7":"product_cat-cuchillas-de-cierre","8":"product_cat-cuchillos","9":"product_tag-b2b-es","11":"first","12":"outofstock","13":"taxable","14":"shipping-taxable","15":"purchasable","16":"product-type-simple"},"brands":[{"id":3765,"name":"CRKT","slug":"crkt-es"}],"_links":{"self":[{"href":"https:\/\/www.moskito.cz\/es\/wp-json\/wp\/v2\/product\/327440","targetHints":{"allow":["GET"]}}],"collection":[{"href":"https:\/\/www.moskito.cz\/es\/wp-json\/wp\/v2\/product"}],"about":[{"href":"https:\/\/www.moskito.cz\/es\/wp-json\/wp\/v2\/types\/product"}],"replies":[{"embeddable":true,"href":"https:\/\/www.moskito.cz\/es\/wp-json\/wp\/v2\/comments?post=327440"}],"wp:featuredmedia":[{"embeddable":true,"href":"https:\/\/www.moskito.cz\/es\/wp-json\/wp\/v2\/media\/327441"}],"wp:attachment":[{"href":"https:\/\/www.moskito.cz\/es\/wp-json\/wp\/v2\/media?parent=327440"}],"wp:term":[{"taxonomy":"pwb-brand","embeddable":true,"href":"https:\/\/www.moskito.cz\/es\/wp-json\/wp\/v2\/pwb-brand?post=327440"},{"taxonomy":"product_brand","embeddable":true,"href":"https:\/\/www.moskito.cz\/es\/wp-json\/wp\/v2\/product_brand?post=327440"},{"taxonomy":"product_cat","embeddable":true,"href":"https:\/\/www.moskito.cz\/es\/wp-json\/wp\/v2\/product_cat?post=327440"},{"taxonomy":"product_tag","embeddable":true,"href":"https:\/\/www.moskito.cz\/es\/wp-json\/wp\/v2\/product_tag?post=327440"}],"curies":[{"name":"wp","href":"https:\/\/api.w.org\/{rel}","templated":true}]}}