{"id":327459,"date":"2022-09-28T16:28:59","date_gmt":"2024-04-08T14:15:53","guid":{"rendered":"https:\/\/www.moskito.cz\/produkt\/hacha-crkt-freyr-2746\/"},"modified":"2025-05-07T11:09:11","modified_gmt":"2025-05-07T10:09:11","slug":"hacha-crkt-freyr-2746","status":"publish","type":"product","link":"https:\/\/www.moskito.cz\/es\/produkt\/hacha-crkt-freyr-2746\/","title":{"rendered":"Hacha CRKT FREYR 2746"},"content":{"rendered":"<p>Hacha <strong>CRKT<\/strong> FREYR 2746.<\/p>\n<p>Dise\u00f1o n\u00f3rdico con alma totalmente americana. \u00bfPor qu\u00e9 meterse con una forma de hacha que ha sido probada durante m\u00e1s de mil a\u00f1os? Este es el dise\u00f1ador l\u00f3gico y veterano Elmer Roush, quien les trae el hacha t\u00e1ctica Freyr\u2122. Una barba profunda refleja el estilo vikingo. Pero su equilibrio y puro poder lo colocan en una liga propia. Escudo vikingo y grito de batalla no incluidos.<\/p>\n<p>Elmer Roush de Brasstown, Carolina del Norte, definitivamente tiene un pie en el pasado. Cuando se trata de dise\u00f1ar ejes, es decir. Aunque la barba profunda de Freyru\u2122 no puede usarse para derribar el escudo de un enemigo como lo har\u00eda en los mares de los guardias de prisi\u00f3n custodiados por vikingos, el equilibrio que agrega eleva esta hacha a un caballo de batalla moderno. Lleva el nombre del dios n\u00f3rdico de la prosperidad y su alma vikinga est\u00e1 a la altura de su aspecto cl\u00e1sico.<\/p>\n<p>La hoja en s\u00ed est\u00e1 forjada en caliente en acero al carbono y pasivada para una m\u00e1xima resistencia a la corrosi\u00f3n. Equipado con un mango tallado en nogal de Tennessee, est\u00e1 elaborado con precisi\u00f3n para brindar durabilidad y facilidad de uso. Se puede comprar una funda de cuero.<\/p>\n<p>Si es cierto que la historia se repite, entonces este hacha de utilidad es la prueba definitiva.<\/p>\n<p>Acerca de Forjados por la guerra\u00ae<\/p>\n<p>En 2013, Ryan Johnson de RMJ Tactical, un dise\u00f1ador de hachas de guerra t\u00e1cticas militares de \u00e9lite, se acerc\u00f3 a CRKT\u00ae con la noticia de que hab\u00eda trabajado con varios veteranos de guerra que hab\u00edan regresado de la guerra con diversos grados de estr\u00e9s postraum\u00e1tico (PTS).<\/p>\n<p>Para ayudarlos a superar sus desaf\u00edos, dise\u00f1aron y forjaron acero en sus propias herramientas. Bas\u00e1ndose en la experiencia adquirida en situaciones de combate, crearon las herramientas que deseaban tener disponibles en el campo de batalla.<\/p>\n<p>CRKT\u00ae se preocupa profundamente por nuestros veteranos que regresan y vimos una manera de retribuir a la comunidad que los cre\u00f3. En 2016, lanzamos el programa Forged By War\u00ae.<\/p>\n<p>Estas son herramientas listas para la misi\u00f3n, dise\u00f1adas por veteranos, y una parte de las ganancias se dona a la organizaci\u00f3n ben\u00e9fica elegida por los veteranos.<\/p>\n<p>Herramientas listas para la misi\u00f3n Forged By War\u00ae. Aprende m\u00e1s aqu\u00ed.<\/p>\n<p>La organizaci\u00f3n ben\u00e9fica de Elmer Roush para esta herramienta es la Fundaci\u00f3n Boina Verde.<\/p>\n<p>*Aunque sabemos que la tentaci\u00f3n es grande, no recomendamos desechar esta herramienta en particular por razones de seguridad y posiblemente anular la garant\u00eda.<\/p>\n<p>ESPECIFICACIONES<br \/>\nLongitud de la hoja 4,53&#8243; (115,01 mm)<br \/>\nHoja de hoja Lisa<br \/>\nHoja de acero 1055 acero al carbono.<br \/>\nTratamiento superficial de la pala Recubrimiento a base de fosfato de manganeso<br \/>\nGrosor de la hoja 1,19&#8243; (30,10 mm)<br \/>\nLongitud total 16,13&#8243; (409,58 mm)<br \/>\nPeso 0,81 kg (1,79 libras)<br \/>\nMango de nogal Tennessee<br \/>\nestilo hacha<\/p>\n<p><iframe title=\"CRKT Freyr Axe | An Elmer Roush Design\" width=\"800\" height=\"450\" src=\"https:\/\/www.youtube.com\/embed\/rxxWf33LFHM?feature=oembed\" frameborder=\"0\" allow=\"accelerometer; autoplay; clipboard-write; encrypted-media; gyroscope; picture-in-picture; web-share\" referrerpolicy=\"strict-origin-when-cross-origin\" allowfullscreen><\/iframe><\/p>\n<p>&nbsp;<\/p>\n","protected":false},"excerpt":{"rendered":"<p>Dise\u00f1ado por Elmer Roush en Brasstown, Carolina del Norte.<\/p>\n<p>&nbsp;<\/p>\n","protected":false},"featured_media":327460,"comment_status":"open","ping_status":"closed","template":"","meta":[],"pwb-brand":[3765],"product_brand":[],"product_cat":[3732],"product_tag":[3756],"class_list":{"0":"post-327459","1":"product","2":"type-product","3":"status-publish","4":"has-post-thumbnail","6":"pwb-brand-crkt-es","7":"product_cat-ejes","8":"product_tag-b2b-es","10":"first","11":"outofstock","12":"taxable","13":"shipping-taxable","14":"purchasable","15":"product-type-simple"},"brands":[{"id":3765,"name":"CRKT","slug":"crkt-es"}],"_links":{"self":[{"href":"https:\/\/www.moskito.cz\/es\/wp-json\/wp\/v2\/product\/327459","targetHints":{"allow":["GET"]}}],"collection":[{"href":"https:\/\/www.moskito.cz\/es\/wp-json\/wp\/v2\/product"}],"about":[{"href":"https:\/\/www.moskito.cz\/es\/wp-json\/wp\/v2\/types\/product"}],"replies":[{"embeddable":true,"href":"https:\/\/www.moskito.cz\/es\/wp-json\/wp\/v2\/comments?post=327459"}],"wp:featuredmedia":[{"embeddable":true,"href":"https:\/\/www.moskito.cz\/es\/wp-json\/wp\/v2\/media\/327460"}],"wp:attachment":[{"href":"https:\/\/www.moskito.cz\/es\/wp-json\/wp\/v2\/media?parent=327459"}],"wp:term":[{"taxonomy":"pwb-brand","embeddable":true,"href":"https:\/\/www.moskito.cz\/es\/wp-json\/wp\/v2\/pwb-brand?post=327459"},{"taxonomy":"product_brand","embeddable":true,"href":"https:\/\/www.moskito.cz\/es\/wp-json\/wp\/v2\/product_brand?post=327459"},{"taxonomy":"product_cat","embeddable":true,"href":"https:\/\/www.moskito.cz\/es\/wp-json\/wp\/v2\/product_cat?post=327459"},{"taxonomy":"product_tag","embeddable":true,"href":"https:\/\/www.moskito.cz\/es\/wp-json\/wp\/v2\/product_tag?post=327459"}],"curies":[{"name":"wp","href":"https:\/\/api.w.org\/{rel}","templated":true}]}}