{"id":327576,"date":"2022-11-19T18:24:30","date_gmt":"2022-11-19T17:24:30","guid":{"rendered":"https:\/\/www.moskito.cz\/produkt\/cuchillo-de-cierre-crkt-m16-10ksf\/"},"modified":"2025-06-27T08:05:04","modified_gmt":"2025-06-27T07:05:04","slug":"cuchillo-de-cierre-crkt-m16-10ksf","status":"publish","type":"product","link":"https:\/\/www.moskito.cz\/es\/produkt\/cuchillo-de-cierre-crkt-m16-10ksf\/","title":{"rendered":"Cuchillo de cierre CRKT M16-10KSF"},"content":{"rendered":"<div class=\"flex-1 overflow-hidden @container\/thread\">\n<div class=\"h-full\">\n<div class=\"react-scroll-to-bottom--css-vxybp-79elbk h-full\">\n<div class=\"react-scroll-to-bottom--css-vxybp-1n7m0yu\">\n<div class=\"flex flex-col text-sm md:pb-9\">\n<article class=\"w-full scroll-mb-[var(--thread-trailing-height,150px)] text-token-text-primary focus-visible:outline-2 focus-visible:outline-offset-[-4px]\" dir=\"auto\" data-testid=\"conversation-turn-87\" data-scroll-anchor=\"true\">\n<div class=\"m-auto text-base py-[18px] px-3 md:px-4 w-full md:px-5 lg:px-4 xl:px-5\">\n<div class=\"mx-auto flex flex-1 gap-4 text-base md:gap-5 lg:gap-6 md:max-w-3xl\">\n<div class=\"group\/conversation-turn relative flex w-full min-w-0 flex-col agent-turn\">\n<div class=\"flex-col gap-1 md:gap-3\">\n<div class=\"flex max-w-full flex-col flex-grow\">\n<div class=\"min-h-8 text-message flex w-full flex-col items-end gap-2 whitespace-normal break-words text-start [.text-message+&amp;]:mt-5\" dir=\"auto\" data-message-author-role=\"assistant\" data-message-id=\"f487dbca-5236-471e-9192-dc7b867e5f40\" data-message-model-slug=\"gpt-4o-mini\">\n<div class=\"flex w-full flex-col gap-1 empty:hidden first:pt-[3px]\">\n<div class=\"markdown prose w-full break-words dark:prose-invert light\">\n<p><strong>Cuchillo de cierre CRKT M16-10KSF<\/strong><\/p>\n<p><strong>El CRKT M16-10KSF<\/strong> es <strong>un cuchillo resistente y potente<\/strong> dise\u00f1ado para <strong>tareas dif\u00edciles<\/strong> y <strong>uso diario (EDC)<\/strong> . Este cuchillo es parte de la serie <strong>M16\u00ae<\/strong> , conocida por su <strong>durabilidad y rendimiento<\/strong> , y es ideal para <strong>tareas civiles<\/strong> como <strong>abrir cajas<\/strong> , cortar materiales o actividades al aire libre en general. Con caracter\u00edsticas innovadoras como <strong>Carson Flipper<\/strong> y <strong>serraciones Triple Point\u2122<\/strong> , ofrece un excelente <strong>rendimiento de corte<\/strong> y <strong>un uso seguro<\/strong> .  <\/p>\n<h3><strong>Especificaciones:<\/strong><\/h3>\n<ul>\n<li><strong>Longitud de la hoja<\/strong> : 74,68 mm (2,94&#8243;)<\/li>\n<li><strong>Filo de la hoja<\/strong> : <strong>Triple Point\u2122 Serrations<\/strong> (combinaci\u00f3n de bordes lisos y dentados para un mejor corte de materiales fibrosos)<\/li>\n<li><strong>Material de la hoja<\/strong> : <strong>acero 8Cr14MoV<\/strong> (buen equilibrio entre dureza y resistencia a la corrosi\u00f3n)<\/li>\n<li><strong>Tratamiento de la superficie de la hoja<\/strong> : <strong>EDP<\/strong> (mejora la resistencia a la corrosi\u00f3n)<\/li>\n<li><strong>Grosor de la hoja<\/strong> : 2,49 mm (0,10&#8243;)<\/li>\n<li><strong>Longitud total<\/strong> : 177,80 mm (7,00&#8243;)<\/li>\n<li><strong>Longitud cerrada<\/strong> : 101,60 mm (4,00&#8243;)<\/li>\n<li><strong>Peso<\/strong> : 76,54 g (2,70 oz)<\/li>\n<li><strong>Mango<\/strong> : <strong>Acero inoxidable<\/strong> (construcci\u00f3n duradera y s\u00f3lida)<\/li>\n<li><strong>Estilo<\/strong> : <strong>Navaja plegable<\/strong> con <strong>bloqueo de marco.<\/strong><\/li>\n<\/ul>\n<h3><strong>Caracter\u00edsticas principales:<\/strong><\/h3>\n<ol>\n<li><strong>Bloqueo de marco para mayor seguridad<\/strong> :\n<ul>\n<li><strong>El bloqueo del marco<\/strong> garantiza que la hoja se mantendr\u00e1 firmemente en su lugar durante el uso. Esta cerradura es conocida por su confiabilidad y proporciona una excelente <strong>seguridad en el trabajo<\/strong> . <\/li>\n<\/ul>\n<\/li>\n<li><strong>Carson Flipper para apertura r\u00e1pida<\/strong> :\n<ul>\n<li><strong>La aleta<\/strong> est\u00e1 integrada en el mango y permite <strong>una apertura r\u00e1pida y suave de la hoja con una mano<\/strong> . Esto significa que puedes preparar el cuchillo inmediatamente para su uso sin necesidad de ning\u00fan manejo complicado. <\/li>\n<\/ul>\n<\/li>\n<li><strong>Estr\u00edas Triple Point\u2122<\/strong> :\n<ul>\n<li><strong>Los dientes Triple Point\u2122<\/strong> est\u00e1n dise\u00f1ados para <strong>cortar f\u00e1cilmente materiales fibrosos<\/strong> como <strong>cuerdas, cordones o cinchas<\/strong> , brindando un excelente rendimiento de corte incluso en materiales que normalmente ser\u00edan dif\u00edciles de cortar.<\/li>\n<\/ul>\n<\/li>\n<li><strong>Recubrimiento EDP negro<\/strong> :\n<ul>\n<li><strong>El revestimiento EDP (deposici\u00f3n de pintura electrofor\u00e9tica)<\/strong> en la hoja mejora <strong>la resistencia a la corrosi\u00f3n<\/strong> al tiempo que proporciona <strong>un acabado mate<\/strong> resistente a los ara\u00f1azos y al desgaste.<\/li>\n<\/ul>\n<\/li>\n<li><strong>Dise\u00f1o compacto y port\u00e1til<\/strong> :\n<ul>\n<li>Este cuchillo tiene un tama\u00f1o compacto con <strong>una longitud de 4 pulgadas (101,6 mm) cuando est\u00e1 cerrado<\/strong> , lo que lo convierte en <strong>un excelente cuchillo de transporte diario (EDC)<\/strong> que cabe f\u00e1cilmente en un bolsillo o bolso.<\/li>\n<\/ul>\n<\/li>\n<\/ol>\n<h3><strong>Ventajas:<\/strong><\/h3>\n<ul>\n<li><strong>Altamente seguro<\/strong> : el bloqueo del marco proporciona una protecci\u00f3n fuerte y confiable contra aperturas no deseadas.<\/li>\n<li><strong>Ideal para tareas cotidianas<\/strong> : con <strong>dentados Triple Point\u2122,<\/strong> el cuchillo es ideal para <strong>cortar materiales fibrosos<\/strong> como cajas, cuerdas y similares.<\/li>\n<li><strong>Compacto y liviano<\/strong> : con un peso <strong>de 76,54 g (2,70 oz)<\/strong> y una longitud total de 7,00&#8243;, el cuchillo es liviano pero lo suficientemente resistente para la mayor\u00eda de las tareas cotidianas.<\/li>\n<li><strong>Resistencia a la corrosi\u00f3n<\/strong> : <strong>el revestimiento EDP negro<\/strong> brinda protecci\u00f3n contra la corrosi\u00f3n y la suciedad, lo que lo hace ideal para uso a largo plazo en una variedad de condiciones.<\/li>\n<li><strong>Apertura r\u00e1pida y c\u00f3moda<\/strong> : <strong>el Carson Flipper<\/strong> permite una apertura r\u00e1pida con una sola mano, lo que aumenta el uso pr\u00e1ctico del cuchillo en el campo.<\/li>\n<\/ul>\n<h3><strong>Conclusi\u00f3n:<\/strong><\/h3>\n<p><strong>El CRKT M16-10KSF<\/strong> es un excelente <strong>cuchillo de uso diario (EDC)<\/strong> para quienes buscan <strong>una herramienta potente y compacta<\/strong> con <strong>durabilidad y confiabilidad<\/strong> . Con <strong>caracter\u00edsticas innovadoras<\/strong> como <strong>Carson Flipper<\/strong> , <strong>serraciones Triple Point\u2122<\/strong> y <strong>un bloqueo de marco<\/strong> , este cuchillo ofrece <strong>un gran rendimiento<\/strong> para una amplia gama de tareas, desde <strong>abrir cajas<\/strong> hasta <strong>trabajos m\u00e1s exigentes<\/strong> . Es una opci\u00f3n ideal para el uso diario en la oficina, en casa o al aire libre.  <\/p>\n<\/div>\n<\/div>\n<\/div>\n<\/div>\n<div class=\"mt-3 w-full empty:hidden\">\n<div class=\"text-center\"><\/div>\n<\/div>\n<\/div>\n<div class=\"absolute\">\n<div class=\"flex items-center justify-center\"><\/div>\n<\/div>\n<\/div>\n<\/div>\n<\/div>\n<\/article>\n<\/div>\n<\/div>\n<\/div>\n<\/div>\n<\/div>\n<div class=\"md:pt-0 dark:border-white\/20 md:border-transparent md:dark:border-transparent w-full\">\n<div>\n<div class=\"m-auto text-base px-3 md:px-4 w-full md:px-5 lg:px-4 xl:px-5\">\n<div class=\"mx-auto flex flex-1 gap-4 text-base md:gap-5 lg:gap-6 md:max-w-3xl\">\n<div class=\"flex justify-center\"><\/div>\n<\/div>\n<\/div>\n<\/div>\n<\/div>\n<p><iframe title=\"M16-10KSF Knife | by Kit Carson\" width=\"800\" height=\"450\" src=\"https:\/\/www.youtube.com\/embed\/8lRjYI-hRuw?feature=oembed\" frameborder=\"0\" allow=\"accelerometer; autoplay; clipboard-write; encrypted-media; gyroscope; picture-in-picture; web-share\" referrerpolicy=\"strict-origin-when-cross-origin\" allowfullscreen><\/iframe><\/p>\n<p>&nbsp;<\/p>\n","protected":false},"excerpt":{"rendered":"<p><strong>El CRKT M16-10KSF es un excelente cuchillo de uso diario (EDC) para quienes buscan una herramienta potente y compacta con durabilidad y confiabilidad. Con caracter\u00edsticas innovadoras como Carson Flipper, serraciones Triple Point\u2122 y un bloqueo de marco, este cuchillo ofrece un gran rendimiento para una amplia gama de tareas, desde abrir cajas hasta trabajos m\u00e1s exigentes. Es una opci\u00f3n ideal para el uso diario en la oficina, en casa o al aire libre.  <\/strong><\/p>\n","protected":false},"featured_media":327577,"comment_status":"open","ping_status":"closed","template":"","meta":[],"pwb-brand":[3765],"product_brand":[],"product_cat":[3730,3726],"product_tag":[3756],"class_list":{"0":"post-327576","1":"product","2":"type-product","3":"status-publish","4":"has-post-thumbnail","6":"pwb-brand-crkt-es","7":"product_cat-cuchillas-de-cierre","8":"product_cat-cuchillos","9":"product_tag-b2b-es","11":"first","12":"instock","13":"taxable","14":"shipping-taxable","15":"purchasable","16":"product-type-simple"},"brands":[{"id":3765,"name":"CRKT","slug":"crkt-es"}],"_links":{"self":[{"href":"https:\/\/www.moskito.cz\/es\/wp-json\/wp\/v2\/product\/327576","targetHints":{"allow":["GET"]}}],"collection":[{"href":"https:\/\/www.moskito.cz\/es\/wp-json\/wp\/v2\/product"}],"about":[{"href":"https:\/\/www.moskito.cz\/es\/wp-json\/wp\/v2\/types\/product"}],"replies":[{"embeddable":true,"href":"https:\/\/www.moskito.cz\/es\/wp-json\/wp\/v2\/comments?post=327576"}],"wp:featuredmedia":[{"embeddable":true,"href":"https:\/\/www.moskito.cz\/es\/wp-json\/wp\/v2\/media\/327577"}],"wp:attachment":[{"href":"https:\/\/www.moskito.cz\/es\/wp-json\/wp\/v2\/media?parent=327576"}],"wp:term":[{"taxonomy":"pwb-brand","embeddable":true,"href":"https:\/\/www.moskito.cz\/es\/wp-json\/wp\/v2\/pwb-brand?post=327576"},{"taxonomy":"product_brand","embeddable":true,"href":"https:\/\/www.moskito.cz\/es\/wp-json\/wp\/v2\/product_brand?post=327576"},{"taxonomy":"product_cat","embeddable":true,"href":"https:\/\/www.moskito.cz\/es\/wp-json\/wp\/v2\/product_cat?post=327576"},{"taxonomy":"product_tag","embeddable":true,"href":"https:\/\/www.moskito.cz\/es\/wp-json\/wp\/v2\/product_tag?post=327576"}],"curies":[{"name":"wp","href":"https:\/\/api.w.org\/{rel}","templated":true}]}}