{"id":327625,"date":"2021-07-31T21:42:38","date_gmt":"2024-04-08T14:27:48","guid":{"rendered":"https:\/\/www.moskito.cz\/produkt\/cuchillo-de-cierre-crkt-ceo-flipper\/"},"modified":"2025-05-07T11:09:14","modified_gmt":"2025-05-07T10:09:14","slug":"cuchillo-de-cierre-crkt-ceo-flipper","status":"publish","type":"product","link":"https:\/\/www.moskito.cz\/es\/produkt\/cuchillo-de-cierre-crkt-ceo-flipper\/","title":{"rendered":"Navaja plegable CRKT CEO FLIPPER 7097"},"content":{"rendered":"<p><strong style=\"font-family: -apple-system, BlinkMacSystemFont, 'Segoe UI', Roboto, 'Helvetica Neue', Arial, 'Noto Sans', sans-serif, 'Apple Color Emoji', 'Segoe UI Emoji', 'Segoe UI Symbol', 'Noto Color Emoji';\">El cuchillo plegable CRKT CEO Flipper 7097<\/strong> <span style=\"font-family: -apple-system, BlinkMacSystemFont, 'Segoe UI', Roboto, 'Helvetica Neue', Arial, 'Noto Sans', sans-serif, 'Apple Color Emoji', 'Segoe UI Emoji', 'Segoe UI Symbol', 'Noto Color Emoji';\">es un cuchillo elegante y altamente funcional, dise\u00f1ado por Richard Rogers, que encarna el concepto de un cuchillo de transporte diario moderno (EDC) con \u00e9nfasis en<\/span> <strong style=\"font-family: -apple-system, BlinkMacSystemFont, 'Segoe UI', Roboto, 'Helvetica Neue', Arial, 'Noto Sans', sans-serif, 'Apple Color Emoji', 'Segoe UI Emoji', 'Segoe UI Symbol', 'Noto Color Emoji';\">la compacidad<\/strong> <span style=\"font-family: -apple-system, BlinkMacSystemFont, 'Segoe UI', Roboto, 'Helvetica Neue', Arial, 'Noto Sans', sans-serif, 'Apple Color Emoji', 'Segoe UI Emoji', 'Segoe UI Symbol', 'Noto Color Emoji';\">,<\/span> <strong style=\"font-family: -apple-system, BlinkMacSystemFont, 'Segoe UI', Roboto, 'Helvetica Neue', Arial, 'Noto Sans', sans-serif, 'Apple Color Emoji', 'Segoe UI Emoji', 'Segoe UI Symbol', 'Noto Color Emoji';\">el dise\u00f1o<\/strong> <span style=\"font-family: -apple-system, BlinkMacSystemFont, 'Segoe UI', Roboto, 'Helvetica Neue', Arial, 'Noto Sans', sans-serif, 'Apple Color Emoji', 'Segoe UI Emoji', 'Segoe UI Symbol', 'Noto Color Emoji';\">y<\/span> <strong style=\"font-family: -apple-system, BlinkMacSystemFont, 'Segoe UI', Roboto, 'Helvetica Neue', Arial, 'Noto Sans', sans-serif, 'Apple Color Emoji', 'Segoe UI Emoji', 'Segoe UI Symbol', 'Noto Color Emoji';\">la ergonom\u00eda.<\/strong><span style=\"font-family: -apple-system, BlinkMacSystemFont, 'Segoe UI', Roboto, 'Helvetica Neue', Arial, 'Noto Sans', sans-serif, 'Apple Color Emoji', 'Segoe UI Emoji', 'Segoe UI Symbol', 'Noto Color Emoji';\">. Este cuchillo es una opci\u00f3n ideal para quienes necesitan una herramienta confiable pero al mismo tiempo no quieren llevar un cuchillo demasiado grande o pesado.<\/span><\/p>\n<div class=\"flex-1 overflow-hidden @container\/thread\">\n<div class=\"h-full\">\n<div class=\"react-scroll-to-bottom--css-vxybp-79elbk h-full\">\n<div class=\"react-scroll-to-bottom--css-vxybp-1n7m0yu\">\n<div class=\"flex flex-col text-sm\">\n<article class=\"w-full scroll-mb-[var(--thread-trailing-height,150px)] text-token-text-primary focus-visible:outline-2 focus-visible:outline-offset-[-4px]\" dir=\"auto\" data-testid=\"conversation-turn-421\" data-scroll-anchor=\"true\">\n<div class=\"m-auto text-base py-[18px] px-3 md:px-4 w-full md:px-5 lg:px-4 xl:px-5\">\n<div class=\"mx-auto flex flex-1 gap-4 text-base md:gap-5 lg:gap-6 md:max-w-3xl\">\n<div class=\"group\/conversation-turn relative flex w-full min-w-0 flex-col agent-turn\">\n<div class=\"flex-col gap-1 md:gap-3\">\n<div class=\"flex max-w-full flex-col flex-grow\">\n<div class=\"min-h-8 text-message flex w-full flex-col items-end gap-2 whitespace-normal break-words text-start [.text-message+&amp;]:mt-5\" dir=\"auto\" data-message-author-role=\"assistant\" data-message-id=\"fecebe75-7439-4a20-810d-28aaa07d7280\" data-message-model-slug=\"gpt-4o-mini\">\n<div class=\"flex w-full flex-col gap-1 empty:hidden first:pt-[3px]\">\n<div class=\"markdown prose w-full break-words dark:prose-invert light\">\n<h3><strong>Caracter\u00edsticas y beneficios:<\/strong><\/h3>\n<h4><strong>1. Dise\u00f1o y ergonom\u00eda:<\/strong><\/h4>\n<ul>\n<li><strong>Compacto y discreto:<\/strong> el cuchillo CEO est\u00e1 dise\u00f1ado para caber en <strong>el bolsillo de una camisa<\/strong> y ser lo suficientemente discreto para llevarlo todos los d\u00edas. Su <strong>perfil bajo<\/strong> lo hace muy port\u00e1til, convirti\u00e9ndolo en una excelente opci\u00f3n para los profesionales que necesitan <strong>un cuchillo discreto<\/strong> para tareas r\u00e1pidas. <\/li>\n<li><strong>Ergonom\u00eda:<\/strong> A pesar de su forma compacta, el cuchillo no pierde <strong>su ergonom\u00eda<\/strong> y <strong>comodidad de uso<\/strong> . Ofrece un agarre c\u00f3modo que es estable incluso durante un uso prolongado. <\/li>\n<\/ul>\n<h4><strong>2. Apertura asistida y mecanismo IKBS\u2122:<\/strong><\/h4>\n<ul>\n<li><strong>Apertura suave:<\/strong> La apertura de la hoja est\u00e1 respaldada por el sistema <strong>de cojinetes de bolas IKBS\u2122<\/strong> , que garantiza <strong>un movimiento suave y r\u00e1pido<\/strong> al abrir el cuchillo.<\/li>\n<li><strong>Aleta:<\/strong> El mecanismo de aleta permite la <strong>apertura r\u00e1pida<\/strong> del cuchillo con una mano, lo que es ideal para quienes necesitan acceso instant\u00e1neo al cuchillo.<\/li>\n<\/ul>\n<h4><strong>3. La espada y su poder:<\/strong><\/h4>\n<ul>\n<li><strong>Acero AUS-8:<\/strong> La hoja est\u00e1 hecha de acero inoxidable <strong>AUS-8<\/strong> , conocido por su <strong>buena resistencia a la corrosi\u00f3n<\/strong> y su excelente capacidad <strong>para mantener el filo<\/strong> . Este acero tambi\u00e9n es muy f\u00e1cil de mantener y se afila con relativa facilidad, lo que lo hace ideal para un uso frecuente. <\/li>\n<li><strong>Acabado satinado:<\/strong> El acabado <strong>satinado<\/strong> de la hoja realza su est\u00e9tica y aumenta su resistencia al rayado. Este acabado no s\u00f3lo es visualmente atractivo, sino tambi\u00e9n pr\u00e1ctico, ya que garantiza un f\u00e1cil mantenimiento. <\/li>\n<\/ul>\n<h4><strong>4. Ligereza y durabilidad:<\/strong><\/h4>\n<ul>\n<li><strong>Ligero y duradero:<\/strong> el mango <strong>de nailon reforzado con vidrio<\/strong> es <strong>muy liviano<\/strong> (el peso total del cuchillo es de solo 53,86 g), lo que significa que el cuchillo no es complicado de llevar en el bolsillo. El material del mango tambi\u00e9n es muy <strong>duradero<\/strong> , lo que garantiza una larga vida \u00fatil del cuchillo incluso con el uso diario. <\/li>\n<li><strong>Tama\u00f1o compacto:<\/strong> El tama\u00f1o compacto hace que este cuchillo sea ideal para llevar a diario en entornos urbanos o en reuniones de trabajo donde la discreci\u00f3n es importante.<\/li>\n<\/ul>\n<h4><strong>5. Insertos de f\u00e1cil cierre y bloqueo:<\/strong><\/h4>\n<ul>\n<li><strong>Bloqueo de revestimiento:<\/strong> este mecanismo garantiza que la hoja quede bloqueada de forma segura en la posici\u00f3n abierta. El cierre es f\u00e1cil y permite un <strong>manejo sencillo<\/strong> del cuchillo con una sola mano. <\/li>\n<\/ul>\n<h4><strong>6. Opciones de uso:<\/strong><\/h4>\n<ul>\n<li><strong>Clip de cintur\u00f3n ajustable:<\/strong> el clip permite llevarlo en el bolsillo o en el cintur\u00f3n, y puede elegir llevar el cuchillo en el bolsillo izquierdo o derecho, lo que proporciona una mayor <strong>flexibilidad de transporte<\/strong> .<\/li>\n<\/ul>\n<h3><strong>Especificaciones:<\/strong><\/h3>\n<ul>\n<li><strong>Longitud de la hoja:<\/strong> 3,35 pulgadas (85,14 mm)<\/li>\n<li><strong>Longitud total:<\/strong> 7,69 pulgadas (195,28 mm)<\/li>\n<li><strong>Longitud cerrada:<\/strong> 4,35 pulgadas (110,39 mm)<\/li>\n<li><strong>Grosor de la hoja:<\/strong> 0,029 pulgadas (2,29 mm)<\/li>\n<li><strong>Acero:<\/strong> AUS 8<\/li>\n<li><strong>Acabado de la hoja:<\/strong> satinado<\/li>\n<li><strong>Peso:<\/strong> 1,90 oz. (53,86 g)<\/li>\n<li><strong>Mango:<\/strong> nailon reforzado con fibra de vidrio<\/li>\n<li><strong>Estilo:<\/strong> Navaja plegable con bloqueo de inserci\u00f3n<\/li>\n<\/ul>\n<h3><strong>Conclusi\u00f3n:<\/strong><\/h3>\n<p><strong>El CRKT CEO Flipper 7097<\/strong> es un excelente <strong>cuchillo EDC<\/strong> para el uso diario, especialmente para aquellos que buscan una <strong>herramienta compacta y discreta<\/strong> para resolver tareas r\u00e1pidamente. Con su <strong>perfil bajo<\/strong> , <strong>alta funcionalidad<\/strong> y <strong>dise\u00f1o ergon\u00f3mico,<\/strong> es ideal para profesionales que necesitan un cuchillo que sea f\u00e1cil de transportar pero que tambi\u00e9n ofrezca un gran rendimiento en su uso. <\/p>\n<p>Si est\u00e1 buscando <strong>un cuchillo de uso diario liviano<\/strong> , <strong>elegante<\/strong> y <strong>funcional<\/strong> que sea f\u00e1cil de abrir y ofrezca una larga vida \u00fatil, <strong>el CRKT CEO Flipper 7097<\/strong> es una excelente opci\u00f3n.<\/p>\n<\/div>\n<\/div>\n<\/div>\n<\/div>\n<div class=\"mb-2 flex gap-3 empty:hidden -ml-2\">\n<div class=\"items-center justify-start rounded-xl p-1 flex\">\n<div class=\"flex items-center\"><\/div>\n<\/div>\n<\/div>\n<div class=\"pr-2 lg:pr-0\"><\/div>\n<\/div>\n<\/div>\n<\/div>\n<\/div>\n<\/article>\n<\/div>\n<\/div>\n<\/div>\n<\/div>\n<\/div>\n<div class=\"product_view_bullet\">\n<p><iframe title=\"CEO FLIPPER | Richard Rogers Design\" width=\"800\" height=\"450\" src=\"https:\/\/www.youtube.com\/embed\/YT3idMh_Y5k?feature=oembed\" frameborder=\"0\" allow=\"accelerometer; autoplay; clipboard-write; encrypted-media; gyroscope; picture-in-picture; web-share\" referrerpolicy=\"strict-origin-when-cross-origin\" allowfullscreen><\/iframe><\/p>\n<p>&nbsp;<\/p>\n<p>&nbsp;<\/p>\n<\/div>\n","protected":false},"excerpt":{"rendered":"<p><strong>El CRKT CEO Flipper 7097 es un excelente cuchillo EDC para el uso diario, especialmente para aquellos que buscan una herramienta compacta y discreta para resolver tareas r\u00e1pidamente. Con su perfil bajo, alta funcionalidad y dise\u00f1o ergon\u00f3mico, es ideal para profesionales que necesitan un cuchillo que sea f\u00e1cil de transportar pero que tambi\u00e9n ofrezca un gran rendimiento en su uso. <\/strong><\/p>\n<p>&nbsp;<\/p>\n","protected":false},"featured_media":327639,"comment_status":"open","ping_status":"closed","template":"","meta":[],"pwb-brand":[3765],"product_brand":[],"product_cat":[3730,3726],"product_tag":[3756],"class_list":{"0":"post-327625","1":"product","2":"type-product","3":"status-publish","4":"has-post-thumbnail","6":"pwb-brand-crkt-es","7":"product_cat-cuchillas-de-cierre","8":"product_cat-cuchillos","9":"product_tag-b2b-es","11":"first","12":"outofstock","13":"taxable","14":"shipping-taxable","15":"purchasable","16":"product-type-simple"},"brands":[{"id":3765,"name":"CRKT","slug":"crkt-es"}],"_links":{"self":[{"href":"https:\/\/www.moskito.cz\/es\/wp-json\/wp\/v2\/product\/327625","targetHints":{"allow":["GET"]}}],"collection":[{"href":"https:\/\/www.moskito.cz\/es\/wp-json\/wp\/v2\/product"}],"about":[{"href":"https:\/\/www.moskito.cz\/es\/wp-json\/wp\/v2\/types\/product"}],"replies":[{"embeddable":true,"href":"https:\/\/www.moskito.cz\/es\/wp-json\/wp\/v2\/comments?post=327625"}],"wp:featuredmedia":[{"embeddable":true,"href":"https:\/\/www.moskito.cz\/es\/wp-json\/wp\/v2\/media\/327639"}],"wp:attachment":[{"href":"https:\/\/www.moskito.cz\/es\/wp-json\/wp\/v2\/media?parent=327625"}],"wp:term":[{"taxonomy":"pwb-brand","embeddable":true,"href":"https:\/\/www.moskito.cz\/es\/wp-json\/wp\/v2\/pwb-brand?post=327625"},{"taxonomy":"product_brand","embeddable":true,"href":"https:\/\/www.moskito.cz\/es\/wp-json\/wp\/v2\/product_brand?post=327625"},{"taxonomy":"product_cat","embeddable":true,"href":"https:\/\/www.moskito.cz\/es\/wp-json\/wp\/v2\/product_cat?post=327625"},{"taxonomy":"product_tag","embeddable":true,"href":"https:\/\/www.moskito.cz\/es\/wp-json\/wp\/v2\/product_tag?post=327625"}],"curies":[{"name":"wp","href":"https:\/\/api.w.org\/{rel}","templated":true}]}}