{"id":327756,"date":"2022-09-04T20:31:42","date_gmt":"2024-04-08T14:33:54","guid":{"rendered":"https:\/\/www.moskito.cz\/produkt\/cuchillo-de-cierre-crkt-overland-6280\/"},"modified":"2025-05-07T11:09:17","modified_gmt":"2025-05-07T10:09:17","slug":"cuchillo-de-cierre-crkt-overland-6280","status":"publish","type":"product","link":"https:\/\/www.moskito.cz\/es\/produkt\/cuchillo-de-cierre-crkt-overland-6280\/","title":{"rendered":"Cuchillo de cierre CRKT OVERLAND 6280"},"content":{"rendered":"<p>Cuchillo de cierre <strong>CRKT<\/strong> OVERLAND 6280.<\/p>\n<p>Versi\u00f3n cuchillo 4&#215;4.<\/p>\n<p>Inspirada en la est\u00e9tica de un rastreador cl\u00e1sico, la navaja plegable para exteriores Overland\u2122 est\u00e1 dise\u00f1ada para funcionar fuera de la carretera. No importa si la cocina de su campamento est\u00e1 en una roca plana a kil\u00f3metros de cualquier lugar o en un banco de picnic en el parque, este cuchillo es perfecto para cortar lomo chamuscado junto a la fogata.<br \/>\nF\u00e1cil afilado: la hoja de acero inoxidable con alto contenido de carbono sujeta bien el borde<br \/>\nC\u00f3modo: el mango elevado en relaci\u00f3n con la hoja contribuye a cortar una superficie plana<br \/>\nAtractivo visual: anillo giratorio anodizado naranja y detalles en el espaciador trasero.<\/p>\n<p>ESPECIFICACIONES<br \/>\nLongitud de la hoja 3,00&#8243; (76,12 mm)<br \/>\nHoja de hoja Lisa<br \/>\nHoja de acero 8Cr13MoV<br \/>\nAcabado de la hoja lavado a la piedra<br \/>\nGrosor de la hoja 0,12&#8243; (3,07 mm)<br \/>\nLongitud total 7,38&#8243; (187,33 mm)<br \/>\nLongitud cerrada 4,36&#8243; (110,67 mm)<br \/>\nPeso 3,60 onzas. (102,06 g)<br \/>\nMango G10 | Acero inoxidable<br \/>\nEstilo Navaja plegable con bloqueo de marco.<\/p>\n","protected":false},"excerpt":{"rendered":"<p>Dise\u00f1ado por TJ Schwarz en Boise, Idaho.<\/p>\n","protected":false},"featured_media":327757,"comment_status":"open","ping_status":"closed","template":"","meta":[],"pwb-brand":[3765],"product_brand":[],"product_cat":[3730,3726],"product_tag":[3756],"class_list":{"0":"post-327756","1":"product","2":"type-product","3":"status-publish","4":"has-post-thumbnail","6":"pwb-brand-crkt-es","7":"product_cat-cuchillas-de-cierre","8":"product_cat-cuchillos","9":"product_tag-b2b-es","11":"first","12":"outofstock","13":"sale","14":"taxable","15":"shipping-taxable","16":"purchasable","17":"product-type-simple"},"brands":[{"id":3765,"name":"CRKT","slug":"crkt-es"}],"_links":{"self":[{"href":"https:\/\/www.moskito.cz\/es\/wp-json\/wp\/v2\/product\/327756","targetHints":{"allow":["GET"]}}],"collection":[{"href":"https:\/\/www.moskito.cz\/es\/wp-json\/wp\/v2\/product"}],"about":[{"href":"https:\/\/www.moskito.cz\/es\/wp-json\/wp\/v2\/types\/product"}],"replies":[{"embeddable":true,"href":"https:\/\/www.moskito.cz\/es\/wp-json\/wp\/v2\/comments?post=327756"}],"wp:featuredmedia":[{"embeddable":true,"href":"https:\/\/www.moskito.cz\/es\/wp-json\/wp\/v2\/media\/327757"}],"wp:attachment":[{"href":"https:\/\/www.moskito.cz\/es\/wp-json\/wp\/v2\/media?parent=327756"}],"wp:term":[{"taxonomy":"pwb-brand","embeddable":true,"href":"https:\/\/www.moskito.cz\/es\/wp-json\/wp\/v2\/pwb-brand?post=327756"},{"taxonomy":"product_brand","embeddable":true,"href":"https:\/\/www.moskito.cz\/es\/wp-json\/wp\/v2\/product_brand?post=327756"},{"taxonomy":"product_cat","embeddable":true,"href":"https:\/\/www.moskito.cz\/es\/wp-json\/wp\/v2\/product_cat?post=327756"},{"taxonomy":"product_tag","embeddable":true,"href":"https:\/\/www.moskito.cz\/es\/wp-json\/wp\/v2\/product_tag?post=327756"}],"curies":[{"name":"wp","href":"https:\/\/api.w.org\/{rel}","templated":true}]}}