{"id":327848,"date":"2023-03-21T22:48:46","date_gmt":"2023-03-21T21:48:46","guid":{"rendered":"https:\/\/www.moskito.cz\/produkt\/cuchillo-de-cierre-crkt-m16-04ks\/"},"modified":"2025-05-07T11:09:18","modified_gmt":"2025-05-07T10:09:18","slug":"cuchillo-de-cierre-crkt-m16-04ks","status":"publish","type":"product","link":"https:\/\/www.moskito.cz\/es\/produkt\/cuchillo-de-cierre-crkt-m16-04ks\/","title":{"rendered":"Cuchillo de cierre CRKT M16-04KS"},"content":{"rendered":"<div class=\"flex-1 overflow-hidden @container\/thread\">\n<div class=\"h-full\">\n<div class=\"react-scroll-to-bottom--css-vxybp-79elbk h-full\">\n<div class=\"react-scroll-to-bottom--css-vxybp-1n7m0yu\">\n<div class=\"flex flex-col text-sm md:pb-9\">\n<article class=\"w-full scroll-mb-[var(--thread-trailing-height,150px)] text-token-text-primary focus-visible:outline-2 focus-visible:outline-offset-[-4px]\" dir=\"auto\" data-testid=\"conversation-turn-63\" data-scroll-anchor=\"true\">\n<div class=\"m-auto text-base py-[18px] px-3 md:px-4 w-full md:px-5 lg:px-4 xl:px-5\">\n<div class=\"mx-auto flex flex-1 gap-4 text-base md:gap-5 lg:gap-6 md:max-w-3xl\">\n<div class=\"group\/conversation-turn relative flex w-full min-w-0 flex-col agent-turn\">\n<div class=\"flex-col gap-1 md:gap-3\">\n<div class=\"flex max-w-full flex-col flex-grow\">\n<div class=\"min-h-8 text-message flex w-full flex-col items-end gap-2 whitespace-normal break-words text-start [.text-message+&amp;]:mt-5\" dir=\"auto\" data-message-author-role=\"assistant\" data-message-id=\"e5f97c11-8b64-4c68-9f5e-c7f3a88d149f\" data-message-model-slug=\"gpt-4o-mini\">\n<div class=\"flex w-full flex-col gap-1 empty:hidden first:pt-[3px]\">\n<div class=\"markdown prose w-full break-words dark:prose-invert light\">\n<p><strong>Cuchillo de cierre CRKT M16-04KS<\/strong><\/p>\n<p><strong>El M16\u00ae<\/strong> es sin duda una de las l\u00edneas de cuchillos m\u00e1s populares y conocidas de <strong>CRKT<\/strong> . Este modelo, <strong>el M16-04KS<\/strong> , es un homenaje al famoso dise\u00f1ador <strong>Kit Carson<\/strong> , quien cre\u00f3 un dise\u00f1o inspirado <strong>en los cuchillos t\u00e1cticos<\/strong> de uso diario (EDC). Este cuchillo aporta una versi\u00f3n moderna de su dise\u00f1o legendario que es tan funcional como visualmente atractivo.  <\/p>\n<h3><strong>Especificaciones:<\/strong><\/h3>\n<ul>\n<li><strong>Longitud de la hoja<\/strong> : 9,83 cm<\/li>\n<li><strong>Filo de la hoja<\/strong> : <strong>liso<\/strong> (cl\u00e1sico, filo recto)<\/li>\n<li><strong>Material de la hoja<\/strong> : <strong>acero Sandvik 12C27<\/strong> (conocido por su durabilidad y capacidad de mantener el filo)<\/li>\n<li><strong>Acabado de la hoja<\/strong> : <strong>\u00d3xido<\/strong> (para protecci\u00f3n contra la corrosi\u00f3n y mejor apariencia)<\/li>\n<li><strong>Grosor de la hoja<\/strong> : 0,34 cm<\/li>\n<li><strong>Longitud total<\/strong> : 23,65 cm<\/li>\n<li><strong>Longitud cerrada<\/strong> : 13,55 cm<\/li>\n<li><strong>Peso<\/strong> : 175,77 g<\/li>\n<li><strong>Mango<\/strong> : <strong>acero inoxidable<\/strong> (para una excelente resistencia y durabilidad)<\/li>\n<li><strong>Bloqueo<\/strong> : <strong>Bloqueo de marco<\/strong> (garantiza un bloqueo firme de la hoja)<\/li>\n<\/ul>\n<h3><strong>Caracter\u00edsticas principales:<\/strong><\/h3>\n<ol>\n<li><strong>Apertura r\u00e1pida:<\/strong>\n<ul>\n<li>Este modelo utiliza <strong>una aleta<\/strong> que permite una extensi\u00f3n r\u00e1pida y suave de la hoja con un solo movimiento. La apertura es muy eficiente y f\u00e1cil, lo que hace que el cuchillo sea ideal para <strong>el uso diario<\/strong> y el acceso r\u00e1pido. <\/li>\n<\/ul>\n<\/li>\n<li><strong>Construcci\u00f3n de marco resistente:<\/strong>\n<ul>\n<li><strong>El bloqueo de marco<\/strong> es conocido por su confiabilidad y resistencia. <strong>El fuerte pestillo<\/strong> garantiza un bloqueo seguro y estable de la hoja durante el uso. Esta cerradura proporciona <strong>m\u00e1xima seguridad<\/strong> y <strong>durabilidad<\/strong> durante un uso intensivo. <\/li>\n<\/ul>\n<\/li>\n<li><strong>Mango de acero inoxidable de gran durabilidad:<\/strong>\n<ul>\n<li><strong>El acero inoxidable<\/strong> es muy duradero y resistente, lo que garantiza una larga vida \u00fatil del cuchillo y <strong>resistencia al impacto<\/strong> y al desgaste. Este mango puede soportar condiciones adversas, lo que lo convierte en una opci\u00f3n ideal para aplicaciones exigentes. <\/li>\n<\/ul>\n<\/li>\n<li><strong>Tratamiento de la superficie de la hoja \u00d3xido:<\/strong>\n<ul>\n<li><strong>El acabado de \u00f3xido<\/strong> en la hoja aumenta su <strong>resistencia a la corrosi\u00f3n<\/strong> al tiempo que le aporta un aspecto mate. Esto hace que el cuchillo sea adecuado para <strong>condiciones externas<\/strong> , como ambientes h\u00famedos o sucios. <\/li>\n<\/ul>\n<\/li>\n<li><strong>Dise\u00f1o compacto y eficiente:<\/strong>\n<ul>\n<li>A pesar de su robustez, el cuchillo es <strong>compacto<\/strong> y bien <strong>equilibrado<\/strong> , lo que permite un transporte c\u00f3modo a diario. Es lo suficientemente grande para tareas m\u00e1s pesadas, pero lo suficientemente peque\u00f1o para ser pr\u00e1ctico para llevarlo en un bolsillo o mochila. <\/li>\n<\/ul>\n<\/li>\n<\/ol>\n<h3><strong>Ventajas:<\/strong><\/h3>\n<ul>\n<li><strong>Apertura r\u00e1pida y suave<\/strong> mediante aleta.<\/li>\n<li><strong>El bloqueo del marco<\/strong> proporciona un bloqueo de la hoja fuerte y seguro.<\/li>\n<li><strong>El mango de acero inoxidable<\/strong> garantiza resistencia y durabilidad.<\/li>\n<li><strong>El acabado de \u00f3xido<\/strong> de la hoja mejora la resistencia a la corrosi\u00f3n.<\/li>\n<li>Ideal para <strong>transporte diario (EDC)<\/strong> , camping, actividades al aire libre y trabajo t\u00e1ctico.<\/li>\n<\/ul>\n<h3><strong>Conclusi\u00f3n:<\/strong><\/h3>\n<p><strong>La CRKT M16-04KS<\/strong> es una excelente opci\u00f3n para el transporte diario (EDC), as\u00ed como para tareas m\u00e1s exigentes que requieren <strong>acceso r\u00e1pido<\/strong> y <strong>alta durabilidad<\/strong> . Con su <strong>fuerte bloqueo de marco<\/strong> , <strong>mango de acero inoxidable duradero<\/strong> y <strong>hoja de acero Sandvik de alta calidad,<\/strong> es una herramienta confiable para una amplia gama de usos. Este cuchillo no solo es muy funcional, sino tambi\u00e9n visualmente atractivo, lo que lo convierte en una excelente opci\u00f3n para quienes buscan un cuchillo EDC elegante y de calidad.  <\/p>\n<\/div>\n<\/div>\n<\/div>\n<\/div>\n<div class=\"mb-2 flex gap-3 empty:hidden -ml-2\">\n<div class=\"items-center justify-start rounded-xl p-1 flex\">\n<div class=\"flex items-center\"><\/div>\n<\/div>\n<\/div>\n<div class=\"pr-2 lg:pr-0\"><\/div>\n<div class=\"mt-3 w-full empty:hidden\">\n<div class=\"text-center\"><\/div>\n<\/div>\n<\/div>\n<div class=\"absolute\">\n<div class=\"flex items-center justify-center\"><\/div>\n<\/div>\n<\/div>\n<\/div>\n<\/div>\n<\/article>\n<\/div>\n<\/div>\n<\/div>\n<\/div>\n<\/div>\n<div class=\"md:pt-0 dark:border-white\/20 md:border-transparent md:dark:border-transparent w-full\">\n<div>\n<div class=\"m-auto text-base px-3 md:px-4 w-full md:px-5 lg:px-4 xl:px-5\">\n<div class=\"mx-auto flex flex-1 gap-4 text-base md:gap-5 lg:gap-6 md:max-w-3xl\">\n<div class=\"flex justify-center\"><\/div>\n<\/div>\n<\/div>\n<\/div>\n<\/div>\n","protected":false},"excerpt":{"rendered":"<p><strong>La CRKT M16-04KS es una excelente opci\u00f3n para el transporte diario (EDC), as\u00ed como para tareas m\u00e1s exigentes que requieren acceso r\u00e1pido y alta durabilidad. Con su fuerte bloqueo de marco, mango de acero inoxidable duradero y hoja de acero Sandvik de alta calidad, es una herramienta confiable para una amplia gama de usos. Este cuchillo no solo es muy funcional, sino tambi\u00e9n visualmente atractivo, lo que lo convierte en una excelente opci\u00f3n para quienes buscan un cuchillo EDC elegante y de calidad.  <\/strong><\/p>\n","protected":false},"featured_media":327849,"comment_status":"open","ping_status":"closed","template":"","meta":[],"pwb-brand":[3765],"product_brand":[],"product_cat":[3730,3726],"product_tag":[3756],"class_list":{"0":"post-327848","1":"product","2":"type-product","3":"status-publish","4":"has-post-thumbnail","6":"pwb-brand-crkt-es","7":"product_cat-cuchillas-de-cierre","8":"product_cat-cuchillos","9":"product_tag-b2b-es","11":"first","12":"instock","13":"taxable","14":"shipping-taxable","15":"purchasable","16":"product-type-simple"},"brands":[{"id":3765,"name":"CRKT","slug":"crkt-es"}],"_links":{"self":[{"href":"https:\/\/www.moskito.cz\/es\/wp-json\/wp\/v2\/product\/327848","targetHints":{"allow":["GET"]}}],"collection":[{"href":"https:\/\/www.moskito.cz\/es\/wp-json\/wp\/v2\/product"}],"about":[{"href":"https:\/\/www.moskito.cz\/es\/wp-json\/wp\/v2\/types\/product"}],"replies":[{"embeddable":true,"href":"https:\/\/www.moskito.cz\/es\/wp-json\/wp\/v2\/comments?post=327848"}],"wp:featuredmedia":[{"embeddable":true,"href":"https:\/\/www.moskito.cz\/es\/wp-json\/wp\/v2\/media\/327849"}],"wp:attachment":[{"href":"https:\/\/www.moskito.cz\/es\/wp-json\/wp\/v2\/media?parent=327848"}],"wp:term":[{"taxonomy":"pwb-brand","embeddable":true,"href":"https:\/\/www.moskito.cz\/es\/wp-json\/wp\/v2\/pwb-brand?post=327848"},{"taxonomy":"product_brand","embeddable":true,"href":"https:\/\/www.moskito.cz\/es\/wp-json\/wp\/v2\/product_brand?post=327848"},{"taxonomy":"product_cat","embeddable":true,"href":"https:\/\/www.moskito.cz\/es\/wp-json\/wp\/v2\/product_cat?post=327848"},{"taxonomy":"product_tag","embeddable":true,"href":"https:\/\/www.moskito.cz\/es\/wp-json\/wp\/v2\/product_tag?post=327848"}],"curies":[{"name":"wp","href":"https:\/\/api.w.org\/{rel}","templated":true}]}}