{"id":327883,"date":"2021-07-29T20:40:43","date_gmt":"2024-04-08T14:40:13","guid":{"rendered":"https:\/\/www.moskito.cz\/produkt\/cuchillo-de-cierre-crkt-m21-10ksf\/"},"modified":"2025-05-07T11:09:19","modified_gmt":"2025-05-07T10:09:19","slug":"cuchillo-de-cierre-crkt-m21-10ksf","status":"publish","type":"product","link":"https:\/\/www.moskito.cz\/es\/produkt\/cuchillo-de-cierre-crkt-m21-10ksf\/","title":{"rendered":"Cuchillo de cierre CRKT M21-10KSF"},"content":{"rendered":"<p>Cuchillo de cierre <strong>CRKT<\/strong> M21-10KSF.<\/p>\n<p>Dise\u00f1ado por Kit Carson en Vine Grove, Kentucky<\/p>\n<p>La serie de transporte diario de acero inoxidable M21 \u2122 proviene de una larga l\u00ednea de herramientas militares. Ahora puede realizar tareas civiles con esta plataforma de dise\u00f1o de cuchillos probada que es simple, duradera y asequible. Si eres fan\u00e1tico de los cuchillos plegables t\u00e1cticos M16 \u2122 de Kit Carson, querr\u00e1s ver esta variaci\u00f3n para llevar a diario.<br \/>\nCerradura de marco con doble manija<br \/>\nEngranaje Triple Point\u2122<br \/>\nAcabado de hoja de \u00f3xido negro.<\/p>\n<p>ESPECIFICACIONES<br \/>\nLongitud de la hoja 3,13 pulg. (79,60 mm)<br \/>\nBlade Edge Triple Point Serrations\u2122<br \/>\nHoja de acero 8Cr14MoV<br \/>\nCompletando la hoja de ox\u00edgeno<br \/>\nGrosor de la hoja 0,44&#8243; (2,44 mm)<br \/>\nLongitud total 7,19&#8243; (182,58 mm)<br \/>\nLongitud cerrada 4,01&#8243; (101,88 mm)<br \/>\nPeso 2,80 onzas. (79,38 g)<br \/>\nMango de acero inoxidable<br \/>\nEstilo Navaja plegable con bloqueo de marco.<\/p>\n<p><strong>CRKT\u00ae<\/strong> (Columbia River Knife and Tool\u00ae) fue fundada en 1994. Desde el primer d\u00eda, ha dado prioridad a la innovaci\u00f3n y la integridad. Est\u00e1 comprometido a fabricar cuchillos y herramientas que inspiren y duren. Trabaja con los mejores dise\u00f1adores del mundo y trabaja seg\u00fan un principio simple: que lo mejor que puede ofrecer a los clientes es confianza en sus manos.<\/p>\n<p><iframe title=\"CRKT M21-10KSF Knife | A Kit Carson Design\" width=\"800\" height=\"450\" src=\"https:\/\/www.youtube.com\/embed\/dTHU_9PxQCc?feature=oembed\" frameborder=\"0\" allow=\"accelerometer; autoplay; clipboard-write; encrypted-media; gyroscope; picture-in-picture; web-share\" referrerpolicy=\"strict-origin-when-cross-origin\" allowfullscreen><\/iframe><\/p>\n<p>&nbsp;<\/p>\n<p>&nbsp;<\/p>\n","protected":false},"excerpt":{"rendered":"<p>Dise\u00f1ado por Kit Carson en Vine Grove, Kentucky.<\/p>\n","protected":false},"featured_media":327885,"comment_status":"open","ping_status":"closed","template":"","meta":[],"pwb-brand":[3765],"product_brand":[],"product_cat":[3730,3726],"product_tag":[3756],"class_list":{"0":"post-327883","1":"product","2":"type-product","3":"status-publish","4":"has-post-thumbnail","6":"pwb-brand-crkt-es","7":"product_cat-cuchillas-de-cierre","8":"product_cat-cuchillos","9":"product_tag-b2b-es","11":"first","12":"instock","13":"taxable","14":"shipping-taxable","15":"purchasable","16":"product-type-simple"},"brands":[{"id":3765,"name":"CRKT","slug":"crkt-es"}],"_links":{"self":[{"href":"https:\/\/www.moskito.cz\/es\/wp-json\/wp\/v2\/product\/327883","targetHints":{"allow":["GET"]}}],"collection":[{"href":"https:\/\/www.moskito.cz\/es\/wp-json\/wp\/v2\/product"}],"about":[{"href":"https:\/\/www.moskito.cz\/es\/wp-json\/wp\/v2\/types\/product"}],"replies":[{"embeddable":true,"href":"https:\/\/www.moskito.cz\/es\/wp-json\/wp\/v2\/comments?post=327883"}],"wp:featuredmedia":[{"embeddable":true,"href":"https:\/\/www.moskito.cz\/es\/wp-json\/wp\/v2\/media\/327885"}],"wp:attachment":[{"href":"https:\/\/www.moskito.cz\/es\/wp-json\/wp\/v2\/media?parent=327883"}],"wp:term":[{"taxonomy":"pwb-brand","embeddable":true,"href":"https:\/\/www.moskito.cz\/es\/wp-json\/wp\/v2\/pwb-brand?post=327883"},{"taxonomy":"product_brand","embeddable":true,"href":"https:\/\/www.moskito.cz\/es\/wp-json\/wp\/v2\/product_brand?post=327883"},{"taxonomy":"product_cat","embeddable":true,"href":"https:\/\/www.moskito.cz\/es\/wp-json\/wp\/v2\/product_cat?post=327883"},{"taxonomy":"product_tag","embeddable":true,"href":"https:\/\/www.moskito.cz\/es\/wp-json\/wp\/v2\/product_tag?post=327883"}],"curies":[{"name":"wp","href":"https:\/\/api.w.org\/{rel}","templated":true}]}}