{"id":327961,"date":"2022-09-21T20:00:28","date_gmt":"2024-04-08T14:41:54","guid":{"rendered":"https:\/\/www.moskito.cz\/produkt\/cuchillo-de-lanzamiento-kershaw-lanzamiento-1-7100bw\/"},"modified":"2025-05-07T11:09:22","modified_gmt":"2025-05-07T10:09:22","slug":"cuchillo-de-lanzamiento-kershaw-lanzamiento-1-7100bw","status":"publish","type":"product","link":"https:\/\/www.moskito.cz\/es\/produkt\/cuchillo-de-lanzamiento-kershaw-lanzamiento-1-7100bw\/","title":{"rendered":"Cuchillo de Lanzamiento Kershaw LANZAMIENTO 1 7100BW"},"content":{"rendered":"<p>Cuchillo de Lanzamiento <strong>Kershaw<\/strong> LANZAMIENTO 1 7100BW.<\/p>\n<p>Si ha estado pensando en una navaja autom\u00e1tica, la Launch 1 podr\u00eda ser la indicada. Esta autom\u00e1tica cuenta con hoja de acero CPM 154, una fuerte patada de apertura y est\u00e1 fabricada en los EE. UU. en las instalaciones de fabricaci\u00f3n de Kershaw en Tualatin, Oreg\u00f3n. Cuenta con una hoja grande y vers\u00e1til con hoja BlackWash\u2122 que ayuda a ocultar los rayones del uso. Espaciador integrado con cord\u00f3n.<\/p>\n<p>Hecho en EE.UU<br \/>\nLa hoja de acero para pulvimetalurgia CPM 154 engancha y mantiene un borde excelente, proporciona resistencia a la corrosi\u00f3n, resistencia al desgaste y dureza.<br \/>\nEl mango de aluminio anodizado, ligero y resistente, tiene una forma que permite un agarre seguro.<br \/>\nUn bot\u00f3n de bajo perfil dificulta el despliegue accidental de la hoja<\/p>\n<p>Usar todos los d\u00edas, trabajo, t\u00e1cticas.<br \/>\nIngresar Autom\u00e1ticamente, Carpeta<br \/>\nNavaja de bolsillo con estilo<br \/>\nDise\u00f1ador Kershaw Originales<br \/>\nPunto de ca\u00edda estilo hoja<br \/>\nBorde de la hoja liso<br \/>\nAcci\u00f3n de apertura autom\u00e1tica<br \/>\nSe abre con un bot\u00f3n<br \/>\nTipo de bloqueo Bloqueo de botones<br \/>\nClip de bolsillo de doble cara (derecha\/izquierda, plegable)<br \/>\nColor del mango Negro<br \/>\nHecho en los EE.UU. S\u00ed<br \/>\nPa\u00eds de origen EE.UU.: Dise\u00f1o, Prototipo, Control de Calidad, Fabricaci\u00f3n<br \/>\nGarant\u00eda Garant\u00eda limitada de por vida<\/p>\n<p>&nbsp;<\/p>\n","protected":false},"excerpt":{"rendered":"<p>El fundador de Kershaw, Pete Kershaw, conoc\u00eda la importancia de la calidad garantizada. A finales de 1974, decidi\u00f3 iniciar su propia empresa de cuchillos en una planta de cemento en Lake Oswego, Oreg\u00f3n.<\/p>\n<p>En Jap\u00f3n, el director general Kai Koji Endo cre\u00eda que Kershaw ten\u00eda a\u00fan m\u00e1s potencial de crecimiento. En 1996, Endo invirti\u00f3 en una planta de fabricaci\u00f3n estadounidense en la base de Kai USA en Wilsonville. Cre\u00eda que ayudar\u00eda a Kershaw a alcanzar su m\u00e1ximo potencial. Y pronto Kai USA contrat\u00f3 un nuevo equipo de producci\u00f3n para el trabajo.<\/p>\n<p><strong>Transporte gratuito.<\/strong><\/p>\n","protected":false},"featured_media":327970,"comment_status":"open","ping_status":"closed","template":"","meta":[],"pwb-brand":[3777],"product_brand":[],"product_cat":[3729,3726],"product_tag":[],"class_list":{"0":"post-327961","1":"product","2":"type-product","3":"status-publish","4":"has-post-thumbnail","6":"pwb-brand-kershaw-es","7":"product_cat-cuchillos-de-tiro","8":"product_cat-cuchillos","10":"first","11":"instock","12":"taxable","13":"shipping-taxable","14":"purchasable","15":"product-type-simple"},"brands":[{"id":3777,"name":"Kershaw","slug":"kershaw-es"}],"_links":{"self":[{"href":"https:\/\/www.moskito.cz\/es\/wp-json\/wp\/v2\/product\/327961","targetHints":{"allow":["GET"]}}],"collection":[{"href":"https:\/\/www.moskito.cz\/es\/wp-json\/wp\/v2\/product"}],"about":[{"href":"https:\/\/www.moskito.cz\/es\/wp-json\/wp\/v2\/types\/product"}],"replies":[{"embeddable":true,"href":"https:\/\/www.moskito.cz\/es\/wp-json\/wp\/v2\/comments?post=327961"}],"wp:featuredmedia":[{"embeddable":true,"href":"https:\/\/www.moskito.cz\/es\/wp-json\/wp\/v2\/media\/327970"}],"wp:attachment":[{"href":"https:\/\/www.moskito.cz\/es\/wp-json\/wp\/v2\/media?parent=327961"}],"wp:term":[{"taxonomy":"pwb-brand","embeddable":true,"href":"https:\/\/www.moskito.cz\/es\/wp-json\/wp\/v2\/pwb-brand?post=327961"},{"taxonomy":"product_brand","embeddable":true,"href":"https:\/\/www.moskito.cz\/es\/wp-json\/wp\/v2\/product_brand?post=327961"},{"taxonomy":"product_cat","embeddable":true,"href":"https:\/\/www.moskito.cz\/es\/wp-json\/wp\/v2\/product_cat?post=327961"},{"taxonomy":"product_tag","embeddable":true,"href":"https:\/\/www.moskito.cz\/es\/wp-json\/wp\/v2\/product_tag?post=327961"}],"curies":[{"name":"wp","href":"https:\/\/api.w.org\/{rel}","templated":true}]}}