{"id":328053,"date":"2022-08-17T19:39:55","date_gmt":"2024-04-08T14:44:08","guid":{"rendered":"https:\/\/www.moskito.cz\/produkt\/cuchillo-de-cierre-crkt-m16-10kz\/"},"modified":"2025-05-27T10:04:57","modified_gmt":"2025-05-27T09:04:57","slug":"cuchillo-de-cierre-crkt-m16-10kz","status":"publish","type":"product","link":"https:\/\/www.moskito.cz\/es\/produkt\/cuchillo-de-cierre-crkt-m16-10kz\/","title":{"rendered":"Cuchillo de cierre CRKT M16-10KZ"},"content":{"rendered":"<div class=\"flex-1 overflow-hidden @container\/thread\">\n<div class=\"h-full\">\n<div class=\"react-scroll-to-bottom--css-vxybp-79elbk h-full\">\n<div class=\"react-scroll-to-bottom--css-vxybp-1n7m0yu\">\n<div class=\"flex flex-col text-sm md:pb-9\">\n<article class=\"w-full scroll-mb-[var(--thread-trailing-height,150px)] text-token-text-primary focus-visible:outline-2 focus-visible:outline-offset-[-4px]\" dir=\"auto\" data-testid=\"conversation-turn-357\" data-scroll-anchor=\"true\">\n<div class=\"m-auto text-base py-[18px] px-3 md:px-4 w-full md:px-5 lg:px-4 xl:px-5\">\n<div class=\"mx-auto flex flex-1 gap-4 text-base md:gap-5 lg:gap-6 md:max-w-3xl\">\n<div class=\"group\/conversation-turn relative flex w-full min-w-0 flex-col agent-turn\">\n<div class=\"flex-col gap-1 md:gap-3\">\n<div class=\"flex max-w-full flex-col flex-grow\">\n<div class=\"min-h-8 text-message flex w-full flex-col items-end gap-2 whitespace-normal break-words text-start [.text-message+&amp;]:mt-5\" dir=\"auto\" data-message-author-role=\"assistant\" data-message-id=\"acf6ae39-712b-45dc-9ff5-59252f326045\" data-message-model-slug=\"gpt-4o-mini\">\n<div class=\"flex w-full flex-col gap-1 empty:hidden first:pt-[3px]\">\n<div class=\"markdown prose w-full break-words dark:prose-invert light\">\n<p><strong>El cuchillo plegable CRKT M16-10KZ<\/strong> es parte de la popular serie M16\u00ae, dise\u00f1ada por el legendario dise\u00f1ador Kit Carson, y ofrece una excelente combinaci\u00f3n de funcionalidad, calidad y durabilidad. Este modelo es ideal para el transporte diario (EDC), pero tambi\u00e9n para tareas m\u00e1s exigentes que requieren durabilidad y confiabilidad. <\/p>\n<h3><strong>Caracter\u00edsticas principales:<\/strong><\/h3>\n<ol>\n<li><strong>Materiales de calidad:<\/strong>\n<ul>\n<li><strong>Hoja de acero inoxidable 1.4116<\/strong> : este acero es conocido por su <strong>resistencia a la corrosi\u00f3n<\/strong> y es ideal para cuchillos que se utilizan con regularidad. Ofrece una buena <strong>retenci\u00f3n de la hoja<\/strong> y un mantenimiento relativamente f\u00e1cil. <\/li>\n<li><strong>Tratamiento de superficie EDP<\/strong> : Este recubrimiento negro protege la hoja contra <strong>la corrosi\u00f3n y el desgaste<\/strong> , aumentando la vida \u00fatil del cuchillo y asegurando su <strong>durabilidad est\u00e9tica<\/strong> .<\/li>\n<li><strong>Estr\u00edas Triple Point\u2122<\/strong> : Estas estr\u00edas en la hoja proporcionan <strong>una alta eficiencia de corte<\/strong> , especialmente al cortar materiales como cordones, cuero, telas y otras sustancias m\u00e1s duras. Esta tecnolog\u00eda ofrece <strong>tres veces la eficiencia<\/strong> de las muescas convencionales. <\/li>\n<\/ul>\n<\/li>\n<li><strong>Dise\u00f1o ergon\u00f3mico para un uso eficiente:<\/strong>\n<ul>\n<li><strong>Carson Flipper<\/strong> : este dise\u00f1o de apertura permite una apertura <strong>r\u00e1pida y sencilla<\/strong> de la hoja con una sola mano, perfecto para situaciones en las que necesita acceso r\u00e1pido a su cuchillo.<\/li>\n<li><strong>Mango de nailon reforzado con fibra de vidrio<\/strong> : este material es muy <strong>duradero<\/strong> y garantiza un <strong>agarre firme y c\u00f3modo<\/strong> del cuchillo incluso en condiciones exigentes. El mango tambi\u00e9n contribuye al <strong>bajo peso<\/strong> del cuchillo. <\/li>\n<\/ul>\n<\/li>\n<li><strong>Caracter\u00edsticas de seguridad:<\/strong>\n<ul>\n<li><strong>Liner Lock<\/strong> : este bloqueo de seguridad garantiza que la hoja est\u00e9 bloqueada de forma segura durante el uso, al mismo tiempo que permite un <strong>f\u00e1cil cierre del cuchillo con una sola mano<\/strong> .<\/li>\n<li><strong>Inserto de seguridad autom\u00e1tico<\/strong> : agrega una capa adicional de protecci\u00f3n al evitar que la hoja <strong>se abra accidentalmente<\/strong> , lo cual es importante para un uso seguro en la vida diaria.<\/li>\n<\/ul>\n<\/li>\n<li><strong>Dise\u00f1o compacto y ligero:<\/strong>\n<ul>\n<li><strong>Longitud total<\/strong> : 7,13&#8243; (180,98 mm)<\/li>\n<li><strong>Longitud cerrada<\/strong> : 4,00&#8243; (101,60 mm)<\/li>\n<li><strong>Peso<\/strong> : 2,30 oz (65,20 g): <strong>dise\u00f1o liviano<\/strong> que es ideal para el uso diario, al mismo tiempo que ofrece tama\u00f1o suficiente para una variedad de tareas.<\/li>\n<\/ul>\n<\/li>\n<\/ol>\n<h3><strong>Especificaciones:<\/strong><\/h3>\n<ul>\n<li><strong>Longitud de la hoja<\/strong> : 3,00&#8243; (76,20 mm)<\/li>\n<li><strong>Filo de la hoja<\/strong> : Estr\u00edas de triple punta\u2122<\/li>\n<li><strong>Material de la hoja<\/strong> : Acero 1.4116<\/li>\n<li><strong>Acabado de la hoja<\/strong> : EDP<\/li>\n<li><strong>Grosor de la hoja<\/strong> : 0,08&#8243; (2,03 mm)<\/li>\n<li><strong>Longitud total<\/strong> : 7,13&#8243; (180,98 mm)<\/li>\n<li><strong>Longitud cerrada<\/strong> : 4,00&#8243; (101,60 mm)<\/li>\n<li><strong>Peso<\/strong> : 2,30 oz (65,20 g)<\/li>\n<li><strong>Mango<\/strong> : nailon reforzado con fibra de vidrio<\/li>\n<li><strong>Estilo<\/strong> : Navaja plegable con <strong>Liner Lock<\/strong><\/li>\n<\/ul>\n<h3><strong>\u00bfPara qu\u00e9 sirve?<\/strong><\/h3>\n<ol>\n<li><strong>Uso cotidiano (EDC)<\/strong> :<br \/>\n Este cuchillo est\u00e1 dise\u00f1ado para tareas cotidianas como abrir paquetes, paquetes, cortar cordones, cables y otros materiales. Combinado con <strong>dentados Triple Point\u2122,<\/strong> es excelente para <strong>cortar de manera r\u00e1pida y eficiente<\/strong> materiales m\u00e1s pesados. <\/li>\n<li><strong>Actividades al aire libre y de acampada<\/strong> :<br \/>\n Aunque es un cuchillo compacto, su durabilidad y capacidad para sujetar bien la hoja hacen que este modelo sea ideal para <strong>tareas de campamento<\/strong> , como cortar le\u00f1a para una fogata, preparar comida u otras actividades comunes al aire libre.<\/li>\n<li><strong>Rescate y uso t\u00e1ctico<\/strong> :<br \/>\n Gracias a <strong>las estr\u00edas Triple Point\u2122<\/strong> y <strong>una construcci\u00f3n robusta,<\/strong> este cuchillo es adecuado para <strong>tareas de rescate<\/strong> o como un EDC t\u00e1ctico para fuerzas militares o de seguridad. Es ideal para afrontar situaciones de crisis donde es importante contar con una herramienta confiable. <\/li>\n<li><strong>Viajes y actividades diarias<\/strong> :<br \/>\n El cuchillo es lo suficientemente compacto para llevarlo f\u00e1cilmente en el bolsillo o en el llavero, y est\u00e1 listo para diversas tareas durante el d\u00eda cuando lo necesite.<\/li>\n<\/ol>\n<h3><strong>Ventajas:<\/strong><\/h3>\n<ul>\n<li><strong>Dentados Triple Point\u2122<\/strong> para un corte eficiente de diversos materiales.<\/li>\n<li><strong>Dise\u00f1o ligero y compacto<\/strong> , ideal para el uso diario.<\/li>\n<li><strong>Apertura r\u00e1pida<\/strong> gracias al Carson Flipper.<\/li>\n<li><strong>Bloqueo de seguridad<\/strong> para bloquear firmemente la cuchilla durante el uso.<\/li>\n<li><strong>Materiales duraderos<\/strong> y <strong>larga vida \u00fatil<\/strong> gracias al acero de alta calidad y al mango de nailon.<\/li>\n<li><strong>Tratamiento superficial EDP<\/strong> , que garantiza <strong>resistencia a la corrosi\u00f3n<\/strong> y <strong>apariencia est\u00e9tica<\/strong> .<\/li>\n<\/ul>\n<h3><strong>Resumen:<\/strong><\/h3>\n<p><strong>El CRKT M16-10KZ<\/strong> es un cuchillo confiable y pr\u00e1ctico que ofrece <strong>calidad<\/strong> , <strong>funcionalidad<\/strong> y <strong>un dise\u00f1o<\/strong> inspirado en los cuchillos t\u00e1cticos. Con sus <strong>dentados Triple Point\u2122<\/strong> , <strong>apertura r\u00e1pida<\/strong> , <strong>mecanismo de seguridad<\/strong> y acabado duradero, es la herramienta ideal para el uso diario as\u00ed como para las tareas m\u00e1s exigentes. Ya sea <strong>para acampar<\/strong> , <strong>para trabajar en el campo<\/strong> o <strong>para llevarlo a diario<\/strong> , este cuchillo est\u00e1 listo para cualquier cosa.  <\/p>\n<\/div>\n<\/div>\n<\/div>\n<\/div>\n<div class=\"mb-2 flex gap-3 empty:hidden -ml-2\">\n<div class=\"items-center justify-start rounded-xl p-1 flex\">\n<div class=\"flex items-center\"><\/div>\n<\/div>\n<\/div>\n<div class=\"pr-2 lg:pr-0\"><\/div>\n<\/div>\n<\/div>\n<\/div>\n<\/div>\n<\/article>\n<\/div>\n<\/div>\n<\/div>\n<\/div>\n<\/div>\n","protected":false},"excerpt":{"rendered":"<p><strong>El CRKT M16-10KZ es un cuchillo confiable y pr\u00e1ctico que ofrece calidad, funcionalidad y un dise\u00f1o inspirado en los cuchillos t\u00e1cticos. Con sus dentados Triple Point\u2122, apertura r\u00e1pida, mecanismo de seguridad y acabado duradero, es la herramienta ideal para el uso diario y las tareas m\u00e1s exigentes. Ya sea para acampar, para trabajar en el campo o para llevarlo a diario, este cuchillo est\u00e1 listo para cualquier cosa.  <\/strong><\/p>\n","protected":false},"featured_media":328054,"comment_status":"open","ping_status":"closed","template":"","meta":[],"pwb-brand":[3765],"product_brand":[],"product_cat":[3730,3726],"product_tag":[3756],"class_list":{"0":"post-328053","1":"product","2":"type-product","3":"status-publish","4":"has-post-thumbnail","6":"pwb-brand-crkt-es","7":"product_cat-cuchillas-de-cierre","8":"product_cat-cuchillos","9":"product_tag-b2b-es","11":"first","12":"outofstock","13":"taxable","14":"shipping-taxable","15":"purchasable","16":"product-type-simple"},"brands":[{"id":3765,"name":"CRKT","slug":"crkt-es"}],"_links":{"self":[{"href":"https:\/\/www.moskito.cz\/es\/wp-json\/wp\/v2\/product\/328053","targetHints":{"allow":["GET"]}}],"collection":[{"href":"https:\/\/www.moskito.cz\/es\/wp-json\/wp\/v2\/product"}],"about":[{"href":"https:\/\/www.moskito.cz\/es\/wp-json\/wp\/v2\/types\/product"}],"replies":[{"embeddable":true,"href":"https:\/\/www.moskito.cz\/es\/wp-json\/wp\/v2\/comments?post=328053"}],"wp:featuredmedia":[{"embeddable":true,"href":"https:\/\/www.moskito.cz\/es\/wp-json\/wp\/v2\/media\/328054"}],"wp:attachment":[{"href":"https:\/\/www.moskito.cz\/es\/wp-json\/wp\/v2\/media?parent=328053"}],"wp:term":[{"taxonomy":"pwb-brand","embeddable":true,"href":"https:\/\/www.moskito.cz\/es\/wp-json\/wp\/v2\/pwb-brand?post=328053"},{"taxonomy":"product_brand","embeddable":true,"href":"https:\/\/www.moskito.cz\/es\/wp-json\/wp\/v2\/product_brand?post=328053"},{"taxonomy":"product_cat","embeddable":true,"href":"https:\/\/www.moskito.cz\/es\/wp-json\/wp\/v2\/product_cat?post=328053"},{"taxonomy":"product_tag","embeddable":true,"href":"https:\/\/www.moskito.cz\/es\/wp-json\/wp\/v2\/product_tag?post=328053"}],"curies":[{"name":"wp","href":"https:\/\/api.w.org\/{rel}","templated":true}]}}