{"id":328063,"date":"2021-10-17T19:07:32","date_gmt":"2024-04-08T14:47:53","guid":{"rendered":"https:\/\/www.moskito.cz\/produkt\/cuchillo-solido-sog-seal-pup-funda-de-nylon-balistico\/"},"modified":"2025-05-07T11:09:24","modified_gmt":"2025-05-07T10:09:24","slug":"cuchillo-solido-sog-seal-pup-funda-de-nylon-balistico","status":"publish","type":"product","link":"https:\/\/www.moskito.cz\/es\/produkt\/cuchillo-solido-sog-seal-pup-funda-de-nylon-balistico\/","title":{"rendered":"Cuchillo s\u00f3lido SOG SEAL PUP FUNDA DE NYLON BAL\u00cdSTICO"},"content":{"rendered":"<p>Nuestra historia comienza en Vietnam, donde los miembros de la fuerza de operaciones especiales ultrasecreta de Estados Unidos, conocida como MACV &#8211; <strong>SOG<\/strong> , llevaron un cuchillo secreto \u00fanico a la jungla en misiones encubiertas. Unos a\u00f1os m\u00e1s tarde, en 1986, este cuchillo inspir\u00f3 a un joven dise\u00f1ador llamado Spencer Frazer a fundar <strong>SOG<\/strong> Specialty Knives. Su misi\u00f3n: reproducir el cuchillo <strong>SOG<\/strong> Bowie original y rendir homenaje a la unidad de operaciones especiales que lo cre\u00f3. Lo que comenz\u00f3 como un \u00fanico modelo conmemorativo pronto se convirti\u00f3 en toda una l\u00ednea de herramientas innovadoras, probadas por las Fuerzas Especiales de EE. UU., incluso premiadas como el cuchillo preferido de los Navy SEAL. Hoy en d\u00eda, los cuchillos SOG se usan con confianza en las situaciones m\u00e1s exigentes. Forjado a partir de la tradici\u00f3n, endurecido en el campo, archivado para ti.<\/p>\n<p>Ya sea que est\u00e9s protegiendo a otros o liderando una expedici\u00f3n de caza \u00e9pica, afrontando uno de los desaf\u00edos cotidianos de la vida o afrontando las condiciones m\u00e1s extremas hasta el momento, sigue tu camino con <strong>SOG<\/strong> .<\/p>\n<p>Cuchillo S\u00f3lido FUNDA DE NYLON BAL\u00cdSTICO <strong>SOG<\/strong> SEAL PUP.<\/p>\n<p><strong>El SEAL Pup<\/strong> cuenta con una hoja semidentada AUS-8 con recubrimiento en polvo para baja reflectividad y resistencia a la corrosi\u00f3n. Su mango liviano de nailon reforzado con vidrio tiene un patr\u00f3n de diamantes en relieve para un agarre seguro.<\/p>\n<p><strong>El Seal Pup<\/strong> est\u00e1 hecho para quienes sirven y adem\u00e1s cumplen con los est\u00e1ndares o para personas que necesitan un cuchillo fuerte y confiable con hoja fija.<\/p>\n<p><strong>SEAL Pup<\/strong> tiene legiones de fan\u00e1ticos en todo el mundo. Desde el trabajo m\u00e1s simple hasta el m\u00e1s desgarrador, ella sigui\u00f3 cumpliendo.<\/p>\n<p><strong>Funci\u00f3n<\/strong><br \/>\nCuchillo t\u00e1ctico con hoja fija fabricado en acero AUS-8, mango de nailon reforzado con vidrio duradero y de f\u00e1cil agarre. Viene con dos opciones de funda.<\/p>\n<p><strong>AUS-8<\/strong><br \/>\nAcero inoxidable japon\u00e9s de alta calidad con un buen equilibrio entre dureza y resistencia, capacidad de sujeci\u00f3n de bordes y resistencia a la corrosi\u00f3n.<\/p>\n<p><strong>MANGO VERDE<\/strong><br \/>\nCon un patr\u00f3n de diamantes en relieve para un agarre seguro.<\/p>\n<p><strong>HOJA PARCIALMENTE SENTADA<\/strong><br \/>\nOfrece los beneficios de los bordes rectos y dentados en una sola hoja.<\/p>\n<p>LARGO TOTAL: 22,5 cm<br \/>\nPESO DEL PRODUCTO: 5.40 oz<br \/>\nLONGITUD DE LA HOJA: 12 cm<br \/>\nTIPO DE BORDE : Parcialmente dentado<br \/>\nTIPO DE HOJA: AUS-8<br \/>\nFORMA DE LA HOJA: Punta de clip<br \/>\nMATERIAL DEL MANGO: Nylon reforzado con vidrio<br \/>\nCOLOR DEL MANGO: Negro<br \/>\nDUREZA : RC 57-58<br \/>\nFUNDA INCLUIDA : S\u00ed<br \/>\nCOLOR DE LA HOJA: Negro<br \/>\nTIPO DE FIJACI\u00d3N DE HOJA: MOLLE<br \/>\nMATERIAL DE LA HOJA: Nailon bal\u00edstico<\/p>\n<p>El SEAL Pup tiene una hoja AUS-8 parcialmente dentada con recubrimiento en polvo para baja reflexi\u00f3n y resistencia a la corrosi\u00f3n. Su mango liviano de nailon reforzado con vidrio presenta un patr\u00f3n de diamantes en relieve para un agarre seguro.<\/p>\n<p>Hecho para quienes sirven, el Seal Pup tambi\u00e9n cumple con los est\u00e1ndares de las personas que necesitan un cuchillo de hoja fija fuerte y confiable.<\/p>\n<p>El SEAL Pup tiene una legi\u00f3n de fan\u00e1ticos en todo el mundo. Desde el trabajo m\u00e1s simple hasta el m\u00e1s desgarrador, siempre hab\u00eda cumplido.<\/p>\n<p>Caracter\u00edsticas<br \/>\nNavaja t\u00e1ctica de hoja fija con acero AUS-8 y duradera, y mango de nailon reforzado con vidrio de f\u00e1cil agarre. Viene con dos opciones de funda.<\/p>\n<p>AUS-8<br \/>\nUn acero inoxidable japon\u00e9s de alta calidad con un buen equilibrio entre dureza y resistencia, capacidad de sujeci\u00f3n de bordes y resistencia a la corrosi\u00f3n.<\/p>\n<p>MANGO VERDE<br \/>\nCon un patr\u00f3n de diamantes en relieve para un agarre seguro.<\/p>\n<p>HOJA PARCIALMENTE SENTADA<br \/>\nOfrece los beneficios de los bordes rectos y dentados en una sola hoja.<\/p>\n<p>LONGITUD TOTAL<br \/>\n9&#8243;<br \/>\nPESO DEL PRODUCTO<br \/>\n5,40 onzas<br \/>\nLONGITUD DE LA HOJA<br \/>\n4,75&#8243;<br \/>\nGROSOR DE LA HOJA<br \/>\n0,19&#8243;<br \/>\nUPC<br \/>\n7-29857-99476-7<br \/>\nINFORMACI\u00d3N DEL NSN<br \/>\n7340-01-527-7123<br \/>\nES PREVENTA<br \/>\nEN<br \/>\nFECHA DE PREVENTA<br \/>\nEN<br \/>\nFAMILIA DE PRODUCTOS<br \/>\nCr\u00eda de foca<br \/>\nTIPO DE PRODUCTO<br \/>\nHoja fija<br \/>\nAGUJERO PARA CORD\u00d3N<br \/>\nS\u00ed<br \/>\nCORD\u00d3N INCLUIDO<br \/>\nS\u00ed<br \/>\nMATERIAL DEL CORD\u00d3N<br \/>\nNylon<br \/>\nEMBALAJE<br \/>\nCaja conectable<br \/>\nGRABABLE<br \/>\nS\u00ed<br \/>\nFINALIZAR<br \/>\nRecubierto en polvo<br \/>\nTIPO DE BORDE<br \/>\nParcialmente dentado<br \/>\nTIPO DE ACERO DE LA HOJA<br \/>\nAUS-8<br \/>\nFORMA DE LA HOJA<br \/>\nPunto de recorte<br \/>\nTIPO DE COLUMNA<br \/>\nDerecho<br \/>\nMATERIAL DEL MANGO<br \/>\nNailon reforzado con vidrio<br \/>\nCOLOR DEL MANGO<br \/>\nNegro<br \/>\nDUREZA<br \/>\nRC. 57-58<br \/>\nFUNDA INCLUIDA<br \/>\nS\u00ed<br \/>\nCOLOR DE LA FUNDA<br \/>\nNegro<br \/>\nTIPO DE FIJACI\u00d3N DE LA FUNDA<br \/>\nMOLLE<br \/>\nTIPO DE CIERRE DE FUNDA<br \/>\nGancho y bucle<br \/>\nMATERIAL DE LA FUNDA<br \/>\nNailon bal\u00edstico<\/p>\n","protected":false},"excerpt":{"rendered":"<p>Ya sea que est\u00e9s protegiendo a otros o liderando una expedici\u00f3n de caza \u00e9pica, afrontando uno de los desaf\u00edos cotidianos de la vida o afrontando las condiciones m\u00e1s extremas hasta el momento, sigue tu camino con <strong>SOG<\/strong> .<\/p>\n<p><strong>\u00a1Ofrecemos una garant\u00eda de por vida en todos los cuchillos SOG!<\/strong><\/p>\n","protected":false},"featured_media":328106,"comment_status":"open","ping_status":"closed","template":"","meta":[],"pwb-brand":[3848],"product_brand":[],"product_cat":[3726,3727],"product_tag":[3756],"class_list":{"0":"post-328063","1":"product","2":"type-product","3":"status-publish","4":"has-post-thumbnail","6":"pwb-brand-sog-es","7":"product_cat-cuchillos","8":"product_cat-cuchillos-macizos","9":"product_tag-b2b-es","11":"first","12":"instock","13":"virtual","14":"taxable","15":"purchasable","16":"product-type-simple"},"brands":[{"id":3848,"name":"SOG","slug":"sog-es"}],"_links":{"self":[{"href":"https:\/\/www.moskito.cz\/es\/wp-json\/wp\/v2\/product\/328063","targetHints":{"allow":["GET"]}}],"collection":[{"href":"https:\/\/www.moskito.cz\/es\/wp-json\/wp\/v2\/product"}],"about":[{"href":"https:\/\/www.moskito.cz\/es\/wp-json\/wp\/v2\/types\/product"}],"replies":[{"embeddable":true,"href":"https:\/\/www.moskito.cz\/es\/wp-json\/wp\/v2\/comments?post=328063"}],"wp:featuredmedia":[{"embeddable":true,"href":"https:\/\/www.moskito.cz\/es\/wp-json\/wp\/v2\/media\/328106"}],"wp:attachment":[{"href":"https:\/\/www.moskito.cz\/es\/wp-json\/wp\/v2\/media?parent=328063"}],"wp:term":[{"taxonomy":"pwb-brand","embeddable":true,"href":"https:\/\/www.moskito.cz\/es\/wp-json\/wp\/v2\/pwb-brand?post=328063"},{"taxonomy":"product_brand","embeddable":true,"href":"https:\/\/www.moskito.cz\/es\/wp-json\/wp\/v2\/product_brand?post=328063"},{"taxonomy":"product_cat","embeddable":true,"href":"https:\/\/www.moskito.cz\/es\/wp-json\/wp\/v2\/product_cat?post=328063"},{"taxonomy":"product_tag","embeddable":true,"href":"https:\/\/www.moskito.cz\/es\/wp-json\/wp\/v2\/product_tag?post=328063"}],"curies":[{"name":"wp","href":"https:\/\/api.w.org\/{rel}","templated":true}]}}