{"id":328087,"date":"2022-09-06T21:24:40","date_gmt":"2024-04-08T14:48:19","guid":{"rendered":"https:\/\/www.moskito.cz\/produkt\/cuchillo-de-cierre-crkt-seis-7123\/"},"modified":"2025-05-07T11:09:24","modified_gmt":"2025-05-07T10:09:24","slug":"cuchillo-de-cierre-crkt-seis-7123","status":"publish","type":"product","link":"https:\/\/www.moskito.cz\/es\/produkt\/cuchillo-de-cierre-crkt-seis-7123\/","title":{"rendered":"Cuchillo de cierre CRKT SEIS 7123"},"content":{"rendered":"<p>Cuchillo de cierre <strong>CRKT<\/strong> SEIS 7123.<\/p>\n<p>Significa seis, pero hace todos los trucos. El fabricante de cuchillos Richard Rogers ha estado dise\u00f1ando cuchillos durante m\u00e1s de dos d\u00e9cadas, brindando a los fan\u00e1ticos sus dise\u00f1os favoritos de Cuatro\u2122 y Cinco\u2122. Cuenta y presenta la Seis\u2122, una navaja de bolsillo plegable de uso diario que es lo suficientemente grande para realizar un trabajo serio y lo suficientemente compacta para el uso diario. Gracias a IKBS\u2122 para una implementaci\u00f3n s\u00faper fluida, no tendr\u00e1 que contar hasta seis para usarlo.<\/p>\n<p>Cuando el dise\u00f1ador de cuchillos Richard Rogers nombr\u00f3 Cinco\u2122 en honor al apodo de su padre, era natural continuar la secuencia. Y por eso nos trae la Seis\u2122, una navaja plegable vers\u00e1til con un perfil delgado que es flexible y tiene un dise\u00f1o elegante. El clip de bolsillo es vers\u00e1til y est\u00e1 dise\u00f1ado para ser ambidiestro y permitir un agarre con la mano izquierda o derecha; incluso puedes desenroscarlo para personalizarlo a\u00fan m\u00e1s. Debido al dise\u00f1o de doble cara, no es dif\u00edcil encontrar un agarre c\u00f3modo a lo largo del mango de nailon reforzado con fibra de vidrio con una textura similar al cuero.<\/p>\n<p>Con una hoja de acero inoxidable de 3,32\u201d, Seis\u2122 se despliega r\u00e1pida y s\u00faper suavemente gracias a la tecnolog\u00eda IKBS\u2122. Un verdadero cuchillo de uso diario, este cuchillo no s\u00f3lo resiste la prueba del trabajo duro, sino que la punta de la hoja es lo suficientemente fina para un corte m\u00e1s preciso. Y gracias al dise\u00f1o f\u00e1cil de usar y las modestas dimensiones del cuchillo, ser\u00e1 una herramienta popular para guardar en lo profundo de su bolsillo.<\/p>\n<p>Significa seis, pero Seis\u2122 hace todos los trucos.<\/p>\n<p>ESPECIFICACIONES<br \/>\nLongitud de la hoja 3,32&#8243; (84,38 mm)<br \/>\nHoja de hoja Lisa<br \/>\nHoja de acero 1.4116<br \/>\nAcabado de la superficie de la hoja Granallado<br \/>\nGrosor de la hoja 0,09&#8243; (2,36 mm)<br \/>\nLongitud total 7,81&#8243; (198,45 mm)<br \/>\nLongitud cerrada 4,47&#8243; (113,44 mm)<br \/>\nPeso 2,00 oz (56,70 g)<br \/>\nMango Nylon reforzado con vidrio<br \/>\nNavaja plegable estilo con bloqueo para revestimiento<\/p>\n<p><iframe title=\"CRKT SEIS\u2122 | Richard Rogers Design\" width=\"800\" height=\"450\" src=\"https:\/\/www.youtube.com\/embed\/J_t8G1t971Q?feature=oembed\" frameborder=\"0\" allow=\"accelerometer; autoplay; clipboard-write; encrypted-media; gyroscope; picture-in-picture; web-share\" referrerpolicy=\"strict-origin-when-cross-origin\" allowfullscreen><\/iframe><\/p>\n<p>&nbsp;<\/p>\n","protected":false},"excerpt":{"rendered":"<p>Dise\u00f1ado por Richard Rogers en Magdalena, Nuevo M\u00e9xico.<\/p>\n","protected":false},"featured_media":328088,"comment_status":"open","ping_status":"closed","template":"","meta":[],"pwb-brand":[3765],"product_brand":[],"product_cat":[3730,3726],"product_tag":[3756],"class_list":{"0":"post-328087","1":"product","2":"type-product","3":"status-publish","4":"has-post-thumbnail","6":"pwb-brand-crkt-es","7":"product_cat-cuchillas-de-cierre","8":"product_cat-cuchillos","9":"product_tag-b2b-es","11":"first","12":"outofstock","13":"sale","14":"taxable","15":"shipping-taxable","16":"purchasable","17":"product-type-simple"},"brands":[{"id":3765,"name":"CRKT","slug":"crkt-es"}],"_links":{"self":[{"href":"https:\/\/www.moskito.cz\/es\/wp-json\/wp\/v2\/product\/328087","targetHints":{"allow":["GET"]}}],"collection":[{"href":"https:\/\/www.moskito.cz\/es\/wp-json\/wp\/v2\/product"}],"about":[{"href":"https:\/\/www.moskito.cz\/es\/wp-json\/wp\/v2\/types\/product"}],"replies":[{"embeddable":true,"href":"https:\/\/www.moskito.cz\/es\/wp-json\/wp\/v2\/comments?post=328087"}],"wp:featuredmedia":[{"embeddable":true,"href":"https:\/\/www.moskito.cz\/es\/wp-json\/wp\/v2\/media\/328088"}],"wp:attachment":[{"href":"https:\/\/www.moskito.cz\/es\/wp-json\/wp\/v2\/media?parent=328087"}],"wp:term":[{"taxonomy":"pwb-brand","embeddable":true,"href":"https:\/\/www.moskito.cz\/es\/wp-json\/wp\/v2\/pwb-brand?post=328087"},{"taxonomy":"product_brand","embeddable":true,"href":"https:\/\/www.moskito.cz\/es\/wp-json\/wp\/v2\/product_brand?post=328087"},{"taxonomy":"product_cat","embeddable":true,"href":"https:\/\/www.moskito.cz\/es\/wp-json\/wp\/v2\/product_cat?post=328087"},{"taxonomy":"product_tag","embeddable":true,"href":"https:\/\/www.moskito.cz\/es\/wp-json\/wp\/v2\/product_tag?post=328087"}],"curies":[{"name":"wp","href":"https:\/\/api.w.org\/{rel}","templated":true}]}}