{"id":328136,"date":"2022-11-19T19:31:53","date_gmt":"2024-04-08T14:49:17","guid":{"rendered":"https:\/\/www.moskito.cz\/produkt\/cuchillo-de-cierre-ceo-crkt\/"},"modified":"2025-05-07T11:09:26","modified_gmt":"2025-05-07T10:09:26","slug":"cuchillo-de-cierre-ceo-crkt","status":"publish","type":"product","link":"https:\/\/www.moskito.cz\/es\/produkt\/cuchillo-de-cierre-ceo-crkt\/","title":{"rendered":"Cuchillo de cierre CEO CRKT"},"content":{"rendered":"<p>Cuchillo de cierre CEO <strong>de CRKT<\/strong> .<\/p>\n<p>Un cuchillo vestido para el \u00e9xito.<\/p>\n<p>A primera vista, podr\u00eda confundirse con un bol\u00edgrafo escondido en el bolsillo de una camisa. Y as\u00ed es exactamente como se dise\u00f1\u00f3 la navaja CEO. Con un perfil extremadamente bajo y sin esquinas a expensas de la facilidad de uso y la ergonom\u00eda, encarna el esp\u00edritu de trabajo del uso diario.<br \/>\nPerfil extremadamente bajo y peso ligero; c\u00f3modo de llevar en el bolsillo delantero de una camisa<br \/>\nEl pasador empotrado con sistema de rodamiento de bolas IKBS\u2122 garantiza un acoplamiento r\u00e1pido y suave de la hoja<br \/>\nLos duraderos mangos de nailon reforzado con vidrio son livianos y tienen un excelente agarre.<\/p>\n<p>ESPECIFICACIONES<br \/>\nLongitud de la hoja 3,11&#8243; (78,92 mm)<br \/>\nHoja de hoja Lisa<br \/>\nHoja de acero 8Cr13MoV<br \/>\nTratamiento superficial de la hoja Satinado<br \/>\nGrosor de la hoja 0,09&#8243; (2,18 mm)<br \/>\nLongitud total 7,63&#8243; (193,68 mm)<br \/>\nLongitud cerrada 4,45&#8243; (112,98 mm)<br \/>\nPeso 2,10 oz (59,53 g)<br \/>\nMango Nylon reforzado con vidrio<br \/>\nNavaja plegable estilo con bloqueo para revestimiento<\/p>\n","protected":false},"excerpt":{"rendered":"<p>Dise\u00f1ado por Richard Rogers en Magdalena, Nuevo M\u00e9xico.<\/p>\n","protected":false},"featured_media":328137,"comment_status":"open","ping_status":"closed","template":"","meta":[],"pwb-brand":[3765],"product_brand":[],"product_cat":[3730,3726],"product_tag":[3756],"class_list":{"0":"post-328136","1":"product","2":"type-product","3":"status-publish","4":"has-post-thumbnail","6":"pwb-brand-crkt-es","7":"product_cat-cuchillas-de-cierre","8":"product_cat-cuchillos","9":"product_tag-b2b-es","11":"first","12":"outofstock","13":"taxable","14":"shipping-taxable","15":"purchasable","16":"product-type-simple"},"brands":[{"id":3765,"name":"CRKT","slug":"crkt-es"}],"_links":{"self":[{"href":"https:\/\/www.moskito.cz\/es\/wp-json\/wp\/v2\/product\/328136","targetHints":{"allow":["GET"]}}],"collection":[{"href":"https:\/\/www.moskito.cz\/es\/wp-json\/wp\/v2\/product"}],"about":[{"href":"https:\/\/www.moskito.cz\/es\/wp-json\/wp\/v2\/types\/product"}],"replies":[{"embeddable":true,"href":"https:\/\/www.moskito.cz\/es\/wp-json\/wp\/v2\/comments?post=328136"}],"wp:featuredmedia":[{"embeddable":true,"href":"https:\/\/www.moskito.cz\/es\/wp-json\/wp\/v2\/media\/328137"}],"wp:attachment":[{"href":"https:\/\/www.moskito.cz\/es\/wp-json\/wp\/v2\/media?parent=328136"}],"wp:term":[{"taxonomy":"pwb-brand","embeddable":true,"href":"https:\/\/www.moskito.cz\/es\/wp-json\/wp\/v2\/pwb-brand?post=328136"},{"taxonomy":"product_brand","embeddable":true,"href":"https:\/\/www.moskito.cz\/es\/wp-json\/wp\/v2\/product_brand?post=328136"},{"taxonomy":"product_cat","embeddable":true,"href":"https:\/\/www.moskito.cz\/es\/wp-json\/wp\/v2\/product_cat?post=328136"},{"taxonomy":"product_tag","embeddable":true,"href":"https:\/\/www.moskito.cz\/es\/wp-json\/wp\/v2\/product_tag?post=328136"}],"curies":[{"name":"wp","href":"https:\/\/api.w.org\/{rel}","templated":true}]}}