{"id":328218,"date":"2022-09-27T21:37:34","date_gmt":"2024-04-08T14:52:27","guid":{"rendered":"https:\/\/www.moskito.cz\/produkt\/cuchillo-fijo-crkt-chanceinhell-k910kkp\/"},"modified":"2025-05-07T11:09:27","modified_gmt":"2025-05-07T10:09:27","slug":"cuchillo-fijo-crkt-chanceinhell-k910kkp","status":"publish","type":"product","link":"https:\/\/www.moskito.cz\/es\/produkt\/cuchillo-fijo-crkt-chanceinhell-k910kkp\/","title":{"rendered":"Cuchillo Fijo CRKT CHANCEINHELL K910KKP"},"content":{"rendered":"<p>&nbsp;<\/p>\n<div class=\"flex-1 overflow-hidden @container\/thread\">\n<div class=\"h-full\">\n<div class=\"react-scroll-to-bottom--css-vxybp-79elbk h-full\">\n<div class=\"react-scroll-to-bottom--css-vxybp-1n7m0yu\">\n<div class=\"flex flex-col text-sm md:pb-9\">\n<article class=\"w-full scroll-mb-[var(--thread-trailing-height,150px)] text-token-text-primary focus-visible:outline-2 focus-visible:outline-offset-[-4px]\" dir=\"auto\" data-testid=\"conversation-turn-113\" data-scroll-anchor=\"true\">\n<div class=\"m-auto text-base py-[18px] px-3 md:px-4 w-full md:px-5 lg:px-4 xl:px-5\">\n<div class=\"mx-auto flex flex-1 gap-4 text-base md:gap-5 lg:gap-6 md:max-w-3xl\">\n<div class=\"group\/conversation-turn relative flex w-full min-w-0 flex-col agent-turn\">\n<div class=\"flex-col gap-1 md:gap-3\">\n<div class=\"flex max-w-full flex-col flex-grow\">\n<div class=\"min-h-8 text-message flex w-full flex-col items-end gap-2 whitespace-normal break-words text-start [.text-message+&amp;]:mt-5\" dir=\"auto\" data-message-author-role=\"assistant\" data-message-id=\"fd2a746f-053a-43ad-91d1-3415b9189814\" data-message-model-slug=\"gpt-4o-mini\">\n<div class=\"flex w-full flex-col gap-1 empty:hidden first:pt-[3px]\">\n<div class=\"markdown prose w-full break-words dark:prose-invert light\">\n<p><strong>El cuchillo de hoja fija CRKT Chanceinhell K910KKP<\/strong> es un <strong>machete de supervivencia<\/strong> muy duradero que combina <strong>resistencia<\/strong> , <strong>rendimiento<\/strong> y <strong>versatilidad<\/strong> , lo que lo convierte en la herramienta ideal para condiciones exigentes. Dise\u00f1ado por <strong>Ken Onion<\/strong> , un reconocido fabricante de cuchillos de <strong>Kaneohe, Haw\u00e1i<\/strong> , <strong>el Chanceinhell\u2122<\/strong> est\u00e1 dise\u00f1ado para tareas dif\u00edciles y uso a largo plazo en condiciones extremas. Es un cuchillo que puede <strong>ayudar en situaciones de supervivencia<\/strong> , <strong>corte de le\u00f1a<\/strong> , <strong>trabajo forestal<\/strong> y <strong>combate<\/strong> .  <\/p>\n<h3>Caracter\u00edsticas y beneficios clave:<\/h3>\n<ol>\n<li><strong>Hoja resistente de acero al carbono de 65Mn<\/strong>\n<ul>\n<li>La hoja est\u00e1 hecha de <strong>acero al carbono 65Mn<\/strong> , un material conocido por su <strong>durabilidad<\/strong> y <strong>alta dureza<\/strong> . Este tipo de acero es ideal para <strong>cortar<\/strong> y <strong>talar<\/strong> , al tiempo que permite <strong>una buena retenci\u00f3n de la hoja<\/strong> . <\/li>\n<li><strong>El acabado Powder Coat<\/strong> proporciona a la hoja <strong>protecci\u00f3n contra la corrosi\u00f3n<\/strong> y <strong>mejora su resistencia<\/strong> a los ara\u00f1azos y al desgaste. El acabado negro es ideal para trabajar en condiciones duras, como <strong>ambientes h\u00famedos<\/strong> o <strong>trabajar en el bosque<\/strong> . <\/li>\n<\/ul>\n<\/li>\n<li><strong>Mango ergon\u00f3mico para reducir la fatiga de la mano.<\/strong>\n<ul>\n<li><strong>El mango de doble inyecci\u00f3n<\/strong> est\u00e1 dise\u00f1ado para <strong>minimizar la fatiga de la mano<\/strong> durante el uso prolongado. El mango tiene <strong>una forma especial<\/strong> para un agarre c\u00f3modo y asegura <strong>un mejor control<\/strong> sobre el cuchillo mientras se trabaja. <\/li>\n<li>Tambi\u00e9n hay <strong>orificios para cordones<\/strong> en el mango, lo que le permite <strong>personalizar su agarre<\/strong> y colocar <strong>paracord<\/strong> u otros cordones para mayor flexibilidad y seguridad.<\/li>\n<\/ul>\n<\/li>\n<li><strong>Hoja larga para cortar y partir con eficacia.<\/strong>\n<ul>\n<li>Con <strong>una hoja de 304,8 mm (12&#8243;) de largo,<\/strong> <strong>la Chanceinhell\u2122<\/strong> es ideal para <strong>cortar ramas<\/strong> , <strong>talar \u00e1rboles<\/strong> o <strong>partir le\u00f1a<\/strong> . La hoja larga proporciona <strong>mayor potencia<\/strong> al cortar, lo que significa que la herramienta puede trabajar con ramas m\u00e1s gruesas y materiales m\u00e1s pesados. <\/li>\n<\/ul>\n<\/li>\n<li><strong>Estuche \u00fanico con posici\u00f3n ajustable<\/strong>\n<ul>\n<li><strong>El estuche de nailon reforzado<\/strong> es muy <strong>duradero<\/strong> y ofrece <strong>opciones de transporte pr\u00e1cticas<\/strong> . El estuche est\u00e1 dise\u00f1ado con <strong>un sistema de velcro universal<\/strong> que permite <strong>dos formas diferentes de llevarlo<\/strong> : <strong>colgado<\/strong> o <strong>sujeto al cintur\u00f3n<\/strong> . <\/li>\n<li>Un <strong>colgante de paracord<\/strong> adicional unido al estuche permite <strong>sujetarlo a una mochila<\/strong> o <strong>chalecos t\u00e1cticos<\/strong> .<\/li>\n<\/ul>\n<\/li>\n<li><strong>Una herramienta vers\u00e1til y duradera<\/strong>\n<ul>\n<li>Este <strong>cuchillo de supervivencia<\/strong> es ideal para <strong>trabajos pesados \u200b\u200ben la naturaleza<\/strong> y <strong>actividades al aire libre<\/strong> . Es una herramienta poderosa para <strong>supervivencia<\/strong> , <strong>campamento<\/strong> y <strong>uso t\u00e1ctico<\/strong> , donde se necesita <strong>una herramienta potente<\/strong> para <strong>diversas tareas<\/strong> como <strong>cortar c\u00e9sped<\/strong> y <strong>trabajar la madera<\/strong> . <\/li>\n<\/ul>\n<\/li>\n<\/ol>\n<h3>Especificaciones:<\/h3>\n<ul>\n<li><strong>Longitud de la hoja<\/strong> : 12,00&#8243; (304,80 mm)<\/li>\n<li><strong>Filo de la hoja<\/strong> : liso<\/li>\n<li><strong>Acero de la hoja<\/strong> : acero al carbono 65Mn<\/li>\n<li><strong>Acabado de la hoja<\/strong> : Recubrimiento en polvo<\/li>\n<li><strong>Grosor de la hoja<\/strong> : 0,10&#8243; (2,54 mm)<\/li>\n<li><strong>Longitud total<\/strong> : 17,88&#8243; (454,15 mm)<\/li>\n<li><strong>Peso<\/strong> : 1,25 libras (0,57 kg)<\/li>\n<li><strong>Mango<\/strong> : Nailon reforzado con vidrio con revestimiento de goma.<\/li>\n<li><strong>Estilo<\/strong> : Cuchillo de hoja fija con funda.<\/li>\n<li><strong>Material de la carcasa<\/strong> : nailon tejido<\/li>\n<li><strong>Peso de la carcasa<\/strong> : 6,10 onzas (172,93 g)<\/li>\n<\/ul>\n<h3>Opciones de uso:<\/h3>\n<ol>\n<li><strong>Supervivencia y acampada<\/strong><br \/>\n Este cuchillo est\u00e1 dise\u00f1ado para <strong>trabajos al aire libre<\/strong> y es ideal para <strong>sobrevivir<\/strong> en condiciones dif\u00edciles. Le ayudar\u00e1 a <strong>talar madera<\/strong> , <strong>partir ramas<\/strong> y <strong>montar un campamento<\/strong> . <\/li>\n<li><strong>Trabajos forestales y actividades al aire libre<\/strong><br \/>\n Con su <strong>hoja fuerte<\/strong> y <strong>larga longitud,<\/strong> es ideal para <strong>trabajos forestales<\/strong> . Ya sea que necesite <strong>cortar ramas<\/strong> , <strong>cortar madera<\/strong> o <strong>atravesar vegetaci\u00f3n densa<\/strong> , Chanceinhell\u2122 es una gran ayuda. <\/li>\n<li><strong>Uso t\u00e1ctico<\/strong><br \/>\n En <strong>situaciones de emergencia o crisis,<\/strong> este cuchillo puede ser una gran herramienta <strong>de autodefensa<\/strong> . Con su <strong>hoja masiva<\/strong> y <strong>dise\u00f1o ergon\u00f3mico,<\/strong> est\u00e1 listo para cualquier tarea. <\/li>\n<li><strong>Uso diario<\/strong><br \/>\n Si est\u00e1 buscando un cuchillo para <strong>tareas dom\u00e9sticas o al aire libre m\u00e1s dif\u00edciles<\/strong> , el Chanceinhell\u2122 es una opci\u00f3n robusta para <strong>una variedad de trabajos de corte<\/strong> . Su <strong>durabilidad<\/strong> y <strong>versatilidad<\/strong> lo hacen ideal para <strong>trabajar la madera<\/strong> o <strong>el mantenimiento del jard\u00edn<\/strong> . <\/li>\n<\/ol>\n<h3>Resumen:<\/h3>\n<p><strong>El CRKT Chanceinhell K910KKP<\/strong> es <strong>un cuchillo de supervivencia de alto rendimiento<\/strong> , ideal para <strong>cortar<\/strong> , <strong>partir<\/strong> y <strong>realizar trabajos pesados<\/strong> \u200b\u200bal aire libre. Con <strong>una hoja de acero al carbono duradera<\/strong> , <strong>un mango ergon\u00f3mico<\/strong> y <strong>una funda pr\u00e1ctica<\/strong> , es la herramienta perfecta para cualquiera que busque <strong>una herramienta de supervivencia fuerte y confiable<\/strong> . Su <strong>versatilidad<\/strong> y <strong>rendimiento<\/strong> lo convierten en el compa\u00f1ero ideal para trabajos de <strong>supervivencia<\/strong> , <strong>acampada<\/strong> o <strong>forestales<\/strong> .  <\/p>\n<\/div>\n<\/div>\n<\/div>\n<\/div>\n<\/div>\n<div class=\"absolute\">\n<div class=\"flex items-center justify-center\"><\/div>\n<\/div>\n<\/div>\n<\/div>\n<\/div>\n<\/article>\n<\/div>\n<\/div>\n<\/div>\n<\/div>\n<\/div>\n<div class=\"md:pt-0 dark:border-white\/20 md:border-transparent md:dark:border-transparent w-full\">\n<div>\n<div class=\"m-auto text-base px-3 md:px-4 w-full md:px-5 lg:px-4 xl:px-5\">\n<div class=\"mx-auto flex flex-1 gap-4 text-base md:gap-5 lg:gap-6 md:max-w-3xl\">\n<div class=\"flex justify-center\"><\/div>\n<\/div>\n<\/div>\n<\/div>\n<\/div>\n<p><iframe title=\"CRKT Chanceinhell Machete | by Ken Onion\" width=\"800\" height=\"450\" src=\"https:\/\/www.youtube.com\/embed\/n0ZQvCS_4z4?feature=oembed\" frameborder=\"0\" allow=\"accelerometer; autoplay; clipboard-write; encrypted-media; gyroscope; picture-in-picture; web-share\" referrerpolicy=\"strict-origin-when-cross-origin\" allowfullscreen><\/iframe><\/p>\n<p>&nbsp;<\/p>\n<p>&nbsp;<\/p>\n","protected":false},"excerpt":{"rendered":"<p><strong>El CRKT Chanceinhell K910KKP es un cuchillo de supervivencia de alto rendimiento, ideal para cortar, partir y realizar trabajos pesados \u200b\u200bal aire libre. Con una hoja de acero al carbono duradera, un mango ergon\u00f3mico y una funda pr\u00e1ctica, es la herramienta perfecta para cualquiera que busque una herramienta de supervivencia fuerte y confiable. Su versatilidad y rendimiento lo convierten en el compa\u00f1ero ideal para trabajos de supervivencia, acampada o forestales.  <\/strong><\/p>\n","protected":false},"featured_media":328219,"comment_status":"open","ping_status":"closed","template":"","meta":[],"pwb-brand":[3765],"product_brand":[],"product_cat":[3726,3727],"product_tag":[3756],"class_list":{"0":"post-328218","1":"product","2":"type-product","3":"status-publish","4":"has-post-thumbnail","6":"pwb-brand-crkt-es","7":"product_cat-cuchillos","8":"product_cat-cuchillos-macizos","9":"product_tag-b2b-es","11":"first","12":"instock","13":"taxable","14":"shipping-taxable","15":"purchasable","16":"product-type-simple"},"brands":[{"id":3765,"name":"CRKT","slug":"crkt-es"}],"_links":{"self":[{"href":"https:\/\/www.moskito.cz\/es\/wp-json\/wp\/v2\/product\/328218","targetHints":{"allow":["GET"]}}],"collection":[{"href":"https:\/\/www.moskito.cz\/es\/wp-json\/wp\/v2\/product"}],"about":[{"href":"https:\/\/www.moskito.cz\/es\/wp-json\/wp\/v2\/types\/product"}],"replies":[{"embeddable":true,"href":"https:\/\/www.moskito.cz\/es\/wp-json\/wp\/v2\/comments?post=328218"}],"wp:featuredmedia":[{"embeddable":true,"href":"https:\/\/www.moskito.cz\/es\/wp-json\/wp\/v2\/media\/328219"}],"wp:attachment":[{"href":"https:\/\/www.moskito.cz\/es\/wp-json\/wp\/v2\/media?parent=328218"}],"wp:term":[{"taxonomy":"pwb-brand","embeddable":true,"href":"https:\/\/www.moskito.cz\/es\/wp-json\/wp\/v2\/pwb-brand?post=328218"},{"taxonomy":"product_brand","embeddable":true,"href":"https:\/\/www.moskito.cz\/es\/wp-json\/wp\/v2\/product_brand?post=328218"},{"taxonomy":"product_cat","embeddable":true,"href":"https:\/\/www.moskito.cz\/es\/wp-json\/wp\/v2\/product_cat?post=328218"},{"taxonomy":"product_tag","embeddable":true,"href":"https:\/\/www.moskito.cz\/es\/wp-json\/wp\/v2\/product_tag?post=328218"}],"curies":[{"name":"wp","href":"https:\/\/api.w.org\/{rel}","templated":true}]}}