{"id":328246,"date":"2023-01-10T21:47:26","date_gmt":"2024-04-08T14:54:07","guid":{"rendered":"https:\/\/www.moskito.cz\/produkt\/hacha-crkt-freya-2749\/"},"modified":"2025-05-07T11:09:27","modified_gmt":"2025-05-07T10:09:27","slug":"hacha-crkt-freya-2749","status":"publish","type":"product","link":"https:\/\/www.moskito.cz\/es\/produkt\/hacha-crkt-freya-2749\/","title":{"rendered":"Hacha CRKT FREYA 2749"},"content":{"rendered":"<p>Hacha <strong>CRKT<\/strong> FREYA 2749<\/p>\n<p>Un antiguo dise\u00f1o costero construido para el bosque.<\/p>\n<p>Hace m\u00e1s de mil a\u00f1os, un dise\u00f1ador de armas n\u00f3rdico cre\u00f3 el hacha vikinga. Esta forma se ha mantenido reconocible y pr\u00e1cticamente sin cambios desde entonces. Por buena raz\u00f3n. El hacha utilitaria Freya\u2122 \/fray-uh\/ de estilo vikingo es una poderosa hacha de uso diario que aprovecha las ra\u00edces del dise\u00f1o antiguo y prospera al aire libre.<br \/>\nDureza forjada: el acero al carbono 1055 proporciona durabilidad y retenci\u00f3n de bordes.<br \/>\nProtecci\u00f3n mejorada: el recubrimiento de fosfato de manganeso mejora la resistencia a la corrosi\u00f3n<br \/>\nDurable: el nogal Tennessee es un material denso que puede soportar un uso intenso.<br \/>\nHerramienta multiusos: parta madera o martille las estacas de la tienda con facilidad<\/p>\n<p>ESPECIFICACIONES<br \/>\nLongitud de la hoja 3,46&#8243; (87,88 mm)<br \/>\nHoja de hoja Lisa<br \/>\nHoja de acero Acero al carbono S55C, acero al carbono 1055<br \/>\nTratamiento superficial de la pala Recubrimiento a base de fosfato de manganeso<br \/>\nGrosor de la hoja 1,25&#8243; (31,78 mm)<br \/>\nPeso 0,87 kg (1,93 libras)<br \/>\nMango de nogal Tennessee<br \/>\nestilo hacha<\/p>\n<p><iframe title=\"CRKT FREYA\u2122 | Elmer Roush Design\" width=\"800\" height=\"450\" src=\"https:\/\/www.youtube.com\/embed\/mYqLLaAK9jM?feature=oembed\" frameborder=\"0\" allow=\"accelerometer; autoplay; clipboard-write; encrypted-media; gyroscope; picture-in-picture; web-share\" referrerpolicy=\"strict-origin-when-cross-origin\" allowfullscreen><\/iframe><\/p>\n<p>&nbsp;<\/p>\n","protected":false},"excerpt":{"rendered":"<p>Dise\u00f1ado por Elmer Roush en Brasstown, Carolina del Norte.<\/p>\n","protected":false},"featured_media":328247,"comment_status":"open","ping_status":"closed","template":"","meta":[],"pwb-brand":[3765],"product_brand":[],"product_cat":[3732],"product_tag":[3756],"class_list":{"0":"post-328246","1":"product","2":"type-product","3":"status-publish","4":"has-post-thumbnail","6":"pwb-brand-crkt-es","7":"product_cat-ejes","8":"product_tag-b2b-es","10":"first","11":"instock","12":"taxable","13":"shipping-taxable","14":"purchasable","15":"product-type-simple"},"brands":[{"id":3765,"name":"CRKT","slug":"crkt-es"}],"_links":{"self":[{"href":"https:\/\/www.moskito.cz\/es\/wp-json\/wp\/v2\/product\/328246","targetHints":{"allow":["GET"]}}],"collection":[{"href":"https:\/\/www.moskito.cz\/es\/wp-json\/wp\/v2\/product"}],"about":[{"href":"https:\/\/www.moskito.cz\/es\/wp-json\/wp\/v2\/types\/product"}],"replies":[{"embeddable":true,"href":"https:\/\/www.moskito.cz\/es\/wp-json\/wp\/v2\/comments?post=328246"}],"wp:featuredmedia":[{"embeddable":true,"href":"https:\/\/www.moskito.cz\/es\/wp-json\/wp\/v2\/media\/328247"}],"wp:attachment":[{"href":"https:\/\/www.moskito.cz\/es\/wp-json\/wp\/v2\/media?parent=328246"}],"wp:term":[{"taxonomy":"pwb-brand","embeddable":true,"href":"https:\/\/www.moskito.cz\/es\/wp-json\/wp\/v2\/pwb-brand?post=328246"},{"taxonomy":"product_brand","embeddable":true,"href":"https:\/\/www.moskito.cz\/es\/wp-json\/wp\/v2\/product_brand?post=328246"},{"taxonomy":"product_cat","embeddable":true,"href":"https:\/\/www.moskito.cz\/es\/wp-json\/wp\/v2\/product_cat?post=328246"},{"taxonomy":"product_tag","embeddable":true,"href":"https:\/\/www.moskito.cz\/es\/wp-json\/wp\/v2\/product_tag?post=328246"}],"curies":[{"name":"wp","href":"https:\/\/api.w.org\/{rel}","templated":true}]}}