{"id":328284,"date":"2023-09-28T09:49:45","date_gmt":"2024-04-08T14:55:16","guid":{"rendered":"https:\/\/www.moskito.cz\/produkt\/crkt-chogan-azadon-2738\/"},"modified":"2025-05-07T11:09:28","modified_gmt":"2025-05-07T10:09:28","slug":"crkt-chogan-azadon-2738","status":"publish","type":"product","link":"https:\/\/www.moskito.cz\/es\/produkt\/crkt-chogan-azadon-2738\/","title":{"rendered":"CRKT Chogan Azad\u00f3n 2738"},"content":{"rendered":"<p><strong>CRKT<\/strong> Chogan Azad\u00f3n 2738<\/p>\n<p>Esta herramienta atemporal est\u00e1 lista para nuevas aventuras.<\/p>\n<p>De las trincheras de la Primera Guerra Mundial surge Chogan\u2122 Mattock, una herramienta dise\u00f1ada para la portabilidad. Basado en una herramienta de excavaci\u00f3n com\u00fan utilizada por la infanter\u00eda brit\u00e1nica, el cabezal se puede quitar del mango para guardarlo de forma compacta en su veh\u00edculo, mochila o cobertizo de herramientas. Adem\u00e1s, el mismo mango es compatible con el cabezal tomahawk del Chogan\u2122 T-Hawk, lo que le brinda la posibilidad de controlar dos herramientas con un solo mango para mayor versatilidad o redundancia.<\/p>\n<p>Dureza forjada: el acero al carbono 1055 proporciona durabilidad y retenci\u00f3n de bordes.<br \/>\nProtecci\u00f3n mejorada: el revestimiento negro mejora la resistencia a la corrosi\u00f3n<\/p>\n<p>Detalles de la hoja:<\/p>\n<p>Hoja fabricada en acero al carbono 1055.<br \/>\nLa hoja de una azuela con punta.<br \/>\nTratamiento superficial de la hoja Recubrimiento anticorrosi\u00f3n<\/p>\n<p>Longitud de la hoja: 5.425 cm<br \/>\nGrosor de la hoja: 0,214 cm.<br \/>\nLongitud total: 48,26 cm.<br \/>\nPeso: 1,05 kilos<\/p>\n<p>&nbsp;<\/p>\n","protected":false},"excerpt":{"rendered":"<p><strong>Dise\u00f1adorRyan JohnsonChattanooga, Tennessee.<\/strong><\/p>\n<p><strong>Nunca falta le\u00f1a en la chimenea de la casa de Johnson. Esto se debe a que durante a\u00f1os en RMJ Tactical, Ryan ha estado construyendo algunos de los mejores tomahawks personalizados que este pa\u00eds haya visto jam\u00e1s. Al aplicar la ingenier\u00eda moderna a conceptos de herramientas y armas centenarios, redefini\u00f3 el papel de los hachas de guerra en aplicaciones militares de fuerzas especiales y de aplicaci\u00f3n de la ley.<\/strong><\/p>\n<p>&nbsp;<\/p>\n","protected":false},"featured_media":328285,"comment_status":"open","ping_status":"closed","template":"","meta":[],"pwb-brand":[3765],"product_brand":[],"product_cat":[3732],"product_tag":[3756],"class_list":{"0":"post-328284","1":"product","2":"type-product","3":"status-publish","4":"has-post-thumbnail","6":"pwb-brand-crkt-es","7":"product_cat-ejes","8":"product_tag-b2b-es","10":"first","11":"outofstock","12":"taxable","13":"shipping-taxable","14":"purchasable","15":"product-type-simple"},"brands":[{"id":3765,"name":"CRKT","slug":"crkt-es"}],"_links":{"self":[{"href":"https:\/\/www.moskito.cz\/es\/wp-json\/wp\/v2\/product\/328284","targetHints":{"allow":["GET"]}}],"collection":[{"href":"https:\/\/www.moskito.cz\/es\/wp-json\/wp\/v2\/product"}],"about":[{"href":"https:\/\/www.moskito.cz\/es\/wp-json\/wp\/v2\/types\/product"}],"replies":[{"embeddable":true,"href":"https:\/\/www.moskito.cz\/es\/wp-json\/wp\/v2\/comments?post=328284"}],"wp:featuredmedia":[{"embeddable":true,"href":"https:\/\/www.moskito.cz\/es\/wp-json\/wp\/v2\/media\/328285"}],"wp:attachment":[{"href":"https:\/\/www.moskito.cz\/es\/wp-json\/wp\/v2\/media?parent=328284"}],"wp:term":[{"taxonomy":"pwb-brand","embeddable":true,"href":"https:\/\/www.moskito.cz\/es\/wp-json\/wp\/v2\/pwb-brand?post=328284"},{"taxonomy":"product_brand","embeddable":true,"href":"https:\/\/www.moskito.cz\/es\/wp-json\/wp\/v2\/product_brand?post=328284"},{"taxonomy":"product_cat","embeddable":true,"href":"https:\/\/www.moskito.cz\/es\/wp-json\/wp\/v2\/product_cat?post=328284"},{"taxonomy":"product_tag","embeddable":true,"href":"https:\/\/www.moskito.cz\/es\/wp-json\/wp\/v2\/product_tag?post=328284"}],"curies":[{"name":"wp","href":"https:\/\/api.w.org\/{rel}","templated":true}]}}