{"id":328317,"date":"2021-07-29T22:19:39","date_gmt":"2024-04-08T15:00:43","guid":{"rendered":"https:\/\/www.moskito.cz\/produkt\/hacha-crkt-woods-kangee-t-hawk\/"},"modified":"2025-05-07T11:09:29","modified_gmt":"2025-05-07T10:09:29","slug":"hacha-crkt-woods-kangee-t-hawk","status":"publish","type":"product","link":"https:\/\/www.moskito.cz\/es\/produkt\/hacha-crkt-woods-kangee-t-hawk\/","title":{"rendered":"Hacha CRKT WOODS KANGEE\u2122 T-HAWK"},"content":{"rendered":"<p>Hacha <strong>CRKT<\/strong> WOODS KANGEE\u2122 T-HAWK.<\/p>\n<p>Dise\u00f1ado por Ryan Johnson de RMJ Tactical en Chattanooga, Tennessee<br \/>\nEnciende una buena fogata. Demonios, constr\u00fayete una bonita casa de troncos.<\/p>\n<p>Esta hacha de campamento de dos manos con mango de nogal, hoja forjada y punta con p\u00faas te har\u00e1 la vida m\u00e1s f\u00e1cil.<\/p>\n<p>Ryan Johnson de RMJ Tactical en Chattanooga, TN, dise\u00f1\u00f3 The Woods Kangee\u2122 T-Hawk. El especialista en la aplicaci\u00f3n de la ingenier\u00eda moderna a conceptos de herramientas y armas centenarios vuelve a subir la apuesta con una nueva gama de hachas de guerra para exteriores.<br \/>\nAcero al carbono 1055 forjado en caliente.<br \/>\nMango de nogal Tennessee<br \/>\nHacha con p\u00faa<\/p>\n<p>ESPECIFICACIONES<br \/>\nLongitud de la hoja 4,21&#8243; (106,93 mm)<br \/>\nHacha de filo con p\u00faa<br \/>\nHoja de acero Acero al carbono 1055<br \/>\nAcabado de la hoja Laca transparente<br \/>\nGrosor de la hoja 0,40 pulg. (10,16 mm)<br \/>\nLongitud total 19,13&#8243; (485,90 mm)<br \/>\nPeso 0,90 kilos<br \/>\nMango de nogal Tennessee<br \/>\nestilo tomahawk<\/p>\n<p><strong>CRKT\u00ae<\/strong> (Columbia River Knife and Tool\u00ae) fue fundada en 1994. Desde el primer d\u00eda, ha dado prioridad a la innovaci\u00f3n y la integridad. Est\u00e1 comprometido a fabricar cuchillos y herramientas que inspiren y duren. Trabaja con los mejores dise\u00f1adores del mundo y trabaja seg\u00fan un principio simple: que lo mejor que puede ofrecer a los clientes es confianza en sus manos.<\/p>\n<p><iframe title=\"CRKT Woods T-Hawks Overview | Designer Ryan Johnson of RMJ Tactical\" width=\"800\" height=\"450\" src=\"https:\/\/www.youtube.com\/embed\/ppyvBc0y1ZQ?feature=oembed\" frameborder=\"0\" allow=\"accelerometer; autoplay; clipboard-write; encrypted-media; gyroscope; picture-in-picture; web-share\" referrerpolicy=\"strict-origin-when-cross-origin\" allowfullscreen><\/iframe><\/p>\n<p>&nbsp;<\/p>\n","protected":false},"excerpt":{"rendered":"<p>Hacha de campamento de dos manos.<\/p>\n<h1 class=\"page-title\"><\/h1>\n","protected":false},"featured_media":328318,"comment_status":"open","ping_status":"closed","template":"","meta":[],"pwb-brand":[3765],"product_brand":[],"product_cat":[3732],"product_tag":[3756],"class_list":{"0":"post-328317","1":"product","2":"type-product","3":"status-publish","4":"has-post-thumbnail","6":"pwb-brand-crkt-es","7":"product_cat-ejes","8":"product_tag-b2b-es","10":"first","11":"instock","12":"taxable","13":"shipping-taxable","14":"purchasable","15":"product-type-simple"},"brands":[{"id":3765,"name":"CRKT","slug":"crkt-es"}],"_links":{"self":[{"href":"https:\/\/www.moskito.cz\/es\/wp-json\/wp\/v2\/product\/328317","targetHints":{"allow":["GET"]}}],"collection":[{"href":"https:\/\/www.moskito.cz\/es\/wp-json\/wp\/v2\/product"}],"about":[{"href":"https:\/\/www.moskito.cz\/es\/wp-json\/wp\/v2\/types\/product"}],"replies":[{"embeddable":true,"href":"https:\/\/www.moskito.cz\/es\/wp-json\/wp\/v2\/comments?post=328317"}],"wp:featuredmedia":[{"embeddable":true,"href":"https:\/\/www.moskito.cz\/es\/wp-json\/wp\/v2\/media\/328318"}],"wp:attachment":[{"href":"https:\/\/www.moskito.cz\/es\/wp-json\/wp\/v2\/media?parent=328317"}],"wp:term":[{"taxonomy":"pwb-brand","embeddable":true,"href":"https:\/\/www.moskito.cz\/es\/wp-json\/wp\/v2\/pwb-brand?post=328317"},{"taxonomy":"product_brand","embeddable":true,"href":"https:\/\/www.moskito.cz\/es\/wp-json\/wp\/v2\/product_brand?post=328317"},{"taxonomy":"product_cat","embeddable":true,"href":"https:\/\/www.moskito.cz\/es\/wp-json\/wp\/v2\/product_cat?post=328317"},{"taxonomy":"product_tag","embeddable":true,"href":"https:\/\/www.moskito.cz\/es\/wp-json\/wp\/v2\/product_tag?post=328317"}],"curies":[{"name":"wp","href":"https:\/\/api.w.org\/{rel}","templated":true}]}}