{"id":328416,"date":"2022-04-11T21:36:52","date_gmt":"2024-04-09T13:01:26","guid":{"rendered":"https:\/\/www.moskito.cz\/produkt\/boker-magnum-italian-classic-cuchillo-plegable-pequeno-01ll110\/"},"modified":"2025-05-07T11:09:31","modified_gmt":"2025-05-07T10:09:31","slug":"boker-magnum-italian-classic-cuchillo-plegable-pequeno-01ll110","status":"publish","type":"product","link":"https:\/\/www.moskito.cz\/es\/produkt\/boker-magnum-italian-classic-cuchillo-plegable-pequeno-01ll110\/","title":{"rendered":"B\u00f6ker Magnum Italian Classic Cuchillo plegable peque\u00f1o 01LL110"},"content":{"rendered":"<p><strong>B\u00f6ker<\/strong> Magnum Italian Classic Cuchillo plegable peque\u00f1o 01LL110<\/p>\n<p>La inspiraci\u00f3n para el Magnum Italian Classic Small fue obviamente el estilo cl\u00e1sico italiano. Se dec\u00eda que las primeras navajas autom\u00e1ticas de la historia fueron especialmente populares entre las mujeres, ya que otras navajas de bolsillo eran dif\u00edciles de abrir con las u\u00f1as bien cuidadas. La versi\u00f3n m\u00e1s peque\u00f1a del exitoso modelo presenta una hoja de acero inoxidable 440A pulida con un elegante ricasso. Se abre con una aleta accionada por resorte y se bloquea de manera confiable en su lugar con un linerlock estable. Las mand\u00edbulas de acero inoxidable y el mango de palisandro subrayan el car\u00e1cter tradicional del cuchillo. Con clip (plegable\/r).<\/p>\n<p>Tipo de art\u00edculo: navaja de bolsillo<br \/>\nLongitud total: 19,30 cm.<br \/>\nLongitud de la hoja: 8,40 cm<br \/>\nGrosor de la hoja: 2,90 mm<br \/>\nPeso: 119,00 gramos<br \/>\nMaterial de la hoja: 440A<br \/>\nMaterial del mango: acero inoxidable, palisandro<\/p>\n<p>La inspiraci\u00f3n para el Magnum Italian Classic Small fue sin lugar a dudas el cl\u00e1sico stilletto italiano. Se dice que las primeras navajas autom\u00e1ticas de la historia fueron extremadamente populares, especialmente entre las mujeres, ya que otras navajas de bolsillo con las u\u00f1as bien cuidadas eran dif\u00edciles de abrir. La versi\u00f3n m\u00e1s peque\u00f1a del exitoso modelo est\u00e1 equipada con una hoja pulida de acero inoxidable 440A con un elegante ricasso. Est\u00e1 accionado por resorte mediante una aleta y bloqueado de forma fiable mediante un cierre de revestimiento estable. Los refuerzos de acero inoxidable y las cachas del mango de palisandro subrayan el car\u00e1cter tradicional del cuchillo. Con clip (tip-up\/r)<\/p>\n<p>Tipo:<br \/>\nCuchillo de bolsillo<br \/>\nLongitud total:<br \/>\n19,30cm<br \/>\nLongitud de la hoja:<br \/>\n8,40cm<br \/>\nGrosor de la hoja:<br \/>\n2,90 mil\u00edmetros<br \/>\nPeso:<br \/>\n119,00 gramos<br \/>\nMaterial de la hoja:<br \/>\n440A<br \/>\nMaterial del mango:<br \/>\nPalo de rosa, acero inoxidable<br \/>\nabrelatas:<br \/>\npinball<br \/>\nApertura:<br \/>\nAsistido por resorte<br \/>\nTipo de bloqueo:<br \/>\nBloqueo de l\u00ednea<br \/>\nHecho en:<br \/>\nAsia<br \/>\nColor:<br \/>\nMarr\u00f3n<br \/>\nColor de la hoja:<br \/>\nSin recubrimiento<br \/>\nN\u00famero de art\u00edculo:<br \/>\n01LL110<\/p>\n<p>&nbsp;<\/p>\n","protected":false},"excerpt":{"rendered":"<p>Con el tiempo, la f\u00e1brica de cuchillos <strong>B\u00f6ker<\/strong> se ha convertido en un l\u00edder mundial en innovaci\u00f3n y el mayor fabricante de cuchillos deportivos, t\u00e1cticos y de colecci\u00f3n en Europa.<\/p>\n","protected":false},"featured_media":328417,"comment_status":"open","ping_status":"closed","template":"","meta":[],"pwb-brand":[3800],"product_brand":[],"product_cat":[3730,3726],"product_tag":[3756],"class_list":{"0":"post-328416","1":"product","2":"type-product","3":"status-publish","4":"has-post-thumbnail","6":"pwb-brand-boker-es","7":"product_cat-cuchillas-de-cierre","8":"product_cat-cuchillos","9":"product_tag-b2b-es","11":"first","12":"outofstock","13":"taxable","14":"shipping-taxable","15":"purchasable","16":"product-type-simple"},"brands":[{"id":3800,"name":"B\u00f3ker","slug":"boker-es"}],"_links":{"self":[{"href":"https:\/\/www.moskito.cz\/es\/wp-json\/wp\/v2\/product\/328416","targetHints":{"allow":["GET"]}}],"collection":[{"href":"https:\/\/www.moskito.cz\/es\/wp-json\/wp\/v2\/product"}],"about":[{"href":"https:\/\/www.moskito.cz\/es\/wp-json\/wp\/v2\/types\/product"}],"replies":[{"embeddable":true,"href":"https:\/\/www.moskito.cz\/es\/wp-json\/wp\/v2\/comments?post=328416"}],"wp:featuredmedia":[{"embeddable":true,"href":"https:\/\/www.moskito.cz\/es\/wp-json\/wp\/v2\/media\/328417"}],"wp:attachment":[{"href":"https:\/\/www.moskito.cz\/es\/wp-json\/wp\/v2\/media?parent=328416"}],"wp:term":[{"taxonomy":"pwb-brand","embeddable":true,"href":"https:\/\/www.moskito.cz\/es\/wp-json\/wp\/v2\/pwb-brand?post=328416"},{"taxonomy":"product_brand","embeddable":true,"href":"https:\/\/www.moskito.cz\/es\/wp-json\/wp\/v2\/product_brand?post=328416"},{"taxonomy":"product_cat","embeddable":true,"href":"https:\/\/www.moskito.cz\/es\/wp-json\/wp\/v2\/product_cat?post=328416"},{"taxonomy":"product_tag","embeddable":true,"href":"https:\/\/www.moskito.cz\/es\/wp-json\/wp\/v2\/product_tag?post=328416"}],"curies":[{"name":"wp","href":"https:\/\/api.w.org\/{rel}","templated":true}]}}