{"id":328434,"date":"2022-07-10T19:03:25","date_gmt":"2022-07-10T18:03:25","guid":{"rendered":"https:\/\/www.moskito.cz\/?post_type=product&#038;p=328434"},"modified":"2025-05-07T11:09:32","modified_gmt":"2025-05-07T10:09:32","slug":"cuchillo-fijo-extrema-ratio-giant-mamba-ranger-verde","status":"publish","type":"product","link":"https:\/\/www.moskito.cz\/es\/produkt\/cuchillo-fijo-extrema-ratio-giant-mamba-ranger-verde\/","title":{"rendered":"Cuchillo Fijo Extrema Ratio GIANT MAMBA RANGER VERDE"},"content":{"rendered":"<p>Cuchillo Fijo <strong>Extrema Ratio<\/strong> GIANT MAMBA RANGER VERDE<\/p>\n<p>El Giant Mamba cuenta con una hoja de acero tanto 58 HRC B\u00f6hler N690 de 6,3 mm de grosor con un borde liso y longitud completa para mayor ligereza y acabado en negro o piedra. El mango de Forprene est\u00e1 sujeto con una tapa roscada, lo que hace que el cuchillo sea fuerte y est\u00e9 bien equilibrado. De nailon inyectado resistente a los impactos, la funda compatible con MOLLE tiene un sistema de amortiguaci\u00f3n que evita el ruido de la hoja, un bucle de seguridad de dos botones, una correa de muslo de goma antirrotaci\u00f3n y un seguro que se libera con solo presionar el gatillo. La nueva l\u00ednea de cuchillos minimiza el espesor y el volumen sin sacrificar dureza y seguridad.<\/p>\n<p>PESO G: 289<br \/>\nPESO ONZAS: 10.19<br \/>\nLONGITUD DE LA HOJA (MM): 163<br \/>\nLONGITUD DE LA HOJA (PULG): 6,41<br \/>\nLONGITUD TOTAL (MM): 293<br \/>\nLONGITUD TOTAL (H): 11,53<br \/>\nGROSOR DE LA HOJA (MM): 6,3<br \/>\nGROSOR DE LA HOJA (PULG): 0,24<br \/>\nMATERIAL DE LA HOJA: ACERO B\u00d6HLER N690 (58HRC)<br \/>\nACABADO DE LA HOJA: LAVADO A LA PIEDRA<br \/>\nREJILLA PRINCIPAL: PLANA<br \/>\nMATERIAL DEL MANGO: FORPRENE<\/p>\n","protected":false},"excerpt":{"rendered":"<p>Con sede en Prato, Italia , Extrema Ratio ha estado dise\u00f1ando y fabricando cuchillos t\u00e1cticos, militares, de cocina, de cocina y de combate de alto rendimiento desde 1997 y tiene una reputaci\u00f3n de calidad superior insuperable en la industria de cuchillos militares y t\u00e1cticos. Transporte gratuito.<\/p>\n","protected":false},"featured_media":328444,"comment_status":"open","ping_status":"closed","template":"","meta":[],"pwb-brand":[3766],"product_brand":[],"product_cat":[3727,3726],"product_tag":[3756],"class_list":{"0":"post-328434","1":"product","2":"type-product","3":"status-publish","4":"has-post-thumbnail","6":"pwb-brand-relacion-extrema","7":"product_cat-cuchillos-macizos","8":"product_cat-cuchillos","9":"product_tag-b2b-es","11":"first","12":"instock","13":"taxable","14":"shipping-taxable","15":"purchasable","16":"product-type-simple"},"brands":[{"id":3766,"name":"Relaci\u00f3n extrema","slug":"relacion-extrema"}],"_links":{"self":[{"href":"https:\/\/www.moskito.cz\/es\/wp-json\/wp\/v2\/product\/328434","targetHints":{"allow":["GET"]}}],"collection":[{"href":"https:\/\/www.moskito.cz\/es\/wp-json\/wp\/v2\/product"}],"about":[{"href":"https:\/\/www.moskito.cz\/es\/wp-json\/wp\/v2\/types\/product"}],"replies":[{"embeddable":true,"href":"https:\/\/www.moskito.cz\/es\/wp-json\/wp\/v2\/comments?post=328434"}],"wp:featuredmedia":[{"embeddable":true,"href":"https:\/\/www.moskito.cz\/es\/wp-json\/wp\/v2\/media\/328444"}],"wp:attachment":[{"href":"https:\/\/www.moskito.cz\/es\/wp-json\/wp\/v2\/media?parent=328434"}],"wp:term":[{"taxonomy":"pwb-brand","embeddable":true,"href":"https:\/\/www.moskito.cz\/es\/wp-json\/wp\/v2\/pwb-brand?post=328434"},{"taxonomy":"product_brand","embeddable":true,"href":"https:\/\/www.moskito.cz\/es\/wp-json\/wp\/v2\/product_brand?post=328434"},{"taxonomy":"product_cat","embeddable":true,"href":"https:\/\/www.moskito.cz\/es\/wp-json\/wp\/v2\/product_cat?post=328434"},{"taxonomy":"product_tag","embeddable":true,"href":"https:\/\/www.moskito.cz\/es\/wp-json\/wp\/v2\/product_tag?post=328434"}],"curies":[{"name":"wp","href":"https:\/\/api.w.org\/{rel}","templated":true}]}}