{"id":328471,"date":"2022-10-04T22:38:24","date_gmt":"2024-04-10T07:32:28","guid":{"rendered":"https:\/\/www.moskito.cz\/produkt\/funda-tactica-pequena-microtech\/"},"modified":"2025-05-29T15:31:45","modified_gmt":"2025-05-29T14:31:45","slug":"funda-tactica-pequena-microtech","status":"publish","type":"product","link":"https:\/\/www.moskito.cz\/es\/produkt\/funda-tactica-pequena-microtech\/","title":{"rendered":"FUNDA T\u00c1CTICA PEQUE\u00d1A Microtech"},"content":{"rendered":"<p>FUNDA T\u00c1CTICA PEQUE\u00d1A de Microtech.<\/p>\n<p>Dimensiones: 11 x 5 cm (medido con correas sin modificar)<\/p>\n<p>Estas fundas t\u00e1cticas livianas y port\u00e1tiles cuentan con un logotipo de Microtech bordado con una presilla de velcro para cintur\u00f3n y cierre de hebilla. Est\u00e1n hechos de nailon Cordura duradero de dos capas con costuras de doble refuerzo alrededor. Estos bolsillos se adaptan a diferentes tama\u00f1os de aparejos y se pueden ajustar hacia arriba o hacia abajo aproximadamente una pulgada, mientras que los lados se expanden para acomodar diferentes anchos de cuchillos. Se sujetan a un cintur\u00f3n o cintur\u00f3n con un triple cierre de gancho y bucle ajustable para que se puedan agregar o quitar sin desabrochar el cintur\u00f3n. Adem\u00e1s, este bucle se puede abrir y sujetar a otro equipo t\u00e1ctico con un cierre de gancho y bucle ancho.<\/p>\n<p>El estuche es adecuado para los siguientes cuchillos Microtech: UTX-70 y Troodon Mini<\/p>\n<p><iframe title=\"Microtech Combat Troodon Torture Test\" width=\"800\" height=\"450\" src=\"https:\/\/www.youtube.com\/embed\/xE9TeOFYEjg?feature=oembed\" frameborder=\"0\" allow=\"accelerometer; autoplay; clipboard-write; encrypted-media; gyroscope; picture-in-picture; web-share\" referrerpolicy=\"strict-origin-when-cross-origin\" allowfullscreen><\/iframe><\/p>\n<p>&nbsp;<\/p>\n<p>&nbsp;<\/p>\n<p>&nbsp;<\/p>\n","protected":false},"excerpt":{"rendered":"<p>FUNDA T\u00c1CTICA PEQUE\u00d1A de Microtech. Dimensiones: 11 x 5 cm (medido con correas sin modificar) Estas fundas t\u00e1cticas livianas y port\u00e1tiles cuentan con un logotipo de Microtech bordado con una presilla de velcro para cintur\u00f3n y cierre de hebilla. Est\u00e1n hechos de nailon Cordura duradero de dos capas con costuras de doble refuerzo alrededor. Estos [&hellip;]<\/p>\n","protected":false},"featured_media":328480,"comment_status":"open","ping_status":"closed","template":"","meta":[],"pwb-brand":[3752],"product_brand":[],"product_cat":[3729,3726],"product_tag":[3756],"class_list":{"0":"post-328471","1":"product","2":"type-product","3":"status-publish","4":"has-post-thumbnail","6":"pwb-brand-microtecnologia","7":"product_cat-cuchillos-de-tiro","8":"product_cat-cuchillos","9":"product_tag-b2b-es","11":"first","12":"instock","13":"taxable","14":"shipping-taxable","15":"purchasable","16":"product-type-simple"},"brands":[{"id":3752,"name":"microtecnolog\u00eda","slug":"microtecnologia"}],"_links":{"self":[{"href":"https:\/\/www.moskito.cz\/es\/wp-json\/wp\/v2\/product\/328471","targetHints":{"allow":["GET"]}}],"collection":[{"href":"https:\/\/www.moskito.cz\/es\/wp-json\/wp\/v2\/product"}],"about":[{"href":"https:\/\/www.moskito.cz\/es\/wp-json\/wp\/v2\/types\/product"}],"replies":[{"embeddable":true,"href":"https:\/\/www.moskito.cz\/es\/wp-json\/wp\/v2\/comments?post=328471"}],"wp:featuredmedia":[{"embeddable":true,"href":"https:\/\/www.moskito.cz\/es\/wp-json\/wp\/v2\/media\/328480"}],"wp:attachment":[{"href":"https:\/\/www.moskito.cz\/es\/wp-json\/wp\/v2\/media?parent=328471"}],"wp:term":[{"taxonomy":"pwb-brand","embeddable":true,"href":"https:\/\/www.moskito.cz\/es\/wp-json\/wp\/v2\/pwb-brand?post=328471"},{"taxonomy":"product_brand","embeddable":true,"href":"https:\/\/www.moskito.cz\/es\/wp-json\/wp\/v2\/product_brand?post=328471"},{"taxonomy":"product_cat","embeddable":true,"href":"https:\/\/www.moskito.cz\/es\/wp-json\/wp\/v2\/product_cat?post=328471"},{"taxonomy":"product_tag","embeddable":true,"href":"https:\/\/www.moskito.cz\/es\/wp-json\/wp\/v2\/product_tag?post=328471"}],"curies":[{"name":"wp","href":"https:\/\/api.w.org\/{rel}","templated":true}]}}