{"id":328523,"date":"2023-04-16T08:48:08","date_gmt":"2024-04-11T06:37:51","guid":{"rendered":"https:\/\/www.moskito.cz\/produkt\/microtech-ultratech-signature-series-bronce-apocaliptico-121-13dcs-cuchillo-de-tiro\/"},"modified":"2025-05-07T11:09:33","modified_gmt":"2025-05-07T10:09:33","slug":"microtech-ultratech-signature-series-bronce-apocaliptico-121-13dcs-cuchillo-de-tiro","status":"publish","type":"product","link":"https:\/\/www.moskito.cz\/es\/produkt\/microtech-ultratech-signature-series-bronce-apocaliptico-121-13dcs-cuchillo-de-tiro\/","title":{"rendered":"Microtech Ultratech Signature Series Bronce Apocal\u00edptico 121-13DCS Cuchillo de tiro"},"content":{"rendered":"<p><strong>Microtech<\/strong> Ultratech Signature Series Bronce Apocal\u00edptico 121-13DCS Cuchillo de tiro<\/p>\n<p><strong>Ultratech<\/strong> siempre establecer\u00e1 el est\u00e1ndar para todos los cuchillos frontales. El Ultratech es el cuchillo frontal de doble acci\u00f3n original de Microtech y fue la base de toda su l\u00ednea OTF. Ha sufrido varias modificaciones a lo largo de los a\u00f1os, volvi\u00e9ndose cada vez m\u00e1s eficiente y fiable. Esta versi\u00f3n tiene una textura mejorada de triple agarre en la diapositiva del pulgar para una compra m\u00e1s positiva y hardware apocal\u00edptico para un contraste agradable. Los mangos de aluminio presentan la mitad izquierda del as de espadas y tibias cruzadas con la cita en lat\u00edn \u00abMemento Mori\u00bb, un recordatorio de la moraleja derivada de la antigua costumbre romana de una hoja est\u00e1ndar apocal\u00edptica de bronce con punta descendente. Durante el desfile de la victoria, tan pronto como los generales romanos regresaban de la batalla, un esclavo caminaba detr\u00e1s de \u00e9l y murmuraba una versi\u00f3n de esta expresi\u00f3n para recordarle que era s\u00f3lo un hombre y no caer presa de la arrogancia y los delirios de grandeza. El resorte Ultratech permanece en posici\u00f3n de \u00abreposo\u00bb en todo momento, excepto cuando est\u00e1 estirado. Esto asegura que el resorte comprimido no se canse, asegurando a los usuarios que cuando se dispare el cuchillo, funcionar\u00e1 de manera efectiva. El peso ligero de Ultratech, su apertura y cierre con una sola mano, su forma delgada y su hoja afilada con punta de bistur\u00ed lo convierten en un cuchillo \u00fanico que solo est\u00e1 disponible en Microtech. Este cuchillo ha demostrado una y otra vez que puede resistir cualquier obst\u00e1culo y pronto buscaremos la segunda mitad de este juego de doble hoja.<\/p>\n<p>Especificaciones<br \/>\nApertura\/cierre autom\u00e1tico &#8211; abridor frontal<br \/>\nAcci\u00f3n: Doble Acci\u00f3n &#8211; Disparo\/Retracci\u00f3n Autom\u00e1tico<br \/>\nLongitud de la hoja: 8,6 cm<br \/>\nEstilo de hoja: Punta de ca\u00edda apocal\u00edptica de bronce<br \/>\nGrosor del mango: 1,6 cm.<br \/>\nMaterial del mango: aluminio 6061-T6 con revestimiento duro anodizado negro Mil-Spec<br \/>\nLargo cerrado: 12,1 cm<br \/>\nLongitud en estado abierto: 20,75 cm<br \/>\nMaterial del clip de bolsillo: acero inoxidable 301.<br \/>\nParte superior est\u00e1ndar: aleaci\u00f3n AL 6061-T6<br \/>\nGatillo: Acero inoxidable 303<br \/>\nRompe ventanas<br \/>\nHecho en EE.UU<\/p>\n<p><iframe title=\"Microtech Combat Troodon Torture Test\" width=\"800\" height=\"450\" src=\"https:\/\/www.youtube.com\/embed\/xE9TeOFYEjg?feature=oembed\" frameborder=\"0\" allow=\"accelerometer; autoplay; clipboard-write; encrypted-media; gyroscope; picture-in-picture; web-share\" referrerpolicy=\"strict-origin-when-cross-origin\" allowfullscreen><\/iframe><\/p>\n<p>&nbsp;<\/p>\n","protected":false},"excerpt":{"rendered":"<p>A lo largo de los a\u00f1os, Microtech\u00ae Knives ha llenado los cuchillos con pasi\u00f3n y habilidad para crear casi obras de arte que son el pin\u00e1culo de la funcionalidad. Todas las piezas se fabrican en los EE. UU.<br \/>\n<strong>Todos los cuchillos Microtech vienen con una garant\u00eda de por vida.<\/strong><\/p>\n<p><strong>Transporte gratuito.<\/strong><\/p>\n","protected":false},"featured_media":328524,"comment_status":"open","ping_status":"closed","template":"","meta":[],"pwb-brand":[3752],"product_brand":[],"product_cat":[3726,3729],"product_tag":[3756],"class_list":{"0":"post-328523","1":"product","2":"type-product","3":"status-publish","4":"has-post-thumbnail","6":"pwb-brand-microtecnologia","7":"product_cat-cuchillos","8":"product_cat-cuchillos-de-tiro","9":"product_tag-b2b-es","11":"first","12":"instock","13":"taxable","14":"shipping-taxable","15":"purchasable","16":"product-type-simple"},"brands":[{"id":3752,"name":"microtecnolog\u00eda","slug":"microtecnologia"}],"_links":{"self":[{"href":"https:\/\/www.moskito.cz\/es\/wp-json\/wp\/v2\/product\/328523","targetHints":{"allow":["GET"]}}],"collection":[{"href":"https:\/\/www.moskito.cz\/es\/wp-json\/wp\/v2\/product"}],"about":[{"href":"https:\/\/www.moskito.cz\/es\/wp-json\/wp\/v2\/types\/product"}],"replies":[{"embeddable":true,"href":"https:\/\/www.moskito.cz\/es\/wp-json\/wp\/v2\/comments?post=328523"}],"wp:featuredmedia":[{"embeddable":true,"href":"https:\/\/www.moskito.cz\/es\/wp-json\/wp\/v2\/media\/328524"}],"wp:attachment":[{"href":"https:\/\/www.moskito.cz\/es\/wp-json\/wp\/v2\/media?parent=328523"}],"wp:term":[{"taxonomy":"pwb-brand","embeddable":true,"href":"https:\/\/www.moskito.cz\/es\/wp-json\/wp\/v2\/pwb-brand?post=328523"},{"taxonomy":"product_brand","embeddable":true,"href":"https:\/\/www.moskito.cz\/es\/wp-json\/wp\/v2\/product_brand?post=328523"},{"taxonomy":"product_cat","embeddable":true,"href":"https:\/\/www.moskito.cz\/es\/wp-json\/wp\/v2\/product_cat?post=328523"},{"taxonomy":"product_tag","embeddable":true,"href":"https:\/\/www.moskito.cz\/es\/wp-json\/wp\/v2\/product_tag?post=328523"}],"curies":[{"name":"wp","href":"https:\/\/api.w.org\/{rel}","templated":true}]}}