{"id":328653,"date":"2022-09-07T20:30:14","date_gmt":"2024-04-11T14:47:39","guid":{"rendered":"https:\/\/www.moskito.cz\/produkt\/cuchillo-cierre-crkt-crossbones-7530\/"},"modified":"2025-05-07T11:09:36","modified_gmt":"2025-05-07T10:09:36","slug":"cuchillo-cierre-crkt-crossbones-7530","status":"publish","type":"product","link":"https:\/\/www.moskito.cz\/es\/produkt\/cuchillo-cierre-crkt-crossbones-7530\/","title":{"rendered":"Cuchillo Cierre CRKT CROSSBONES 7530"},"content":{"rendered":"<p>Cuchillo Cerrador <strong>CRKT<\/strong> CROSSBONES 7530.<\/p>\n<p>M\u00e1s delgada, m\u00e1s ligera, m\u00e1s vers\u00e1til.<\/p>\n<p>Crossbones es un cuchillo de uso diario extremadamente vers\u00e1til para cortar carne, abrir sobres y todo lo dem\u00e1s. Dise\u00f1ado bajo la direcci\u00f3n del maestro dise\u00f1ador Ken Onion, mantiene altos est\u00e1ndares y al mismo tiempo refleja un dise\u00f1o y una funci\u00f3n nuevos y frescos. Las tibias cruzadas pr\u00e1cticamente desaparecen cuando las guardas en tu bolsillo, pero estar\u00e1n listas para afrontar cualquier tarea.<\/p>\n<p>Crossbones sigue el modelo del primer lanzamiento personalizado del dise\u00f1ador Jeff Park de Mililani, Hawaii. Jeff ha sido la mano derecha de Ken Onion durante m\u00e1s de una d\u00e9cada y, despu\u00e9s de un largo esfuerzo, finalmente lanz\u00f3 su propio dise\u00f1o.<\/p>\n<p>La hoja delgada presenta un afilado completamente plano y se despliega r\u00e1pida y suavemente con el sistema de pivote con rodamiento de bolas IKBS\u2122. El mango de aluminio cepillado de dos tonos cuando est\u00e1 cerrado recuerda la forma de un hueso de perro y da nombre al Crossbone.<\/p>\n<p>Sin adornos, pero confiable y vers\u00e1til, el Crossbone es el mejor amigo del hombre.<\/p>\n<p>ESPECIFICACIONES<br \/>\nLongitud de la hoja 3,54&#8243; (89,81 mm)<br \/>\nHoja de hoja Lisa<br \/>\nHoja de acero AUS 8<br \/>\nTratamiento superficial de la hoja Satinado<br \/>\nGrosor de la hoja 0,12&#8243; (3,15 mm)<br \/>\nLongitud total 8,06&#8243; (204,80 mm)<br \/>\nLongitud cerrada 4,50&#8243; (114,38 mm)<br \/>\nPeso 2,40 oz (68,04 g)<br \/>\nMango de aluminio<br \/>\nNavaja plegable estilo con bloqueo para revestimiento<\/p>\n<p><iframe title=\"CRKT Crossbones Knife | Designer Vision From Jeff Park\" width=\"800\" height=\"450\" src=\"https:\/\/www.youtube.com\/embed\/OED9M2VELFw?feature=oembed\" frameborder=\"0\" allow=\"accelerometer; autoplay; clipboard-write; encrypted-media; gyroscope; picture-in-picture; web-share\" referrerpolicy=\"strict-origin-when-cross-origin\" allowfullscreen><\/iframe><\/p>\n<p>&nbsp;<\/p>\n","protected":false},"excerpt":{"rendered":"<p>Dise\u00f1ado por Jeff Park en Mililani, Hawaii.<\/p>\n","protected":false},"featured_media":328654,"comment_status":"open","ping_status":"closed","template":"","meta":[],"pwb-brand":[3765],"product_brand":[],"product_cat":[3730,3726],"product_tag":[3756],"class_list":{"0":"post-328653","1":"product","2":"type-product","3":"status-publish","4":"has-post-thumbnail","6":"pwb-brand-crkt-es","7":"product_cat-cuchillas-de-cierre","8":"product_cat-cuchillos","9":"product_tag-b2b-es","11":"first","12":"outofstock","13":"sale","14":"taxable","15":"shipping-taxable","16":"purchasable","17":"product-type-simple"},"brands":[{"id":3765,"name":"CRKT","slug":"crkt-es"}],"_links":{"self":[{"href":"https:\/\/www.moskito.cz\/es\/wp-json\/wp\/v2\/product\/328653","targetHints":{"allow":["GET"]}}],"collection":[{"href":"https:\/\/www.moskito.cz\/es\/wp-json\/wp\/v2\/product"}],"about":[{"href":"https:\/\/www.moskito.cz\/es\/wp-json\/wp\/v2\/types\/product"}],"replies":[{"embeddable":true,"href":"https:\/\/www.moskito.cz\/es\/wp-json\/wp\/v2\/comments?post=328653"}],"wp:featuredmedia":[{"embeddable":true,"href":"https:\/\/www.moskito.cz\/es\/wp-json\/wp\/v2\/media\/328654"}],"wp:attachment":[{"href":"https:\/\/www.moskito.cz\/es\/wp-json\/wp\/v2\/media?parent=328653"}],"wp:term":[{"taxonomy":"pwb-brand","embeddable":true,"href":"https:\/\/www.moskito.cz\/es\/wp-json\/wp\/v2\/pwb-brand?post=328653"},{"taxonomy":"product_brand","embeddable":true,"href":"https:\/\/www.moskito.cz\/es\/wp-json\/wp\/v2\/product_brand?post=328653"},{"taxonomy":"product_cat","embeddable":true,"href":"https:\/\/www.moskito.cz\/es\/wp-json\/wp\/v2\/product_cat?post=328653"},{"taxonomy":"product_tag","embeddable":true,"href":"https:\/\/www.moskito.cz\/es\/wp-json\/wp\/v2\/product_tag?post=328653"}],"curies":[{"name":"wp","href":"https:\/\/api.w.org\/{rel}","templated":true}]}}