{"id":328802,"date":"2022-11-19T15:11:25","date_gmt":"2024-04-11T15:01:06","guid":{"rendered":"https:\/\/www.moskito.cz\/produkt\/cuchillo-de-cierre-crkt-septimo\/"},"modified":"2025-05-07T11:09:39","modified_gmt":"2025-05-07T10:09:39","slug":"cuchillo-de-cierre-crkt-septimo","status":"publish","type":"product","link":"https:\/\/www.moskito.cz\/es\/produkt\/cuchillo-de-cierre-crkt-septimo\/","title":{"rendered":"Cuchillo de cierre CRKT SEPTIMO"},"content":{"rendered":"<p>Cuchillo de cierre <strong>CRKT<\/strong> SEPTIMO.<\/p>\n<p>El cuchillo t\u00e1ctico Septimo\u2122 fue dise\u00f1ado por un boina verde experimentado para ser m\u00e1s que un simple cuchillo: lo construy\u00f3 bas\u00e1ndose en su experiencia y lo construy\u00f3 para que sirviera como salvavidas. Un Veff Serration\u2122 exclusivo se combina con un dise\u00f1o potente para funcionar como cortador de correas, cuchillo y herramienta de defensa personal. Servir 14 a\u00f1os como h\u00e9roe estadounidense culmin\u00f3 con este gran poder listo para desplegarse.<br \/>\nExtremadamente afilado: Veff Serration\u2122 proporciona un excelente rendimiento de corte para cuerdas y correas.<br \/>\nApertura r\u00e1pida: La aleta extiende r\u00e1pidamente la hoja<br \/>\nProtecci\u00f3n mejorada: el tratamiento de superficie ennegrecida mejora la resistencia a la corrosi\u00f3n.<\/p>\n<p>ESPECIFICACIONES<br \/>\nLongitud de la hoja 3,62&#8243; (92,00 mm)<br \/>\nFilo de hoja Veff Serrations\u2122<br \/>\nHoja de acero 8Cr13MoV<br \/>\nTratamiento superficial de la hoja Kysli\u010dn\u00edk<br \/>\nGrosor de la hoja 0,13&#8243; (3,23 mm)<br \/>\nLongitud total 8,19&#8243; (207,98 mm)<br \/>\nLongitud cerrada 4,55&#8243; (115,65 mm)<br \/>\nPeso 4,70 oz (133,24 g)<br \/>\nMango Aluminio con inserto de nailon reforzado con vidrio.<br \/>\nNavaja plegable estilo con bloqueo para revestimiento<\/p>\n<p><iframe title=\"Forged By War: Septimo Knife by Jeremy Valdez\" width=\"800\" height=\"450\" src=\"https:\/\/www.youtube.com\/embed\/azLUGBojVfA?feature=oembed\" frameborder=\"0\" allow=\"accelerometer; autoplay; clipboard-write; encrypted-media; gyroscope; picture-in-picture; web-share\" referrerpolicy=\"strict-origin-when-cross-origin\" allowfullscreen><\/iframe><\/p>\n<p>&nbsp;<\/p>\n<p>&nbsp;<\/p>\n<p>&nbsp;<\/p>\n","protected":false},"excerpt":{"rendered":"<p>Dise\u00f1ado por Jeremy Valdez en Olalla, Washington.<\/p>\n","protected":false},"featured_media":328803,"comment_status":"open","ping_status":"closed","template":"","meta":[],"pwb-brand":[3765],"product_brand":[],"product_cat":[3730,3726],"product_tag":[3756],"class_list":{"0":"post-328802","1":"product","2":"type-product","3":"status-publish","4":"has-post-thumbnail","6":"pwb-brand-crkt-es","7":"product_cat-cuchillas-de-cierre","8":"product_cat-cuchillos","9":"product_tag-b2b-es","11":"first","12":"instock","13":"taxable","14":"shipping-taxable","15":"purchasable","16":"product-type-simple"},"brands":[{"id":3765,"name":"CRKT","slug":"crkt-es"}],"_links":{"self":[{"href":"https:\/\/www.moskito.cz\/es\/wp-json\/wp\/v2\/product\/328802","targetHints":{"allow":["GET"]}}],"collection":[{"href":"https:\/\/www.moskito.cz\/es\/wp-json\/wp\/v2\/product"}],"about":[{"href":"https:\/\/www.moskito.cz\/es\/wp-json\/wp\/v2\/types\/product"}],"replies":[{"embeddable":true,"href":"https:\/\/www.moskito.cz\/es\/wp-json\/wp\/v2\/comments?post=328802"}],"wp:featuredmedia":[{"embeddable":true,"href":"https:\/\/www.moskito.cz\/es\/wp-json\/wp\/v2\/media\/328803"}],"wp:attachment":[{"href":"https:\/\/www.moskito.cz\/es\/wp-json\/wp\/v2\/media?parent=328802"}],"wp:term":[{"taxonomy":"pwb-brand","embeddable":true,"href":"https:\/\/www.moskito.cz\/es\/wp-json\/wp\/v2\/pwb-brand?post=328802"},{"taxonomy":"product_brand","embeddable":true,"href":"https:\/\/www.moskito.cz\/es\/wp-json\/wp\/v2\/product_brand?post=328802"},{"taxonomy":"product_cat","embeddable":true,"href":"https:\/\/www.moskito.cz\/es\/wp-json\/wp\/v2\/product_cat?post=328802"},{"taxonomy":"product_tag","embeddable":true,"href":"https:\/\/www.moskito.cz\/es\/wp-json\/wp\/v2\/product_tag?post=328802"}],"curies":[{"name":"wp","href":"https:\/\/api.w.org\/{rel}","templated":true}]}}