{"id":328837,"date":"2023-10-03T14:30:13","date_gmt":"2024-04-11T15:09:22","guid":{"rendered":"https:\/\/www.moskito.cz\/produkt\/cuchillo-de-cierre-crkt-dextro-6295\/"},"modified":"2025-05-07T11:09:40","modified_gmt":"2025-05-07T10:09:40","slug":"cuchillo-de-cierre-crkt-dextro-6295","status":"publish","type":"product","link":"https:\/\/www.moskito.cz\/es\/produkt\/cuchillo-de-cierre-crkt-dextro-6295\/","title":{"rendered":"Cuchillo de cierre CRKT Dextro 6295"},"content":{"rendered":"<p>Cuchillo de cierre <strong>CRKT<\/strong> Dextro 6295<\/p>\n<p>El Dextro, casi completamente negro, es una prenda de uso diario hecha para pasar desapercibida, pero un peque\u00f1o acento verde en el pivote insin\u00faa algo especial debajo del cap\u00f3. Empuje hacia abajo la aleta y la hoja con punta inclinada y \u00e1ngulo agresivo se desliza suavemente sobre los cojinetes IKBS\u2122, lista para perforar, cortar o cortar cualquier cosa que le depare el d\u00eda.<\/p>\n<p>Rendimiento superior: hoja de acero D2 para una retenci\u00f3n superior de la hoja<br \/>\nApertura suave: el pasador con rodamiento de bolas IKBS\u2122 despliega la hoja suavemente<br \/>\nApertura r\u00e1pida: Flipper despliega r\u00e1pidamente la hoja<br \/>\nProtecci\u00f3n mejorada: el revestimiento negro mejora la resistencia a la corrosi\u00f3n<br \/>\nFuerte y ligero: el mango de aluminio combina resistencia con un peso m\u00ednimo<br \/>\nF\u00e1cil de cerrar: el cierre se puede cerrar f\u00e1cilmente con una mano<\/p>\n<p>Hoja de acero D2<br \/>\nBorde de la hoja liso<br \/>\nTratamiento superficial de la hoja de nitruro de titanio<\/p>\n<p>Longitud de la hoja: 80,85 cm)<\/p>\n<p>Grosor de la hoja: 0,37 cm.<br \/>\nLongitud total: 19,82 cm.<br \/>\nLargo cerrado: 11,70 cm<br \/>\nPeso: 136,08 gramos<\/p>\n<p>Material del mango aluminio<br \/>\nElegante navaja plegable con Liner Lock<\/p>\n<p>&nbsp;<\/p>\n","protected":false},"excerpt":{"rendered":"<p><strong>Dise\u00f1adorT.J. Schwarzboise, Idaho<\/strong><\/p>\n<p><strong>TJ estaba destinado a convertirse en dise\u00f1ador de autom\u00f3viles. En la escuela secundaria, descubri\u00f3 su asombrosa habilidad para dibujar autos; de hecho, era tan bueno en eso que cuando estaba en la universidad, aceptaba encargos de propietarios de autos cl\u00e1sicos. Justo cuando su carrera en el mundo del autom\u00f3vil comenzaba, su buen amigo Bill Koenig de Koenig Knives intervino y todo cambi\u00f3. Una vez que prob\u00f3 el dise\u00f1o de los cuchillos, nunca mir\u00f3 hacia atr\u00e1s. Entonces, cuando dicen \u00abdise\u00f1ado para el rendimiento\u00bb, lo dicen en serio.<\/strong><\/p>\n<p>&nbsp;<\/p>\n","protected":false},"featured_media":328838,"comment_status":"open","ping_status":"closed","template":"","meta":[],"pwb-brand":[3765],"product_brand":[],"product_cat":[3730,3726],"product_tag":[3756],"class_list":{"0":"post-328837","1":"product","2":"type-product","3":"status-publish","4":"has-post-thumbnail","6":"pwb-brand-crkt-es","7":"product_cat-cuchillas-de-cierre","8":"product_cat-cuchillos","9":"product_tag-b2b-es","11":"first","12":"instock","13":"sale","14":"taxable","15":"shipping-taxable","16":"purchasable","17":"product-type-simple"},"brands":[{"id":3765,"name":"CRKT","slug":"crkt-es"}],"_links":{"self":[{"href":"https:\/\/www.moskito.cz\/es\/wp-json\/wp\/v2\/product\/328837","targetHints":{"allow":["GET"]}}],"collection":[{"href":"https:\/\/www.moskito.cz\/es\/wp-json\/wp\/v2\/product"}],"about":[{"href":"https:\/\/www.moskito.cz\/es\/wp-json\/wp\/v2\/types\/product"}],"replies":[{"embeddable":true,"href":"https:\/\/www.moskito.cz\/es\/wp-json\/wp\/v2\/comments?post=328837"}],"wp:featuredmedia":[{"embeddable":true,"href":"https:\/\/www.moskito.cz\/es\/wp-json\/wp\/v2\/media\/328838"}],"wp:attachment":[{"href":"https:\/\/www.moskito.cz\/es\/wp-json\/wp\/v2\/media?parent=328837"}],"wp:term":[{"taxonomy":"pwb-brand","embeddable":true,"href":"https:\/\/www.moskito.cz\/es\/wp-json\/wp\/v2\/pwb-brand?post=328837"},{"taxonomy":"product_brand","embeddable":true,"href":"https:\/\/www.moskito.cz\/es\/wp-json\/wp\/v2\/product_brand?post=328837"},{"taxonomy":"product_cat","embeddable":true,"href":"https:\/\/www.moskito.cz\/es\/wp-json\/wp\/v2\/product_cat?post=328837"},{"taxonomy":"product_tag","embeddable":true,"href":"https:\/\/www.moskito.cz\/es\/wp-json\/wp\/v2\/product_tag?post=328837"}],"curies":[{"name":"wp","href":"https:\/\/api.w.org\/{rel}","templated":true}]}}