{"id":328906,"date":"2024-04-11T17:52:37","date_gmt":"2024-04-11T16:55:59","guid":{"rendered":"https:\/\/www.moskito.cz\/produkt\/cuchillo-de-cierre-crkt-provoke-grivory-4041b\/"},"modified":"2025-05-07T11:09:41","modified_gmt":"2025-05-07T10:09:41","slug":"cuchillo-de-cierre-crkt-provoke-grivory-4041b","status":"publish","type":"product","link":"https:\/\/www.moskito.cz\/es\/produkt\/cuchillo-de-cierre-crkt-provoke-grivory-4041b\/","title":{"rendered":"Cuchillo de cierre CRKT Provoke Grivory 4041B"},"content":{"rendered":"<p>Cuchillo de cierre <strong>CRKT<\/strong> Provoke Grivory 4041B.<\/p>\n<p>Atender. y proteger. El cuchillo karambit transformador Provoke\u00ae Blue Metallic se basa en un dise\u00f1o antiguo pero esconde un secreto futurista. El primer cuchillo con tecnolog\u00eda Kinematic\u00ae, permanece cuidadosamente guardado durante el transporte y cobra vida cuando surge un problema. Ahora fabricado con Grivory\u00ae, un termopl\u00e1stico de ingenier\u00eda resistente y liviano, es m\u00e1s liviano y \u00e1gil.<\/p>\n<p>En CRKT, consideran que el dise\u00f1ador Joe Caswell es una especie de cient\u00edfico loco. Cuando vieron los bocetos de lo que se convertir\u00eda en el Provoke, dise\u00f1ado en Newbury Park, California, supieron que estaba destinado a convertirse en uno de los dise\u00f1adores m\u00e1s innovadores que el mundo de los cuchillos jam\u00e1s hubiera visto. Siguiendo el modelo de un karambit tradicional, la hoja estilo halc\u00f3n negro est\u00e1 hecha de acero inoxidable de calidad piedra.<\/p>\n<p>El mecanismo de apertura tira de la carpeta hacia el futuro, est\u00e9 lista o no. La presi\u00f3n del pulgar sobre la barra superior desencadena una reacci\u00f3n en cadena, lo que hace que la hoja entre en acci\u00f3n mientras mantienes un agarre firme en el mango. Est\u00e1 confeccionado en Grivory azul met\u00e1lico, un termopl\u00e1stico liviano y s\u00faper duradero para un f\u00e1cil transporte y una transici\u00f3n perfecta al uso diario. Al m\u00e1s puro estilo Joe, el clip de bolsillo tambi\u00e9n es una novedad mundial, ya que se coloca casi completamente al ras del mango y tambi\u00e9n se activa con un ligero empuj\u00f3n del pulgar.<\/p>\n<p>Provocar es poderoso cuando se le pide que entre en servicio.<\/p>\n<p>Como funciona la cinem\u00e1tica<\/p>\n<p>Empuje su pulgar hacia la barra transversal superior, mientras sus otros dedos agarran el mango firmemente, y la hoja cobra vida y encaja en su lugar. Deslice la discreta palanca en la base del bucle para el dedo y la hoja se retrae a su posici\u00f3n cerrada.<\/p>\n<p>Una innovaci\u00f3n \u00fanica: Kinematic\u00ae despliega la hoja con solo presionar el pulgar<br \/>\nF\u00e1cil afilado: la hoja de acero inoxidable con alto contenido de carbono sujeta bien el filo<br \/>\nProtecci\u00f3n mejorada: el lavado a la piedra negro es duradero y envejece bien.<br \/>\nSencillo y duradero: el mango moldeado por inyecci\u00f3n es resistente a los impactos<br \/>\nPerfil bajo: el clip de bolsillo garantiza un transporte seguro<\/p>\n<p>Especificaciones:<br \/>\nLongitud de la hoja: 6,2 cm<br \/>\nLargo cerrado: 12,58 cm<br \/>\nLongitud total: 18,25 cm.<br \/>\nMaterial de la hoja: acero inoxidable 1.4116<br \/>\nGrosor de la hoja: 0,538 cm.<br \/>\nEstilo de hoja: Hawkbill<br \/>\nAfilado de cuchillas: cincel<br \/>\nAcabado de la hoja: Black Stonewash<br \/>\nMaterial del mango: Grivory<br \/>\nMecanismo de bloqueo: Cinem\u00e1tico<br \/>\nClip de bolsillo: abatible, para uso en la mano derecha<br \/>\nPeso: 4,70 onzas. (133,24 g)<br \/>\nDise\u00f1ador: Joe Caswell<\/p>\n<p><iframe title=\"CRKT Kinematic | How It Works\" width=\"800\" height=\"450\" src=\"https:\/\/www.youtube.com\/embed\/birKtIe7HRY?feature=oembed\" frameborder=\"0\" allow=\"accelerometer; autoplay; clipboard-write; encrypted-media; gyroscope; picture-in-picture; web-share\" referrerpolicy=\"strict-origin-when-cross-origin\" allowfullscreen><\/iframe><\/p>\n<p>&nbsp;<\/p>\n<p>&nbsp;<\/p>\n","protected":false},"excerpt":{"rendered":"<p><strong>Joe Caswell<\/strong><br \/>\nParque Newbury, California<br \/>\nPeriodista motociclista. Soldador con patr\u00f3n de espada vikinga. Inventor. Dise\u00f1ador de cuchillos personalizados. Es seguro decir que Joe est\u00e1 hecho de una tela especial. Y ahora puede a\u00f1adir \u201cdisruptor de la industria\u201d a su curr\u00edculum. Con el lanzamiento del Kinematic, contin\u00faa asegurando su posici\u00f3n entre los mejores cuchillos del mundo. Desde sus humildes comienzos en su forja casera en el garaje de su apartamento alquilado, se ha hecho un nombre trabajando duro hasta altas horas de la noche, y estamos ansiosos por ver qu\u00e9 surge de su inspirada creatividad a continuaci\u00f3n.<\/p>\n","protected":false},"featured_media":328860,"comment_status":"open","ping_status":"closed","template":"","meta":[],"pwb-brand":[3765],"product_brand":[],"product_cat":[3730,3726],"product_tag":[3756],"class_list":{"0":"post-328906","1":"product","2":"type-product","3":"status-publish","4":"has-post-thumbnail","6":"pwb-brand-crkt-es","7":"product_cat-cuchillas-de-cierre","8":"product_cat-cuchillos","9":"product_tag-b2b-es","11":"first","12":"instock","13":"sale","14":"taxable","15":"shipping-taxable","16":"purchasable","17":"product-type-simple"},"brands":[{"id":3765,"name":"CRKT","slug":"crkt-es"}],"_links":{"self":[{"href":"https:\/\/www.moskito.cz\/es\/wp-json\/wp\/v2\/product\/328906","targetHints":{"allow":["GET"]}}],"collection":[{"href":"https:\/\/www.moskito.cz\/es\/wp-json\/wp\/v2\/product"}],"about":[{"href":"https:\/\/www.moskito.cz\/es\/wp-json\/wp\/v2\/types\/product"}],"replies":[{"embeddable":true,"href":"https:\/\/www.moskito.cz\/es\/wp-json\/wp\/v2\/comments?post=328906"}],"wp:featuredmedia":[{"embeddable":true,"href":"https:\/\/www.moskito.cz\/es\/wp-json\/wp\/v2\/media\/328860"}],"wp:attachment":[{"href":"https:\/\/www.moskito.cz\/es\/wp-json\/wp\/v2\/media?parent=328906"}],"wp:term":[{"taxonomy":"pwb-brand","embeddable":true,"href":"https:\/\/www.moskito.cz\/es\/wp-json\/wp\/v2\/pwb-brand?post=328906"},{"taxonomy":"product_brand","embeddable":true,"href":"https:\/\/www.moskito.cz\/es\/wp-json\/wp\/v2\/product_brand?post=328906"},{"taxonomy":"product_cat","embeddable":true,"href":"https:\/\/www.moskito.cz\/es\/wp-json\/wp\/v2\/product_cat?post=328906"},{"taxonomy":"product_tag","embeddable":true,"href":"https:\/\/www.moskito.cz\/es\/wp-json\/wp\/v2\/product_tag?post=328906"}],"curies":[{"name":"wp","href":"https:\/\/api.w.org\/{rel}","templated":true}]}}