{"id":328964,"date":"2024-04-11T18:11:18","date_gmt":"2024-04-11T17:12:39","guid":{"rendered":"https:\/\/www.moskito.cz\/produkt\/columbia-river-crkt-joe-wu-juego-de-controladores-de-6-bits-9910\/"},"modified":"2025-05-07T11:09:42","modified_gmt":"2025-05-07T10:09:42","slug":"columbia-river-crkt-joe-wu-juego-de-controladores-de-6-bits-9910","status":"publish","type":"product","link":"https:\/\/www.moskito.cz\/es\/produkt\/columbia-river-crkt-joe-wu-juego-de-controladores-de-6-bits-9910\/","title":{"rendered":"Columbia River CRKT Joe Wu Juego de controladores de 6 bits 9910"},"content":{"rendered":"<p>Columbia River <strong>CRKT<\/strong> Joe Wu Juego de controladores de 6 bits 9910<\/p>\n<p>Excelente rendimiento de mantenimiento en un paquete de bolsillo. No puede darse el lujo de decidir d\u00f3nde y cu\u00e1ndo necesita limpieza o mantenimiento su cuchillo. Este juego de controladores de 6 bits es un ahorro de productividad de bolsillo con almacenamiento interno de puntas y un mango dise\u00f1ado para un torque m\u00e1ximo.<\/p>\n<p>El dise\u00f1ador Joe Wu de Mountain View, California, dise\u00f1\u00f3 el juego de controladores de 6 bits como parte de su colecci\u00f3n de mantenimiento. Con una forma fuerte y sorprendentemente ergon\u00f3mica para un dise\u00f1o tan compacto, el mango tiene un acabado anodizado para resistir los rayones. Contiene seis bits y viene con T6, T7, T8, T9, T10 y T15. Un potente im\u00e1n dentro de la punta del destornillador sujeta las puntas de forma segura durante el uso.<\/p>\n<p>Un conjunto de controladores de 6 bits garantiza que nunca te quedar\u00e1s sin una soluci\u00f3n r\u00e1pida.<\/p>\n<p>Herramienta compacta: el destornillador cabe f\u00e1cilmente en la mano y permite un mayor control para un trabajo preciso<br \/>\nF\u00e1cil y seguro: un im\u00e1n en la punta del destornillador fija la punta del destornillador<br \/>\nFuerte y ligero: el mango de aluminio combina resistencia con un peso m\u00ednimo<br \/>\nAcabado duradero: el anodizado tipo III es resistente a los rayones<br \/>\nCapacidad para hasta 6 bits: viene con T6, T7, T8, T9, T10, T15<\/p>\n<p>Especificaciones:<br \/>\nLongitud total: 8,24 cm<br \/>\nMaterial del mango: aluminio<br \/>\nPeso: 3,10 onzas. (87,88 g)<br \/>\nDise\u00f1ador: Joe Wu<\/p>\n","protected":false},"excerpt":{"rendered":"<p>Joe Wu, siempre retocando y buscando nuevas formas de mejorar los dise\u00f1os existentes, comenz\u00f3 en el dise\u00f1o de productos en Scout Leather Co. elaborando productos basados \u200b\u200ben las necesidades y la experiencia personales. En los \u00faltimos a\u00f1os, ha ido tomando sus ideas y perfeccionando sus habilidades comerciales utilizando m\u00e9todos tradicionales con un enfoque moderno. Sus dise\u00f1os e ideas est\u00e1n impulsados \u200b\u200bpor la simplicidad y la experiencia del usuario; Un buen dise\u00f1o no tiene por qu\u00e9 ser complicado.<\/p>\n","protected":false},"featured_media":328922,"comment_status":"open","ping_status":"closed","template":"","meta":[],"pwb-brand":[3765],"product_brand":[],"product_cat":[3725],"product_tag":[3756],"class_list":{"0":"post-328964","1":"product","2":"type-product","3":"status-publish","4":"has-post-thumbnail","6":"pwb-brand-crkt-es","7":"product_cat-herramienta-multiple","8":"product_tag-b2b-es","10":"first","11":"outofstock","12":"taxable","13":"shipping-taxable","14":"purchasable","15":"product-type-simple"},"brands":[{"id":3765,"name":"CRKT","slug":"crkt-es"}],"_links":{"self":[{"href":"https:\/\/www.moskito.cz\/es\/wp-json\/wp\/v2\/product\/328964","targetHints":{"allow":["GET"]}}],"collection":[{"href":"https:\/\/www.moskito.cz\/es\/wp-json\/wp\/v2\/product"}],"about":[{"href":"https:\/\/www.moskito.cz\/es\/wp-json\/wp\/v2\/types\/product"}],"replies":[{"embeddable":true,"href":"https:\/\/www.moskito.cz\/es\/wp-json\/wp\/v2\/comments?post=328964"}],"wp:featuredmedia":[{"embeddable":true,"href":"https:\/\/www.moskito.cz\/es\/wp-json\/wp\/v2\/media\/328922"}],"wp:attachment":[{"href":"https:\/\/www.moskito.cz\/es\/wp-json\/wp\/v2\/media?parent=328964"}],"wp:term":[{"taxonomy":"pwb-brand","embeddable":true,"href":"https:\/\/www.moskito.cz\/es\/wp-json\/wp\/v2\/pwb-brand?post=328964"},{"taxonomy":"product_brand","embeddable":true,"href":"https:\/\/www.moskito.cz\/es\/wp-json\/wp\/v2\/product_brand?post=328964"},{"taxonomy":"product_cat","embeddable":true,"href":"https:\/\/www.moskito.cz\/es\/wp-json\/wp\/v2\/product_cat?post=328964"},{"taxonomy":"product_tag","embeddable":true,"href":"https:\/\/www.moskito.cz\/es\/wp-json\/wp\/v2\/product_tag?post=328964"}],"curies":[{"name":"wp","href":"https:\/\/api.w.org\/{rel}","templated":true}]}}