{"id":329027,"date":"2024-04-11T18:57:05","date_gmt":"2024-04-11T18:00:37","guid":{"rendered":"https:\/\/www.moskito.cz\/produkt\/cuchillo-cierre-crkt-calamar-lavado-a-la-piedra-2486\/"},"modified":"2025-05-07T11:09:44","modified_gmt":"2025-05-07T10:09:44","slug":"cuchillo-cierre-crkt-calamar-lavado-a-la-piedra-2486","status":"publish","type":"product","link":"https:\/\/www.moskito.cz\/es\/produkt\/cuchillo-cierre-crkt-calamar-lavado-a-la-piedra-2486\/","title":{"rendered":"Cuchillo Cierre CRKT Calamar Lavado a la Piedra 2486"},"content":{"rendered":"<p>Cuchillo Cierre <strong>CRKT<\/strong> Calamar Lavado a la Piedra 2486<\/p>\n<p>Dise\u00f1ado por Lucas Burnley, este cuchillo de uso diario es compacto en tama\u00f1o pero tiene un gran impacto en el departamento de funciones. Viene con bloqueo de marco para mayor seguridad y apertura asistida para un despliegue s\u00faper r\u00e1pido. Ten cuidado hacia donde lo apuntas.<\/p>\n<p>El Squid Compact es un cuchillo plegable de uso diario del dise\u00f1ador Lucas Burnley de Bend, Oreg\u00f3n. Basada en el concepto de pistola compacta, tiene peque\u00f1as dimensiones y grandes capacidades. No se deje enga\u00f1ar por la hoja de 1,75&#8243;; este es un cuchillo de inspiraci\u00f3n t\u00e1ctica con todas las funciones que est\u00e1 listo para afrontar sus mayores desaf\u00edos de corte. Al estar dise\u00f1ada con un estilo de punta de ca\u00edda, la Burnley ha logrado darle a la hoja un buen equilibrio entre la resistencia y la geometr\u00eda de la punta para tareas de utilidad, combinando todas las caracter\u00edsticas de una t\u00e1ctica de tama\u00f1o completo en un dise\u00f1o compacto y f\u00e1cil de transportar. .<\/p>\n<p>Como cualquier buena arma, quieres algo que te mantenga a salvo. Es por eso que el Squid Compact est\u00e1 construido con la innovaci\u00f3n de Apertura Asistida. Deslice la hoja para abrirla parcialmente para activar la apertura asistida, \u00e1brala a velocidad s\u00faper alta y el bloqueo del marco la mantendr\u00e1 firmemente en su lugar.<\/p>\n<p>As\u00ed que adelante y ll\u00e9vate esta arma a donde quiera que vayas. S\u00f3lo recuerda, est\u00e1 cargado.<\/p>\n<p>C\u00f3mo funciona la apertura asistida<\/p>\n<p>Se mantiene firmemente cerrado en el bolsillo, pero al iniciar el despliegue la hoja se abre con una velocidad impresionante para una apertura simple y poderosa con una sola mano en la parte de giro.<\/p>\n<p>Flipper de apertura asistida que despliega r\u00e1pidamente la hoja.<br \/>\nLa hoja de acero inoxidable con alto contenido de carbono sujeta bien el filo.<br \/>\nRanuras de fricci\u00f3n en la hoja para agarre.<br \/>\nEl mango G10 y de acero inoxidable resistir\u00e1 un uso intensivo<br \/>\nEl clip de bolsillo garantiza un transporte seguro<br \/>\nOrificio para cord\u00f3n para llavero o colgante<\/p>\n<p>Especificaciones:<br \/>\nLongitud de la hoja: 4,44 cm<br \/>\nLongitud del mango: 7,44 cm<br \/>\nLongitud total: 11,8 cm<br \/>\nMaterial de la hoja: Acero para herramientas D2<br \/>\nGrosor de la hoja: 0,11&#8243; (2,69 mm)<br \/>\nEstilo de hoja: Punto de ca\u00edda<br \/>\nAcabado de la hoja: Black Stonewash<br \/>\nMaterial del mango: Naranja G10 y acero inoxidable<br \/>\nMecanismo de bloqueo: Bloqueo de marco<br \/>\nClip de bolsillo: abatible, para uso en la mano derecha<br \/>\nPeso: 2,20 onzas. (62,37 g)<br \/>\nDise\u00f1ador: Lucas Burnley<br \/>\nAsistencia de pivote IKBS<\/p>\n<p><iframe title=\"CRKT Squid\u2122 Compact | Lucas Burnley Design\" width=\"800\" height=\"450\" src=\"https:\/\/www.youtube.com\/embed\/vNJRbbbCrik?feature=oembed\" frameborder=\"0\" allow=\"accelerometer; autoplay; clipboard-write; encrypted-media; gyroscope; picture-in-picture; web-share\" referrerpolicy=\"strict-origin-when-cross-origin\" allowfullscreen><\/iframe><\/p>\n<p>&nbsp;<\/p>\n","protected":false},"excerpt":{"rendered":"<p>Lucas Burnley<br \/>\nBend, Oreg\u00f3n<br \/>\nCuando le preguntas a Lucas qu\u00e9 lo llev\u00f3 al mundo de los cuchillos cuando era adolescente, te dice que fueron historias de supervivencia, aventuras todoterreno con su padre y una buena dosis de pel\u00edculas de acci\u00f3n. A lo largo de los a\u00f1os, ha experimentado con una amplia gama de estilos para combinar ingeniosamente ejemplos cl\u00e1sicos con materiales y t\u00e9cnicas modernas, como el cuchillo Obake\u2122. Lucas cree que los cuchillos son una expresi\u00f3n personal de independencia. No podr\u00edamos estar m\u00e1s de acuerdo.<\/p>\n","protected":false},"featured_media":328979,"comment_status":"open","ping_status":"closed","template":"","meta":[],"pwb-brand":[3765],"product_brand":[],"product_cat":[3730,3726],"product_tag":[3756],"class_list":{"0":"post-329027","1":"product","2":"type-product","3":"status-publish","4":"has-post-thumbnail","6":"pwb-brand-crkt-es","7":"product_cat-cuchillas-de-cierre","8":"product_cat-cuchillos","9":"product_tag-b2b-es","11":"first","12":"instock","13":"sale","14":"taxable","15":"shipping-taxable","16":"purchasable","17":"product-type-simple"},"brands":[{"id":3765,"name":"CRKT","slug":"crkt-es"}],"_links":{"self":[{"href":"https:\/\/www.moskito.cz\/es\/wp-json\/wp\/v2\/product\/329027","targetHints":{"allow":["GET"]}}],"collection":[{"href":"https:\/\/www.moskito.cz\/es\/wp-json\/wp\/v2\/product"}],"about":[{"href":"https:\/\/www.moskito.cz\/es\/wp-json\/wp\/v2\/types\/product"}],"replies":[{"embeddable":true,"href":"https:\/\/www.moskito.cz\/es\/wp-json\/wp\/v2\/comments?post=329027"}],"wp:featuredmedia":[{"embeddable":true,"href":"https:\/\/www.moskito.cz\/es\/wp-json\/wp\/v2\/media\/328979"}],"wp:attachment":[{"href":"https:\/\/www.moskito.cz\/es\/wp-json\/wp\/v2\/media?parent=329027"}],"wp:term":[{"taxonomy":"pwb-brand","embeddable":true,"href":"https:\/\/www.moskito.cz\/es\/wp-json\/wp\/v2\/pwb-brand?post=329027"},{"taxonomy":"product_brand","embeddable":true,"href":"https:\/\/www.moskito.cz\/es\/wp-json\/wp\/v2\/product_brand?post=329027"},{"taxonomy":"product_cat","embeddable":true,"href":"https:\/\/www.moskito.cz\/es\/wp-json\/wp\/v2\/product_cat?post=329027"},{"taxonomy":"product_tag","embeddable":true,"href":"https:\/\/www.moskito.cz\/es\/wp-json\/wp\/v2\/product_tag?post=329027"}],"curies":[{"name":"wp","href":"https:\/\/api.w.org\/{rel}","templated":true}]}}