{"id":329082,"date":"2024-04-11T19:27:23","date_gmt":"2024-04-11T18:28:31","guid":{"rendered":"https:\/\/www.moskito.cz\/produkt\/cuchillo-cierre-crkt-calamar-compact-lavado-a-la-piedra-2485k\/"},"modified":"2025-05-07T11:09:44","modified_gmt":"2025-05-07T10:09:44","slug":"cuchillo-cierre-crkt-calamar-compact-lavado-a-la-piedra-2485k","status":"publish","type":"product","link":"https:\/\/www.moskito.cz\/es\/produkt\/cuchillo-cierre-crkt-calamar-compact-lavado-a-la-piedra-2485k\/","title":{"rendered":"Cuchillo Cierre CRKT Calamar Compact Lavado a la Piedra 2485K"},"content":{"rendered":"<h3 class=\"\" data-start=\"130\" data-end=\"189\">\ud83d\udd2a CRKT Squid\u2122 Compact Stonewashed 2485K<\/h3>\n<p class=\"\" data-start=\"190\" data-end=\"360\">Compacto, robusto y preparado para todo. El CRKT Squid Compact es el hermano menor del legendario modelo Squid, pero no te dejes enga\u00f1ar por su tama\u00f1o: la potencia y la confiabilidad se mantienen. <\/p>\n<hr class=\"\" data-start=\"362\" data-end=\"365\">\n<h3 class=\"\" data-start=\"367\" data-end=\"386\">\u2699\ufe0f Especificaciones:<\/h3>\n<ul data-start=\"387\" data-end=\"779\">\n<li class=\"\" data-start=\"387\" data-end=\"416\">\n<p class=\"\" data-start=\"389\" data-end=\"416\"><strong data-start=\"389\" data-end=\"407\">Longitud total:<\/strong> 11,81 cm<\/p>\n<\/li>\n<li class=\"\" data-start=\"417\" data-end=\"444\">\n<p class=\"\" data-start=\"419\" data-end=\"444\"><strong data-start=\"419\" data-end=\"436\">Longitud de la hoja:<\/strong> 4,44 cm<\/p>\n<\/li>\n<li class=\"\" data-start=\"445\" data-end=\"476\">\n<p class=\"\" data-start=\"447\" data-end=\"476\"><strong data-start=\"447\" data-end=\"467\">Grosor de la hoja:<\/strong> 2,7 mm<\/p>\n<\/li>\n<li class=\"\" data-start=\"477\" data-end=\"499\">\n<p class=\"\" data-start=\"479\" data-end=\"499\"><strong data-start=\"479\" data-end=\"492\">Peso:<\/strong> 82g<\/p>\n<\/li>\n<li class=\"\" data-start=\"500\" data-end=\"533\">\n<p class=\"\" data-start=\"502\" data-end=\"533\"><strong data-start=\"502\" data-end=\"522\">Material de la hoja:<\/strong> 8Cr13MoV<\/p>\n<\/li>\n<li class=\"\" data-start=\"534\" data-end=\"566\">\n<p class=\"\" data-start=\"536\" data-end=\"566\"><strong data-start=\"536\" data-end=\"554\">Dureza del acero:<\/strong> 58\u201360 HRC<\/p>\n<\/li>\n<li class=\"\" data-start=\"567\" data-end=\"607\">\n<p class=\"\" data-start=\"569\" data-end=\"607\"><strong data-start=\"569\" data-end=\"591\">Material del mango:<\/strong> acero inoxidable<\/p>\n<\/li>\n<li class=\"\" data-start=\"608\" data-end=\"652\">\n<p class=\"\" data-start=\"610\" data-end=\"652\"><strong data-start=\"610\" data-end=\"638\">Tratamiento superficial de la hoja:<\/strong> Lavado a la piedra<\/p>\n<\/li>\n<li class=\"\" data-start=\"653\" data-end=\"684\">\n<p class=\"\" data-start=\"655\" data-end=\"684\"><strong data-start=\"655\" data-end=\"671\">Forma de la hoja:<\/strong> Punta ca\u00edda<\/p>\n<\/li>\n<li class=\"\" data-start=\"685\" data-end=\"714\">\n<p class=\"\" data-start=\"687\" data-end=\"714\"><strong data-start=\"687\" data-end=\"701\">Apertura:<\/strong> Perno para el pulgar<\/p>\n<\/li>\n<li class=\"\" data-start=\"715\" data-end=\"740\">\n<p class=\"\" data-start=\"717\" data-end=\"740\"><strong data-start=\"717\" data-end=\"727\">Bloqueo:<\/strong> Bloqueo de marco<\/p>\n<\/li>\n<li class=\"\" data-start=\"741\" data-end=\"779\">\n<p class=\"\" data-start=\"743\" data-end=\"779\"><strong data-start=\"743\" data-end=\"752\">Clip:<\/strong> Transporte profundo, lado derecho<\/p>\n<\/li>\n<\/ul>\n<hr class=\"\" data-start=\"781\" data-end=\"784\">\n<h3 class=\"\" data-start=\"786\" data-end=\"800\">\ud83d\udc8e Beneficios:<\/h3>\n<ul data-start=\"801\" data-end=\"1123\">\n<li class=\"\" data-start=\"801\" data-end=\"838\">\n<p class=\"\" data-start=\"803\" data-end=\"838\">Dimensiones compactas ideales para EDC<\/p>\n<\/li>\n<li class=\"\" data-start=\"839\" data-end=\"902\">\n<p class=\"\" data-start=\"841\" data-end=\"902\">Acero 8Cr13MoV de alta calidad: mantiene bien el filo y es f\u00e1cil de afilar.<\/p>\n<\/li>\n<li class=\"\" data-start=\"903\" data-end=\"950\">\n<p class=\"\" data-start=\"905\" data-end=\"950\">La superficie lavada a la piedra oculta peque\u00f1os ara\u00f1azos.<\/p>\n<\/li>\n<li class=\"\" data-start=\"951\" data-end=\"983\">\n<p class=\"\" data-start=\"953\" data-end=\"983\">Construcci\u00f3n duradera totalmente met\u00e1lica<\/p>\n<\/li>\n<li class=\"\" data-start=\"984\" data-end=\"1022\">\n<p class=\"\" data-start=\"986\" data-end=\"1022\">Dise\u00f1o minimalista pero funcional.<\/p>\n<\/li>\n<li class=\"\" data-start=\"1023\" data-end=\"1074\">\n<p class=\"\" data-start=\"1025\" data-end=\"1074\">Bloqueo de marco confiable: bloqueo seguro de la hoja<\/p>\n<\/li>\n<li class=\"\" data-start=\"1075\" data-end=\"1123\">\n<p class=\"\" data-start=\"1077\" data-end=\"1123\">Clip de transporte profundo: el cuchillo cabe discretamente en tu bolsillo<\/p>\n<\/li>\n<\/ul>\n<hr class=\"\" data-start=\"1125\" data-end=\"1128\">\n<h3 class=\"\" data-start=\"1130\" data-end=\"1155\">\ud83e\uddfc Molienda y mantenimiento:<\/h3>\n<ul data-start=\"1156\" data-end=\"1386\">\n<li class=\"\" data-start=\"1156\" data-end=\"1257\">\n<p class=\"\" data-start=\"1158\" data-end=\"1257\"><strong data-start=\"1158\" data-end=\"1171\">Afilado:<\/strong> Se recomienda afilar en un \u00e1ngulo de 20\u00b0\u201322\u00b0, idealmente con un afilador de diamante o de cer\u00e1mica.<\/p>\n<\/li>\n<li class=\"\" data-start=\"1258\" data-end=\"1386\">\n<p class=\"\" data-start=\"1260\" data-end=\"1386\"><strong data-start=\"1260\" data-end=\"1271\">Mantenimiento:<\/strong> Limpie peri\u00f3dicamente las piezas articuladas, aplique una gota de lubricante (por ejemplo, Nanoprotech o Ballistol) y gu\u00e1rdelo en un lugar seco.<\/p>\n<\/li>\n<\/ul>\n<hr class=\"\" data-start=\"1388\" data-end=\"1391\">\n<h3 data-pm-slice=\"1 1 []\">\u2696\ufe0f Comparaci\u00f3n con la competencia:<\/h3>\n<table>\n<tbody>\n<tr>\n<th>Modelo<\/th>\n<th>Longitud de la hoja<\/th>\n<th>Acero<\/th>\n<th>Apertura<\/th>\n<th>Cerrar<\/th>\n<th>Peso<\/th>\n<\/tr>\n<tr>\n<td><strong>CRKT Squid Compact<\/strong><\/td>\n<td>60 mm<\/td>\n<td>8Cr13MoV<\/td>\n<td>Perno para el pulgar<\/td>\n<td>Bloqueo de marco<\/td>\n<td>82 gramos<\/td>\n<\/tr>\n<tr>\n<td>Cebollino Kershaw<\/td>\n<td>44 mil\u00edmetros<\/td>\n<td>420HC<\/td>\n<td>pinball<\/td>\n<td>Bloqueo de marco<\/td>\n<td>50 gramos<\/td>\n<\/tr>\n<tr>\n<td>Subcomunicador Boker Plus<\/td>\n<td>53 mil\u00edmetros<\/td>\n<td>AUS-8<\/td>\n<td>Perno para el pulgar<\/td>\n<td>Bloqueo de marco<\/td>\n<td>70 gramos<\/td>\n<\/tr>\n<\/tbody>\n<\/table>\n<p>El Squid Compact destaca por su robustez en un paquete de bolsillo. Tiene un dise\u00f1o simple pero efectivo sin adornos innecesarios, exactamente lo que la mayor\u00eda de los usuarios de EDC apreciar\u00e1n. <\/p>\n<div>\n<hr>\n<\/div>\n<h3>\ud83c\udf81 del paquete:<\/h3>\n<ul data-spread=\"false\">\n<li>Cuchillo CRKT Squid Compact 2485K<\/li>\n<li>Caja original con el logotipo de CRKT<\/li>\n<li>Instrucciones de uso y mantenimiento<\/li>\n<\/ul>\n<div>\n<hr>\n<\/div>\n<h3>\u2764\ufe0f Conclusi\u00f3n:<\/h3>\n<p><strong>A veces menos es m\u00e1s<\/strong>  Y el CRKT Squid Compact lo confirma hasta el \u00faltimo detalle. Cuando necesites algo peque\u00f1o que funcione como un cuchillo grande, elige esto. Ideal para tu bolsillo, mochila o como pieza de respaldo. Y, sin embargo, nunca se sentir\u00e1 como una \u00abcopia de seguridad\u00bb.   <\/p>\n<p>\ud83c\udfaf  <strong>Squid Compact: una pieza indispensable para tu arsenal EDC. Sorprendentemente peque\u00f1o. Sorprendentemente capaz. Exactamente lo que necesitas.   <\/strong><\/p>\n<div class=\"group pointer-events-none relative flex justify-center *:pointer-events-auto\"><\/div>\n<p>&nbsp;<\/p>\n<p>&nbsp;<\/p>\n<p><iframe title=\"CRKT Squid\u2122 Compact | Lucas Burnley Design\" width=\"800\" height=\"450\" src=\"https:\/\/www.youtube.com\/embed\/jdqlNS6PE4A?feature=oembed\" frameborder=\"0\" allow=\"accelerometer; autoplay; clipboard-write; encrypted-media; gyroscope; picture-in-picture; web-share\" referrerpolicy=\"strict-origin-when-cross-origin\" allowfullscreen><\/iframe><\/p>\n<p>&nbsp;<\/p>\n","protected":false},"excerpt":{"rendered":"<p>\ud83c\udfaf  <strong>Squid Compact: una pieza indispensable para tu arsenal EDC. Sorprendentemente peque\u00f1o. Sorprendentemente capaz. Exactamente lo que necesitas.   <\/strong><\/p>\n","protected":false},"featured_media":329038,"comment_status":"open","ping_status":"closed","template":"","meta":[],"pwb-brand":[3765],"product_brand":[],"product_cat":[3730,3726],"product_tag":[3756],"class_list":{"0":"post-329082","1":"product","2":"type-product","3":"status-publish","4":"has-post-thumbnail","6":"pwb-brand-crkt-es","7":"product_cat-cuchillas-de-cierre","8":"product_cat-cuchillos","9":"product_tag-b2b-es","11":"first","12":"instock","13":"sale","14":"taxable","15":"shipping-taxable","16":"purchasable","17":"product-type-simple"},"brands":[{"id":3765,"name":"CRKT","slug":"crkt-es"}],"_links":{"self":[{"href":"https:\/\/www.moskito.cz\/es\/wp-json\/wp\/v2\/product\/329082","targetHints":{"allow":["GET"]}}],"collection":[{"href":"https:\/\/www.moskito.cz\/es\/wp-json\/wp\/v2\/product"}],"about":[{"href":"https:\/\/www.moskito.cz\/es\/wp-json\/wp\/v2\/types\/product"}],"replies":[{"embeddable":true,"href":"https:\/\/www.moskito.cz\/es\/wp-json\/wp\/v2\/comments?post=329082"}],"wp:featuredmedia":[{"embeddable":true,"href":"https:\/\/www.moskito.cz\/es\/wp-json\/wp\/v2\/media\/329038"}],"wp:attachment":[{"href":"https:\/\/www.moskito.cz\/es\/wp-json\/wp\/v2\/media?parent=329082"}],"wp:term":[{"taxonomy":"pwb-brand","embeddable":true,"href":"https:\/\/www.moskito.cz\/es\/wp-json\/wp\/v2\/pwb-brand?post=329082"},{"taxonomy":"product_brand","embeddable":true,"href":"https:\/\/www.moskito.cz\/es\/wp-json\/wp\/v2\/product_brand?post=329082"},{"taxonomy":"product_cat","embeddable":true,"href":"https:\/\/www.moskito.cz\/es\/wp-json\/wp\/v2\/product_cat?post=329082"},{"taxonomy":"product_tag","embeddable":true,"href":"https:\/\/www.moskito.cz\/es\/wp-json\/wp\/v2\/product_tag?post=329082"}],"curies":[{"name":"wp","href":"https:\/\/api.w.org\/{rel}","templated":true}]}}