{"id":329139,"date":"2024-04-11T19:44:57","date_gmt":"2024-04-11T18:45:54","guid":{"rendered":"https:\/\/www.moskito.cz\/produkt\/cuchillo-cierre-crkt-ceo-microflipper-7083\/"},"modified":"2025-05-07T11:09:46","modified_gmt":"2025-05-07T10:09:46","slug":"cuchillo-cierre-crkt-ceo-microflipper-7083","status":"publish","type":"product","link":"https:\/\/www.moskito.cz\/es\/produkt\/cuchillo-cierre-crkt-ceo-microflipper-7083\/","title":{"rendered":"Cuchillo Cierre CRKT CEO Microflipper 7083"},"content":{"rendered":"<p>Cuchillo de cierre <strong>CRKT<\/strong> CEO Microflipper 7083.<\/p>\n<p><strong>El CEO<\/strong> Microflipper es un cuchillo vestido para el \u00e9xito. A primera vista, podr\u00eda confundirse con un bol\u00edgrafo escondido en el bolsillo de una camisa. Y as\u00ed es exactamente como se dise\u00f1\u00f3 la navaja plegable CEO Microflipper. Con un perfil extremadamente bajo y sin esquinas a expensas de la facilidad de uso y la ergonom\u00eda, encarna el esp\u00edritu de trabajo del uso diario. El color es fant\u00e1stico: el azul intenso realmente hace que el cuchillo destaque.<\/p>\n<p>Conocido por sus dise\u00f1os limpios, simples y altamente utilizables, Richard Rogers lanza otro cuchillo impresionante en su tienda en las colinas de Magdalena, Nuevo M\u00e9xico. Dise\u00f1ado pensando en los bolsillos de la camisa y el cuello en V, el CEO Microflipper, delgado y de perfil bajo, es un bol\u00edgrafo hasta que es necesario abrir una carta sellada o un traje necesita los toques finales. Con rodamientos de bolas engrasados \u200b\u200ben el pivote para reducir la fricci\u00f3n, el IKBS pone en movimiento el delgado pasador del pulgar y expulsa r\u00e1pidamente la hoja de acero inoxidable con acabado satinado. Un inserto de bloqueo lo mantiene seguro en su lugar entre un mango de aluminio azul elegante y liviano con inserciones de acero inoxidable y un clip.<\/p>\n<p>CEO Microflipper: se combina mejor con pasteles extra oscuros y una larga lista de tareas pendientes.<\/p>\n<p>Especificaciones<br \/>\nLongitud de la hoja: 5,52 cm<br \/>\nLargo cerrado: 8,12 cm<br \/>\nLongitud total: 13,7 cm<br \/>\nMaterial de la hoja: Acero inoxidable Sandvik 12C27<br \/>\nEstilo de hoja: pie de oveja<br \/>\nTratamiento superficial de la hoja: satinado.<br \/>\nMaterial del mango: Aluminio azul texturizado con inserciones de acero inoxidable<br \/>\nMecanismo de bloqueo: Liner Lock<br \/>\nClip de bolsillo: transporte profundo inclinado hacia abajo, transporte derecho\/izquierdo<br \/>\nPeso: 1,7 onzas.<br \/>\nDise\u00f1ador: Richard Rogers<\/p>\n<p><iframe title=\"CRKT CEO Microflipper | Richard Rogers Design\" width=\"800\" height=\"450\" src=\"https:\/\/www.youtube.com\/embed\/foLCcQjXDCM?feature=oembed\" frameborder=\"0\" allow=\"accelerometer; autoplay; clipboard-write; encrypted-media; gyroscope; picture-in-picture; web-share\" referrerpolicy=\"strict-origin-when-cross-origin\" allowfullscreen><\/iframe><\/p>\n<p>&nbsp;<\/p>\n","protected":false},"excerpt":{"rendered":"<p>DISE\u00d1ADOR<br \/>\nRichard Rogers<br \/>\nMagdalena, Nuevo M\u00e9xico<br \/>\nMi pasi\u00f3n son los componentes sencillos y pr\u00e1cticos para el uso diario. Con cada dise\u00f1o, tengo la determinaci\u00f3n de lo que puede hacer para hacer la vida m\u00e1s f\u00e1cil a la persona que lo sostiene.<\/p>\n","protected":false},"featured_media":329097,"comment_status":"open","ping_status":"closed","template":"","meta":[],"pwb-brand":[3765],"product_brand":[],"product_cat":[3730,3726],"product_tag":[3756],"class_list":{"0":"post-329139","1":"product","2":"type-product","3":"status-publish","4":"has-post-thumbnail","6":"pwb-brand-crkt-es","7":"product_cat-cuchillas-de-cierre","8":"product_cat-cuchillos","9":"product_tag-b2b-es","11":"first","12":"outofstock","13":"taxable","14":"shipping-taxable","15":"purchasable","16":"product-type-simple"},"brands":[{"id":3765,"name":"CRKT","slug":"crkt-es"}],"_links":{"self":[{"href":"https:\/\/www.moskito.cz\/es\/wp-json\/wp\/v2\/product\/329139","targetHints":{"allow":["GET"]}}],"collection":[{"href":"https:\/\/www.moskito.cz\/es\/wp-json\/wp\/v2\/product"}],"about":[{"href":"https:\/\/www.moskito.cz\/es\/wp-json\/wp\/v2\/types\/product"}],"replies":[{"embeddable":true,"href":"https:\/\/www.moskito.cz\/es\/wp-json\/wp\/v2\/comments?post=329139"}],"wp:featuredmedia":[{"embeddable":true,"href":"https:\/\/www.moskito.cz\/es\/wp-json\/wp\/v2\/media\/329097"}],"wp:attachment":[{"href":"https:\/\/www.moskito.cz\/es\/wp-json\/wp\/v2\/media?parent=329139"}],"wp:term":[{"taxonomy":"pwb-brand","embeddable":true,"href":"https:\/\/www.moskito.cz\/es\/wp-json\/wp\/v2\/pwb-brand?post=329139"},{"taxonomy":"product_brand","embeddable":true,"href":"https:\/\/www.moskito.cz\/es\/wp-json\/wp\/v2\/product_brand?post=329139"},{"taxonomy":"product_cat","embeddable":true,"href":"https:\/\/www.moskito.cz\/es\/wp-json\/wp\/v2\/product_cat?post=329139"},{"taxonomy":"product_tag","embeddable":true,"href":"https:\/\/www.moskito.cz\/es\/wp-json\/wp\/v2\/product_tag?post=329139"}],"curies":[{"name":"wp","href":"https:\/\/api.w.org\/{rel}","templated":true}]}}