{"id":329200,"date":"2024-04-11T20:00:51","date_gmt":"2024-04-11T19:34:15","guid":{"rendered":"https:\/\/www.moskito.cz\/produkt\/cuchillo-cierre-crkt-ceo-microflipper-7081\/"},"modified":"2025-05-07T11:09:47","modified_gmt":"2025-05-07T10:09:47","slug":"cuchillo-cierre-crkt-ceo-microflipper-7081","status":"publish","type":"product","link":"https:\/\/www.moskito.cz\/es\/produkt\/cuchillo-cierre-crkt-ceo-microflipper-7081\/","title":{"rendered":"Cuchillo Cierre CRKT CEO Microflipper 7081"},"content":{"rendered":"<p>Cuchillo Cierre <strong>CRKT<\/strong> CEO Microflipper 7081<\/p>\n<p>La versi\u00f3n m\u00e1s peque\u00f1a de la reconocida familia de navajas CEO, la Microflipper, combina un estilo refinado y la m\u00e1xima comodidad. Puede que sea peque\u00f1o, pero con un mango de aluminio liviano y una resistente hoja de acero D2, es un serio candidato para cualquier trabajo.<\/p>\n<p>Esta peque\u00f1a y elegante navaja de bolsillo viene con una hoja puntiaguda y un mango de aluminio con un acabado completamente negro, dise\u00f1ada para impresionar dentro y fuera de la oficina.<\/p>\n<p>Especificaciones:<br \/>\nLongitud de la hoja: 6 cm<br \/>\nLargo cerrado: 8,55 cm<br \/>\nLongitud total: 14,28 cm<br \/>\nMaterial de la hoja: Acero para herramientas D2<br \/>\nGrosor de la hoja: 021 cm.<br \/>\nEstilo de hoja: Punto de ca\u00edda<br \/>\nTratamiento de la superficie de la hoja: nitruro de titanio negro<br \/>\nMaterial del mango: Aluminio texturizado negro<br \/>\nMecanismo de bloqueo: Liner Lock<br \/>\nClip de bolsillo: transporte profundo inclinado hacia abajo, transporte derecho\/izquierdo<br \/>\nPeso: 1,70 onzas. (48,19 g)<br \/>\nDise\u00f1ador: Richard Rogers<\/p>\n<p><iframe title=\"CRKT CEO Microflipper | Richard Rogers Design\" width=\"800\" height=\"450\" src=\"https:\/\/www.youtube.com\/embed\/pZ2QIeUSL-Q?feature=oembed\" frameborder=\"0\" allow=\"accelerometer; autoplay; clipboard-write; encrypted-media; gyroscope; picture-in-picture; web-share\" referrerpolicy=\"strict-origin-when-cross-origin\" allowfullscreen><\/iframe><\/p>\n<p>&nbsp;<\/p>\n","protected":false},"excerpt":{"rendered":"<p>Richard Rogers<br \/>\nMagdalena, Nuevo M\u00e9xico<br \/>\nMi pasi\u00f3n son los componentes sencillos y pr\u00e1cticos para el uso diario. Con cada dise\u00f1o, tengo la determinaci\u00f3n de lo que puede hacer para hacer la vida m\u00e1s f\u00e1cil a la persona que lo sostiene.<\/p>\n","protected":false},"featured_media":333538,"comment_status":"open","ping_status":"closed","template":"","meta":[],"pwb-brand":[3765],"product_brand":[],"product_cat":[3730,3726],"product_tag":[3756],"class_list":{"0":"post-329200","1":"product","2":"type-product","3":"status-publish","4":"has-post-thumbnail","6":"pwb-brand-crkt-es","7":"product_cat-cuchillas-de-cierre","8":"product_cat-cuchillos","9":"product_tag-b2b-es","11":"first","12":"outofstock","13":"taxable","14":"shipping-taxable","15":"purchasable","16":"product-type-simple"},"brands":[{"id":3765,"name":"CRKT","slug":"crkt-es"}],"_links":{"self":[{"href":"https:\/\/www.moskito.cz\/es\/wp-json\/wp\/v2\/product\/329200","targetHints":{"allow":["GET"]}}],"collection":[{"href":"https:\/\/www.moskito.cz\/es\/wp-json\/wp\/v2\/product"}],"about":[{"href":"https:\/\/www.moskito.cz\/es\/wp-json\/wp\/v2\/types\/product"}],"replies":[{"embeddable":true,"href":"https:\/\/www.moskito.cz\/es\/wp-json\/wp\/v2\/comments?post=329200"}],"wp:featuredmedia":[{"embeddable":true,"href":"https:\/\/www.moskito.cz\/es\/wp-json\/wp\/v2\/media\/333538"}],"wp:attachment":[{"href":"https:\/\/www.moskito.cz\/es\/wp-json\/wp\/v2\/media?parent=329200"}],"wp:term":[{"taxonomy":"pwb-brand","embeddable":true,"href":"https:\/\/www.moskito.cz\/es\/wp-json\/wp\/v2\/pwb-brand?post=329200"},{"taxonomy":"product_brand","embeddable":true,"href":"https:\/\/www.moskito.cz\/es\/wp-json\/wp\/v2\/product_brand?post=329200"},{"taxonomy":"product_cat","embeddable":true,"href":"https:\/\/www.moskito.cz\/es\/wp-json\/wp\/v2\/product_cat?post=329200"},{"taxonomy":"product_tag","embeddable":true,"href":"https:\/\/www.moskito.cz\/es\/wp-json\/wp\/v2\/product_tag?post=329200"}],"curies":[{"name":"wp","href":"https:\/\/api.w.org\/{rel}","templated":true}]}}