{"id":329370,"date":"2023-03-22T22:11:26","date_gmt":"2023-03-22T21:11:26","guid":{"rendered":"https:\/\/www.moskito.cz\/produkt\/cuchillo-de-cierre-crkt-butte-2471\/"},"modified":"2025-05-07T11:09:51","modified_gmt":"2025-05-07T10:09:51","slug":"cuchillo-de-cierre-crkt-butte-2471","status":"publish","type":"product","link":"https:\/\/www.moskito.cz\/es\/produkt\/cuchillo-de-cierre-crkt-butte-2471\/","title":{"rendered":"Cuchillo de cierre CRKT BUTTE 2471"},"content":{"rendered":"<p>Cuchillo de cierre <strong>CRKT<\/strong> BUTTE 2471<\/p>\n<p><strong>Un cl\u00e1sico moderno de un dise\u00f1ador legendario.<\/strong><\/p>\n<p>El Butte, que lleva el nombre de las colinas que rodean la ciudad natal del dise\u00f1ador Lucas Burnley, Bend, Oreg\u00f3n, es un cuchillo plegable que toma el estilo de los cuchillos de caza est\u00e1ndar. Burnley lo llama un \u00abcl\u00e1sico moderno\u00bb y combina un aspecto tradicional con los \u00faltimos materiales y caracter\u00edsticas, incluido el Deadbolt\u00ae, el primer cuchillo de Burnley.<br \/>\nFuerte y simple: la cerradura Deadbolt\u00ae proporciona una resistencia incre\u00edble y es f\u00e1cil de usar<br \/>\nApertura asistida: Flipper despliega r\u00e1pidamente la hoja<br \/>\nApertura suave: el pasador con rodamiento de bolas IKBS\u2122 despliega la hoja suavemente<br \/>\nRendimiento superior: hoja de acero D2 para una retenci\u00f3n superior de la hoja<br \/>\nAgarre excepcional: el agarre G10 proporciona agarre en todas las condiciones.<br \/>\nPerfil bajo: el clip de transporte profundo se coloca en la parte baja del bolsillo<\/p>\n<p>ESPECIFICACIONES<br \/>\nLongitud de la hoja 8,52 cm<br \/>\nBorde de la hoja liso<br \/>\nHoja de acero D2<br \/>\nAcabado de la hoja lavado a la piedra<br \/>\nGrosor de la hoja 0,29 cm.<br \/>\nLongitud total 20,16 cm.<br \/>\nLargo cerrado 11,60 cm<br \/>\nPeso 141,75 gramos<br \/>\nmango G10<br \/>\nElegante navaja plegable con cerradura Deadbolt\u00ae<\/p>\n<p><iframe title=\"Meet Knifemaker and Designer Lucas Burnley\" width=\"800\" height=\"450\" src=\"https:\/\/www.youtube.com\/embed\/GC8WctypoNo?feature=oembed\" frameborder=\"0\" allow=\"accelerometer; autoplay; clipboard-write; encrypted-media; gyroscope; picture-in-picture; web-share\" referrerpolicy=\"strict-origin-when-cross-origin\" allowfullscreen><\/iframe><\/p>\n<p>&nbsp;<\/p>\n","protected":false},"excerpt":{"rendered":"<pre id=\"tw-target-text\" class=\"tw-data-text tw-text-large tw-ta\" dir=\"ltr\" data-placeholder=\"P\u0159eklad\"><strong><span class=\"Y2IQFc\" lang=\"cs\">Navrhl Lucas Burnley v Bend, Oregon<\/span><\/strong><\/pre>\n","protected":false},"featured_media":329374,"comment_status":"open","ping_status":"closed","template":"","meta":[],"pwb-brand":[3765],"product_brand":[],"product_cat":[3730,3726],"product_tag":[3756],"class_list":{"0":"post-329370","1":"product","2":"type-product","3":"status-publish","4":"has-post-thumbnail","6":"pwb-brand-crkt-es","7":"product_cat-cuchillas-de-cierre","8":"product_cat-cuchillos","9":"product_tag-b2b-es","11":"first","12":"instock","13":"taxable","14":"shipping-taxable","15":"purchasable","16":"product-type-simple"},"brands":[{"id":3765,"name":"CRKT","slug":"crkt-es"}],"_links":{"self":[{"href":"https:\/\/www.moskito.cz\/es\/wp-json\/wp\/v2\/product\/329370","targetHints":{"allow":["GET"]}}],"collection":[{"href":"https:\/\/www.moskito.cz\/es\/wp-json\/wp\/v2\/product"}],"about":[{"href":"https:\/\/www.moskito.cz\/es\/wp-json\/wp\/v2\/types\/product"}],"replies":[{"embeddable":true,"href":"https:\/\/www.moskito.cz\/es\/wp-json\/wp\/v2\/comments?post=329370"}],"wp:featuredmedia":[{"embeddable":true,"href":"https:\/\/www.moskito.cz\/es\/wp-json\/wp\/v2\/media\/329374"}],"wp:attachment":[{"href":"https:\/\/www.moskito.cz\/es\/wp-json\/wp\/v2\/media?parent=329370"}],"wp:term":[{"taxonomy":"pwb-brand","embeddable":true,"href":"https:\/\/www.moskito.cz\/es\/wp-json\/wp\/v2\/pwb-brand?post=329370"},{"taxonomy":"product_brand","embeddable":true,"href":"https:\/\/www.moskito.cz\/es\/wp-json\/wp\/v2\/product_brand?post=329370"},{"taxonomy":"product_cat","embeddable":true,"href":"https:\/\/www.moskito.cz\/es\/wp-json\/wp\/v2\/product_cat?post=329370"},{"taxonomy":"product_tag","embeddable":true,"href":"https:\/\/www.moskito.cz\/es\/wp-json\/wp\/v2\/product_tag?post=329370"}],"curies":[{"name":"wp","href":"https:\/\/api.w.org\/{rel}","templated":true}]}}