{"id":329404,"date":"2022-09-07T22:43:25","date_gmt":"2024-04-12T07:21:11","guid":{"rendered":"https:\/\/www.moskito.cz\/produkt\/cuchillo-de-cierre-crkt-hissatsu-2903\/"},"modified":"2025-05-07T11:09:52","modified_gmt":"2025-05-07T10:09:52","slug":"cuchillo-de-cierre-crkt-hissatsu-2903","status":"publish","type":"product","link":"https:\/\/www.moskito.cz\/es\/produkt\/cuchillo-de-cierre-crkt-hissatsu-2903\/","title":{"rendered":"Cuchillo de cierre CRKT HISSATSU 2903"},"content":{"rendered":"<p>Cuchillo de cierre <strong>CRKT<\/strong> HISSATSU 2903.<\/p>\n<p>La carpeta Hissatsu\u2122 fue dise\u00f1ada por James Williams de Encinitas, CA, para cuando los profesionales de operaciones especiales militares o de seguridad se encuentran en un entorno en el que deben ser discretos para garantizar su propia seguridad. Disparar armas de fuego ruidosas o portar armas largas mientras se realizan tareas de alto riesgo no siempre es la respuesta. Ahora hay una alternativa: la carpeta Hissatsu\u2122. Esta navaja t\u00e1ctica plegable puede esconderse en un bolsillo o guardarse c\u00f3modamente debajo de una chaqueta y usarse m\u00e1s tarde para obtener mucho poder defensivo.<\/p>\n<p>La forma de la hoja es un dise\u00f1o cl\u00e1sico de punta samur\u00e1i que proporciona un excelente poder de penetraci\u00f3n y un rendimiento de corte excepcional. Cuenta con una hoja de acero inoxidable AUS 8 de primera calidad para una resistencia \u00f3ptima y capacidad de sujeci\u00f3n de los bordes con buena resistencia a la corrosi\u00f3n. Mientras tanto, un revestimiento negro no reflectante ayuda a mantener un perfil bajo en condiciones de oscuridad. Con una longitud de hoja de 3,875\u201d, se encuentra con seguridad por debajo del l\u00edmite legal en la mayor\u00eda de las jurisdicciones, pero el rendimiento es mucho mayor.<\/p>\n<p>Al igual que usted, el cuchillo est\u00e1 listo para entrar en modo misi\u00f3n gracias a nuestro mecanismo de apertura con resorte patentado Outburst\u00ae. Luego se bloquea autom\u00e1ticamente en la posici\u00f3n abierta gracias a nuestro seguro de inserci\u00f3n autom\u00e1tico. Esta es una innovaci\u00f3n en seguridad de insertos de cerradura llevada al siguiente nivel. El bloqueo de inserci\u00f3n automatizado coloca el pasador entre el inserto de bloqueo y el marco. Este pasador act\u00faa como una capa adicional de seguridad, lo que hace menos probable que el inserto de bloqueo se suelte durante el uso.<\/p>\n<p>Para cerrar el cuchillo, tire hacia atr\u00e1s la palanca de seguridad con el bot\u00f3n rojo, mueva el inserto de bloqueo y pliegue la hoja a la posici\u00f3n cerrada. \u00bfQuieres uno de los sistemas de seguridad m\u00e1s seguros del mercado? La selecci\u00f3n es autom\u00e1tica. Algo bueno a tener en cuenta cuando los malos respiran en tu cuello, cara o en cualquier lugar donde est\u00e9n demasiado cerca. Para cumplir con las regulaciones legales, el mecanismo de resorte Outburst\u00ae se puede desactivar f\u00e1cilmente con un solo tornillo de fijaci\u00f3n.<\/p>\n<p>El mango tambi\u00e9n tiene algunos trucos bajo la manga con una construcci\u00f3n InterFrame resistente con inserciones de acero inoxidable que se bloquean en un lado y escamas de nailon reforzado con vidrio negro texturizadas para proporcionar un agarre seguro. El disco para el pulgar permite una apertura r\u00e1pida con cualquier mano, y el clip personalizado de acero inoxidable negro se puede montar r\u00e1pida y f\u00e1cilmente con la mano derecha o izquierda con un solo tornillo, creando un cuchillo verdaderamente ambidiestro.<\/p>\n<p>Esta es una carpeta t\u00e1ctica profesional dise\u00f1ada para durar toda la vida. Si se pudiera decir lo mismo de los enemigos de la libertad.<\/p>\n<p>ESPECIFICACIONES<br \/>\nLongitud de la hoja 3,88&#8243; (98,43 mm)<br \/>\nHoja de hoja Lisa<br \/>\nHoja de acero AUS 8<br \/>\nTratamiento de la superficie de la hoja Recubrimiento resistente a la corrosi\u00f3n<br \/>\nGrosor de la hoja 0,16&#8243; (4,06 mm)<br \/>\nLongitud total 8,75&#8243; (222,25 mm)<br \/>\nLongitud cerrada 5,00&#8243; (127,00 mm)<br \/>\nPeso 5,80 oz (164,43 g)<br \/>\nMango Nylon reforzado con vidrio<br \/>\nNavaja asistida Style con Liner Lock<\/p>\n<p><iframe title=\"Hissatsu Folder Tactical Knife | by James Williams\" width=\"800\" height=\"450\" src=\"https:\/\/www.youtube.com\/embed\/JOUc0xG2FXQ?feature=oembed\" frameborder=\"0\" allow=\"accelerometer; autoplay; clipboard-write; encrypted-media; gyroscope; picture-in-picture; web-share\" referrerpolicy=\"strict-origin-when-cross-origin\" allowfullscreen><\/iframe><\/p>\n<p>&nbsp;<\/p>\n","protected":false},"excerpt":{"rendered":"<p>Dise\u00f1ado por James Williams en Vass, Carolina del Norte.<\/p>\n","protected":false},"featured_media":329405,"comment_status":"open","ping_status":"closed","template":"","meta":[],"pwb-brand":[3765],"product_brand":[],"product_cat":[3730,3726],"product_tag":[3756],"class_list":{"0":"post-329404","1":"product","2":"type-product","3":"status-publish","4":"has-post-thumbnail","6":"pwb-brand-crkt-es","7":"product_cat-cuchillas-de-cierre","8":"product_cat-cuchillos","9":"product_tag-b2b-es","11":"first","12":"outofstock","13":"taxable","14":"shipping-taxable","15":"purchasable","16":"product-type-simple"},"brands":[{"id":3765,"name":"CRKT","slug":"crkt-es"}],"_links":{"self":[{"href":"https:\/\/www.moskito.cz\/es\/wp-json\/wp\/v2\/product\/329404","targetHints":{"allow":["GET"]}}],"collection":[{"href":"https:\/\/www.moskito.cz\/es\/wp-json\/wp\/v2\/product"}],"about":[{"href":"https:\/\/www.moskito.cz\/es\/wp-json\/wp\/v2\/types\/product"}],"replies":[{"embeddable":true,"href":"https:\/\/www.moskito.cz\/es\/wp-json\/wp\/v2\/comments?post=329404"}],"wp:featuredmedia":[{"embeddable":true,"href":"https:\/\/www.moskito.cz\/es\/wp-json\/wp\/v2\/media\/329405"}],"wp:attachment":[{"href":"https:\/\/www.moskito.cz\/es\/wp-json\/wp\/v2\/media?parent=329404"}],"wp:term":[{"taxonomy":"pwb-brand","embeddable":true,"href":"https:\/\/www.moskito.cz\/es\/wp-json\/wp\/v2\/pwb-brand?post=329404"},{"taxonomy":"product_brand","embeddable":true,"href":"https:\/\/www.moskito.cz\/es\/wp-json\/wp\/v2\/product_brand?post=329404"},{"taxonomy":"product_cat","embeddable":true,"href":"https:\/\/www.moskito.cz\/es\/wp-json\/wp\/v2\/product_cat?post=329404"},{"taxonomy":"product_tag","embeddable":true,"href":"https:\/\/www.moskito.cz\/es\/wp-json\/wp\/v2\/product_tag?post=329404"}],"curies":[{"name":"wp","href":"https:\/\/api.w.org\/{rel}","templated":true}]}}