{"id":329490,"date":"2023-12-12T22:00:01","date_gmt":"2024-04-12T07:30:23","guid":{"rendered":"https:\/\/www.moskito.cz\/produkt\/columbia-river-crkt-mj-lerch-definitive-stonewashed-3820-cuchillo-plegable\/"},"modified":"2025-05-07T11:09:57","modified_gmt":"2025-05-07T10:09:57","slug":"columbia-river-crkt-mj-lerch-definitive-stonewashed-3820-cuchillo-plegable","status":"publish","type":"product","link":"https:\/\/www.moskito.cz\/es\/produkt\/columbia-river-crkt-mj-lerch-definitive-stonewashed-3820-cuchillo-plegable\/","title":{"rendered":"Columbia River CRKT MJ Lerch Definitive Stonewashed 3820 Cuchillo plegable"},"content":{"rendered":"<p>Columbia River <strong>CRKT<\/strong> MJ Lerch Definitive Stonewashed 3820 Cuchillo plegable<\/p>\n<p>Definitivo para el uso diario. Fabricada en los EE. UU. por el dise\u00f1ador MJ Lerch, esta navaja plegable es una de las primeras navajas <strong>CRKT<\/strong> que cuenta con un Crossbar Lock. R\u00e1pido, suave y totalmente ambidiestro, Crossbar es f\u00e1cil de usar y muy amigable. Sin embargo, esta no es la \u00fanica caracter\u00edstica destacada de esta navaja de bolsillo premium.<\/p>\n<p>The Definitive adopta un enfoque de menos es m\u00e1s, resumido hasta lo esencial para una experiencia sensata. Fabricado con materiales de primera calidad, equilibra su apariencia elegante y discreta con una durabilidad extrema. La hoja de punta de ca\u00edda utiliza acero de 154 cm para proporcionar una resistencia y retenci\u00f3n de bordes excepcionales. Y el mango negro G10 ofrece un agarre s\u00f3lido en todas las condiciones clim\u00e1ticas.<\/p>\n<p>Con un clip de bolsillo profundo y un peso total de s\u00f3lo 3 onzas, Definitive descansar\u00e1 c\u00f3moda y discretamente en su bolsillo. No es que quieras dejarlo ah\u00ed por mucho tiempo.<\/p>\n<p>Funci\u00f3n<br \/>\nHoja de acero de 154 cm para una excelente sujeci\u00f3n de la hoja<br \/>\nEl pasador para el pulgar permite una apertura r\u00e1pida con una sola mano.<br \/>\nEl mango G10 proporciona un agarre excepcional en todas las condiciones.<br \/>\nEl Crossbar Lock se puede cerrar f\u00e1cilmente con la mano derecha o izquierda<br \/>\nUn clip de transporte profundo cabe profundamente en tu bolsillo.<br \/>\nHecho en EE.UU<br \/>\nEspecificaciones<br \/>\nLongitud de la hoja: 9,39 cm<br \/>\nLongitud del mango: 12,48 cm<br \/>\nLongitud total: 21,90 cm.<br \/>\nMaterial de la hoja: acero inoxidable de 154 cm.<br \/>\nGrosor de la hoja: 0,125&#8243; (3,18 mm)<br \/>\nEstilo de hoja: Punto de ca\u00edda<br \/>\nTratamiento superficial de la hoja: Stonewash<br \/>\nMaterial del mango: negro G10<br \/>\nMaterial de inserci\u00f3n: acero inoxidable<br \/>\nMecanismo de bloqueo: bloqueo cruzado<br \/>\nClip de bolsillo: abatible, para uso en la mano derecha<br \/>\nPeso: 3,00 onzas. (85,05 g)<br \/>\nDise\u00f1ador: MJ Lerch<br \/>\nFabricado en Estados Unidos por Hogue Knives.<\/p>\n","protected":false},"excerpt":{"rendered":"<p><strong>DISE\u00d1ADOR: MJ Lerch<\/strong><br \/>\n<strong>sussex, wisconsin<\/strong><br \/>\n<strong>Trabajando junto a su marido, un fabricante de cuchillos, el amor de MJ por el dise\u00f1o no pudo evitarlo. Afortunadamente, recibe mucho apoyo de muchas personas en la comunidad de cuchillos para perseguir sus intereses. Despu\u00e9s de dirigir su propio negocio, conoce el taller mec\u00e1nico y ahora utiliza herramientas para sus propios dise\u00f1os, como la cuchilla CRKT\u00ae Synergist\u2122.  <\/strong><\/p>\n<p><strong>Transporte gratuito.<\/strong><\/p>\n","protected":false},"featured_media":329497,"comment_status":"open","ping_status":"closed","template":"","meta":[],"pwb-brand":[3765],"product_brand":[],"product_cat":[3730,3726],"product_tag":[3756],"class_list":{"0":"post-329490","1":"product","2":"type-product","3":"status-publish","4":"has-post-thumbnail","6":"pwb-brand-crkt-es","7":"product_cat-cuchillas-de-cierre","8":"product_cat-cuchillos","9":"product_tag-b2b-es","11":"first","12":"instock","13":"taxable","14":"shipping-taxable","15":"purchasable","16":"product-type-simple"},"brands":[{"id":3765,"name":"CRKT","slug":"crkt-es"}],"_links":{"self":[{"href":"https:\/\/www.moskito.cz\/es\/wp-json\/wp\/v2\/product\/329490","targetHints":{"allow":["GET"]}}],"collection":[{"href":"https:\/\/www.moskito.cz\/es\/wp-json\/wp\/v2\/product"}],"about":[{"href":"https:\/\/www.moskito.cz\/es\/wp-json\/wp\/v2\/types\/product"}],"replies":[{"embeddable":true,"href":"https:\/\/www.moskito.cz\/es\/wp-json\/wp\/v2\/comments?post=329490"}],"wp:featuredmedia":[{"embeddable":true,"href":"https:\/\/www.moskito.cz\/es\/wp-json\/wp\/v2\/media\/329497"}],"wp:attachment":[{"href":"https:\/\/www.moskito.cz\/es\/wp-json\/wp\/v2\/media?parent=329490"}],"wp:term":[{"taxonomy":"pwb-brand","embeddable":true,"href":"https:\/\/www.moskito.cz\/es\/wp-json\/wp\/v2\/pwb-brand?post=329490"},{"taxonomy":"product_brand","embeddable":true,"href":"https:\/\/www.moskito.cz\/es\/wp-json\/wp\/v2\/product_brand?post=329490"},{"taxonomy":"product_cat","embeddable":true,"href":"https:\/\/www.moskito.cz\/es\/wp-json\/wp\/v2\/product_cat?post=329490"},{"taxonomy":"product_tag","embeddable":true,"href":"https:\/\/www.moskito.cz\/es\/wp-json\/wp\/v2\/product_tag?post=329490"}],"curies":[{"name":"wp","href":"https:\/\/api.w.org\/{rel}","templated":true}]}}