{"id":329772,"date":"2023-04-20T18:40:38","date_gmt":"2024-04-12T07:58:59","guid":{"rendered":"https:\/\/www.moskito.cz\/produkt\/hacha-crkt-skeggox-2917\/"},"modified":"2025-05-07T11:10:03","modified_gmt":"2025-05-07T10:10:03","slug":"hacha-crkt-skeggox-2917","status":"publish","type":"product","link":"https:\/\/www.moskito.cz\/es\/produkt\/hacha-crkt-skeggox-2917\/","title":{"rendered":"Hacha CRKT SKEGGOX 2917"},"content":{"rendered":"<p>Hacha <strong>CRKT<\/strong> SKEGGOX 2917<\/p>\n<p>Domina el aire libre con este hacha para ir a cualquier parte y hacer cualquier cosa.<\/p>\n<p>Skeggox, llamado as\u00ed en honor a su antepasado n\u00f3rdico del siglo I. siglo, es un hacha barbada compacta construida para resistir el paso del tiempo. Dise\u00f1ada por James Williams, esta encarnaci\u00f3n moderna utiliza una espiga completa para una resistencia excepcional y acero al carbono SK-5 para una retenci\u00f3n superior de los bordes. Adelante, pon celosos a los vikingos.<br \/>\nAcero de alto rendimiento: el acero al carbono SK-5 sujeta bien la hoja<br \/>\nProtecci\u00f3n mejorada: el recubrimiento en polvo mejora la resistencia a la corrosi\u00f3n<br \/>\nFuerte y liviano: el mango de nailon reforzado con vidrio es duradero y liviano<br \/>\nAgarre seguro: mango contorneado para un control excepcional<br \/>\nCompatible con engranajes: carcasa termopl\u00e1stica duradera con opciones de montaje de clip Molle compatibles<\/p>\n<p>ESPECIFICACIONES<br \/>\nLongitud de la hoja: 12,26 cm<br \/>\nHoja de acero SK-5<br \/>\nTratamiento superficial del recubrimiento en polvo de la cuchilla.<br \/>\nGrosor de la hoja: 0,63 cm.<br \/>\nLongitud total: 32,8 cm<br \/>\nPeso: 0,74 kilos<br \/>\nMango Nylon reforzado con vidrio<br \/>\nestilo hacha<br \/>\nMaterial de la carcasa Termopl\u00e1stico<br \/>\nPeso de la caja: 155,92 g<\/p>\n","protected":false},"excerpt":{"rendered":"<p><strong>Dise\u00f1ado por James Williams en Vass, Carolina del Norte.<\/strong><\/p>\n","protected":false},"featured_media":329773,"comment_status":"open","ping_status":"closed","template":"","meta":[],"pwb-brand":[3765],"product_brand":[],"product_cat":[3732],"product_tag":[3756],"class_list":{"0":"post-329772","1":"product","2":"type-product","3":"status-publish","4":"has-post-thumbnail","6":"pwb-brand-crkt-es","7":"product_cat-ejes","8":"product_tag-b2b-es","10":"first","11":"outofstock","12":"sale","13":"taxable","14":"shipping-taxable","15":"purchasable","16":"product-type-simple"},"brands":[{"id":3765,"name":"CRKT","slug":"crkt-es"}],"_links":{"self":[{"href":"https:\/\/www.moskito.cz\/es\/wp-json\/wp\/v2\/product\/329772","targetHints":{"allow":["GET"]}}],"collection":[{"href":"https:\/\/www.moskito.cz\/es\/wp-json\/wp\/v2\/product"}],"about":[{"href":"https:\/\/www.moskito.cz\/es\/wp-json\/wp\/v2\/types\/product"}],"replies":[{"embeddable":true,"href":"https:\/\/www.moskito.cz\/es\/wp-json\/wp\/v2\/comments?post=329772"}],"wp:featuredmedia":[{"embeddable":true,"href":"https:\/\/www.moskito.cz\/es\/wp-json\/wp\/v2\/media\/329773"}],"wp:attachment":[{"href":"https:\/\/www.moskito.cz\/es\/wp-json\/wp\/v2\/media?parent=329772"}],"wp:term":[{"taxonomy":"pwb-brand","embeddable":true,"href":"https:\/\/www.moskito.cz\/es\/wp-json\/wp\/v2\/pwb-brand?post=329772"},{"taxonomy":"product_brand","embeddable":true,"href":"https:\/\/www.moskito.cz\/es\/wp-json\/wp\/v2\/product_brand?post=329772"},{"taxonomy":"product_cat","embeddable":true,"href":"https:\/\/www.moskito.cz\/es\/wp-json\/wp\/v2\/product_cat?post=329772"},{"taxonomy":"product_tag","embeddable":true,"href":"https:\/\/www.moskito.cz\/es\/wp-json\/wp\/v2\/product_tag?post=329772"}],"curies":[{"name":"wp","href":"https:\/\/api.w.org\/{rel}","templated":true}]}}