{"id":329845,"date":"2023-04-20T22:21:14","date_gmt":"2023-04-20T21:21:14","guid":{"rendered":"https:\/\/www.moskito.cz\/produkt\/cuchillo-fijo-crkt-du-hoc-2630\/"},"modified":"2025-05-07T11:10:04","modified_gmt":"2025-05-07T10:10:04","slug":"cuchillo-fijo-crkt-du-hoc-2630","status":"publish","type":"product","link":"https:\/\/www.moskito.cz\/es\/produkt\/cuchillo-fijo-crkt-du-hoc-2630\/","title":{"rendered":"Cuchillo Fijo CRKT DU HOC 2630"},"content":{"rendered":"<p>Cuchillo Fijo <strong>CRKT<\/strong> DU HOC 2630<\/p>\n<p>Construido sobre el legado de un h\u00e9roe estadounidense.<\/p>\n<p>No fue hasta medio siglo despu\u00e9s de haber servido que el dise\u00f1ador de Forged by War\u00ae Austin McGlaun se enter\u00f3 de que su difunto t\u00edo hab\u00eda ganado la Estrella de Plata en Point Du Hoc. Para honrar su servicio, dise\u00f1\u00f3 este colosal cuchillo karambit de hoja fija. Con la ayuda de Ryan Johnson de RMJ Tactical, se ha perfeccionado como un atractivo inspirado en la misi\u00f3n desde la punta de la hoja curva hasta el anillo para el pulgar al final del mango.<br \/>\nAcero de alto rendimiento: el acero al carbono SK5 sujeta bien la hoja<br \/>\nAgarre excepcional: el mango G10 proporciona un agarre excepcional en todas las condiciones.<br \/>\nCompatible con la transmisi\u00f3n: carcasa termopl\u00e1stica duradera con opciones de montaje<\/p>\n<p>ESPECIFICACIONES<br \/>\nLongitud de la hoja: 12,94 cm<br \/>\nBorde de la hoja liso<br \/>\nHoja de acero SK-5<br \/>\nTratamiento superficial del recubrimiento en polvo de la cuchilla.<br \/>\nGrosor de la hoja: 0,51 cm.<br \/>\nLongitud total: 24,44 cm.<br \/>\nPeso: 263,65 gramos<br \/>\nmango G10<br \/>\nElegante cuchillo de hoja fija con funda<br \/>\nMaterial de la carcasa Termopl\u00e1stico<br \/>\nPeso de la caja: 53,86 g<\/p>\n","protected":false},"excerpt":{"rendered":"<p><strong>Dise\u00f1ado por Austin McGlaun en Columbus, Georgia<\/strong><\/p>\n","protected":false},"featured_media":329846,"comment_status":"open","ping_status":"closed","template":"","meta":[],"pwb-brand":[3765],"product_brand":[],"product_cat":[3727,3726],"product_tag":[3756],"class_list":{"0":"post-329845","1":"product","2":"type-product","3":"status-publish","4":"has-post-thumbnail","6":"pwb-brand-crkt-es","7":"product_cat-cuchillos-macizos","8":"product_cat-cuchillos","9":"product_tag-b2b-es","11":"first","12":"instock","13":"taxable","14":"shipping-taxable","15":"purchasable","16":"product-type-simple"},"brands":[{"id":3765,"name":"CRKT","slug":"crkt-es"}],"_links":{"self":[{"href":"https:\/\/www.moskito.cz\/es\/wp-json\/wp\/v2\/product\/329845","targetHints":{"allow":["GET"]}}],"collection":[{"href":"https:\/\/www.moskito.cz\/es\/wp-json\/wp\/v2\/product"}],"about":[{"href":"https:\/\/www.moskito.cz\/es\/wp-json\/wp\/v2\/types\/product"}],"replies":[{"embeddable":true,"href":"https:\/\/www.moskito.cz\/es\/wp-json\/wp\/v2\/comments?post=329845"}],"wp:featuredmedia":[{"embeddable":true,"href":"https:\/\/www.moskito.cz\/es\/wp-json\/wp\/v2\/media\/329846"}],"wp:attachment":[{"href":"https:\/\/www.moskito.cz\/es\/wp-json\/wp\/v2\/media?parent=329845"}],"wp:term":[{"taxonomy":"pwb-brand","embeddable":true,"href":"https:\/\/www.moskito.cz\/es\/wp-json\/wp\/v2\/pwb-brand?post=329845"},{"taxonomy":"product_brand","embeddable":true,"href":"https:\/\/www.moskito.cz\/es\/wp-json\/wp\/v2\/product_brand?post=329845"},{"taxonomy":"product_cat","embeddable":true,"href":"https:\/\/www.moskito.cz\/es\/wp-json\/wp\/v2\/product_cat?post=329845"},{"taxonomy":"product_tag","embeddable":true,"href":"https:\/\/www.moskito.cz\/es\/wp-json\/wp\/v2\/product_tag?post=329845"}],"curies":[{"name":"wp","href":"https:\/\/api.w.org\/{rel}","templated":true}]}}