{"id":329910,"date":"2022-08-21T11:22:38","date_gmt":"2024-04-12T08:18:01","guid":{"rendered":"https:\/\/www.moskito.cz\/produkt\/cuchillo-de-cierre-crkt-m16-14d\/"},"modified":"2025-05-07T11:10:05","modified_gmt":"2025-05-07T10:10:05","slug":"cuchillo-de-cierre-crkt-m16-14d","status":"publish","type":"product","link":"https:\/\/www.moskito.cz\/es\/produkt\/cuchillo-de-cierre-crkt-m16-14d\/","title":{"rendered":"Cuchillo de cierre CRKT M16-14D"},"content":{"rendered":"<div class=\"flex-1 overflow-hidden @container\/thread\">\n<div class=\"h-full\">\n<div class=\"react-scroll-to-bottom--css-vxybp-79elbk h-full\">\n<div class=\"react-scroll-to-bottom--css-vxybp-1n7m0yu\">\n<div class=\"flex flex-col text-sm md:pb-9\">\n<article class=\"w-full scroll-mb-[var(--thread-trailing-height,150px)] text-token-text-primary focus-visible:outline-2 focus-visible:outline-offset-[-4px]\" dir=\"auto\" data-testid=\"conversation-turn-273\" data-scroll-anchor=\"true\">\n<div class=\"m-auto text-base py-[18px] px-3 md:px-4 w-full md:px-5 lg:px-4 xl:px-5\">\n<div class=\"mx-auto flex flex-1 gap-4 text-base md:gap-5 lg:gap-6 md:max-w-3xl\">\n<div class=\"group\/conversation-turn relative flex w-full min-w-0 flex-col agent-turn\">\n<div class=\"flex-col gap-1 md:gap-3\">\n<div class=\"flex max-w-full flex-col flex-grow\">\n<div class=\"min-h-8 text-message flex w-full flex-col items-end gap-2 whitespace-normal break-words text-start [.text-message+&amp;]:mt-5\" dir=\"auto\" data-message-author-role=\"assistant\" data-message-id=\"ff6a6718-2244-42f4-a97c-2d920d9114b0\" data-message-model-slug=\"gpt-4o-mini\">\n<div class=\"flex w-full flex-col gap-1 empty:hidden first:pt-[3px]\">\n<div class=\"markdown prose w-full break-words dark:prose-invert light\">\n<p><strong>Cuchillo de cierre CRKT M16-14D<\/strong><\/p>\n<p><strong>El CRKT M16-14D<\/strong> es un cuchillo plegable robusto y confiable dise\u00f1ado espec\u00edficamente para uso militar y t\u00e1ctico en condiciones extremas como las regiones des\u00e9rticas del Medio Oriente y Afganist\u00e1n. Este modelo de la serie Carson Desert Tactical est\u00e1 adaptado para entornos exigentes donde se requieren herramientas resistentes a condiciones duras y uso intensivo. <\/p>\n<h3><strong>Principales caracter\u00edsticas y especificaciones:<\/strong><\/h3>\n<ol>\n<li><strong>Longitud de la hoja<\/strong> : 3,99&#8243; (101,35 mm)\n<ul>\n<li>Esta longitud de hoja proporciona el equilibrio ideal entre potencia y compacidad, lo que la hace ideal para cualquier tarea que requiera un cuchillo resistente pero f\u00e1cil de manejar.<\/li>\n<\/ul>\n<\/li>\n<li><strong>Filo de la hoja<\/strong> : <strong>Triple Point\u2122 Serrations\u2122<\/strong>\n<ul>\n<li>Triple Point\u2122 es un dentado innovador que proporciona excelentes capacidades de corte para una variedad de materiales como cuerdas, telas, lonas y otros materiales fibrosos. Este dise\u00f1o garantiza que el cuchillo pueda manejar f\u00e1cilmente tareas de corte exigentes. <\/li>\n<\/ul>\n<\/li>\n<li><strong>Material de la hoja<\/strong> : <strong>acero AUS 8<\/strong>\n<ul>\n<li>El acero AUS 8 es un acero inoxidable de calidad que ofrece un excelente equilibrio entre durabilidad, facilidad de afilado y longevidad. El alto contenido de carbono garantiza que la hoja mantenga su filo incluso con un uso intensivo. <\/li>\n<\/ul>\n<\/li>\n<li><strong>Tratamiento de la superficie de la hoja<\/strong> : <strong>Nitruro de titanio<\/strong>\n<ul>\n<li>El acabado de nitruro de titanio le da a la hoja una excelente resistencia a la corrosi\u00f3n y al desgaste, lo que la hace ideal para usar en entornos hostiles, como condiciones arenosas y h\u00famedas, donde la protecci\u00f3n contra la corrosi\u00f3n es clave.<\/li>\n<\/ul>\n<\/li>\n<li><strong>Grosor de la hoja<\/strong> : 0,14&#8243; (3,56 mm)\n<ul>\n<li>El grosor de la hoja proporciona resistencia y estabilidad durante el trabajo, permitiendo un f\u00e1cil manejo de diversos materiales, pero al mismo tiempo no aumenta demasiado el peso del cuchillo.<\/li>\n<\/ul>\n<\/li>\n<li><strong>Longitud total<\/strong> : 9,25&#8243; (234,95 mm)\n<ul>\n<li>Con una longitud total de 9,25 pulgadas, este cuchillo es lo suficientemente grande para todas las tareas, pero lo suficientemente compacto para llevarlo y usarlo a diario.<\/li>\n<\/ul>\n<\/li>\n<li><strong>Longitud cerrada<\/strong> : 5,38&#8243; (136,53 mm)\n<ul>\n<li>La longitud cerrada compacta garantiza que el cuchillo sea f\u00e1cilmente transportable y quepa c\u00f3modamente en un bolsillo o en un cintur\u00f3n.<\/li>\n<\/ul>\n<\/li>\n<li><strong>Peso<\/strong> : 5,30 oz (150,25 g)\n<ul>\n<li>Con un peso de 5,3 onzas, el cuchillo es lo suficientemente resistente para tareas dif\u00edciles, pero lo suficientemente liviano para un transporte c\u00f3modo y un manejo f\u00e1cil.<\/li>\n<\/ul>\n<\/li>\n<li><strong>Mango<\/strong> : <strong>Aluminio<\/strong>\n<ul>\n<li>El mango de aluminio es duradero y liviano, lo que garantiza un agarre firme y c\u00f3modo incluso durante un uso prolongado. La construcci\u00f3n de aluminio proporciona una excelente resistencia sin agregar peso excesivo. <\/li>\n<\/ul>\n<\/li>\n<li><strong>Estilo de cuchillo<\/strong> : <strong>Navaja plegable con bloqueo de l\u00ednea<\/strong>\n<ul>\n<li>El cuchillo est\u00e1 equipado con un mecanismo de bloqueo de revestimiento, que es un bloqueo seguro que fija la hoja en la posici\u00f3n abierta y evita el cierre accidental durante el uso.<\/li>\n<\/ul>\n<\/li>\n<\/ol>\n<h3><strong>Caracter\u00edsticas y beneficios especiales:<\/strong><\/h3>\n<ol>\n<li><strong>Inserto de seguridad autom\u00e1tico<\/strong> :\n<ul>\n<li>El cuchillo est\u00e1 equipado con un inserto de seguridad autom\u00e1tico que proporciona un nivel adicional de protecci\u00f3n contra el cierre accidental de la hoja durante el uso. Este mecanismo de seguridad es especialmente \u00fatil en situaciones exigentes y cr\u00edticas donde es importante la m\u00e1xima estabilidad y fiabilidad del cuchillo. <\/li>\n<\/ul>\n<\/li>\n<li><strong>Carson Flipper para apertura r\u00e1pida<\/strong> :\n<ul>\n<li>La aleta en el mango le permite abrir r\u00e1pidamente el cuchillo con una mano, lo que es conveniente en situaciones de emergencia o cuando trabaja cuando tiene opciones limitadas para manipular el cuchillo.<\/li>\n<\/ul>\n<\/li>\n<li><strong>Engranaje Triple Point\u2122<\/strong> :\n<ul>\n<li>Las dentaduras Triple Point\u2122 proporcionan un mayor poder de corte en condiciones exigentes y permiten un corte eficaz de materiales fibrosos como cuerdas, telas o lonas, algo habitual en tareas t\u00e1cticas y de rescate.<\/li>\n<\/ul>\n<\/li>\n<li><strong>Acabado t\u00e1ctico<\/strong> :\n<ul>\n<li>El recubrimiento de nitruro de titanio en la hoja garantiza que la hoja sea resistente a la corrosi\u00f3n y al desgaste incluso cuando se utiliza en condiciones extremas, lo que la hace ideal para su uso en entornos des\u00e9rticos donde las condiciones arenosas y polvorientas son comunes.<\/li>\n<\/ul>\n<\/li>\n<li><strong>Alta durabilidad y confiabilidad<\/strong> :\n<ul>\n<li>Este modelo est\u00e1 dise\u00f1ado para uso intensivo y resistencia a condiciones adversas. Es ideal para profesionales de campo como soldados, rescatistas y otros que requieren un cuchillo con alta durabilidad y versatilidad. <\/li>\n<\/ul>\n<\/li>\n<\/ol>\n<h3><strong>Usar:<\/strong><\/h3>\n<ul>\n<li><strong>Uso t\u00e1ctico y militar<\/strong> : El cuchillo es ideal para usos militares, policiales y otros usos t\u00e1cticos donde la confiabilidad, la velocidad de apertura y la resistencia a condiciones adversas son importantes.<\/li>\n<li><strong>Situaciones de rescate y emergencia<\/strong> : el inserto de seguridad y las excelentes propiedades de corte del Carson Flipper lo convierten en una excelente herramienta para los rescatistas que necesitan acceso r\u00e1pido a un cuchillo en situaciones de emergencia.<\/li>\n<li><strong>Transporte diario (EDC)<\/strong> : este cuchillo es lo suficientemente compacto para llevarlo todos los d\u00edas, al mismo tiempo que ofrece caracter\u00edsticas fuertes y vers\u00e1tiles para una amplia gama de tareas.<\/li>\n<\/ul>\n<h3><strong>Conclusi\u00f3n:<\/strong><\/h3>\n<p><strong>El CRKT M16-14D<\/strong> es un cuchillo fuerte, confiable y altamente funcional, dise\u00f1ado para su uso en condiciones dif\u00edciles como zonas des\u00e9rticas. Con materiales de calidad, excelentes propiedades de corte y caracter\u00edsticas espec\u00edficas para personal t\u00e1ctico y de rescate, este modelo es la opci\u00f3n ideal para profesionales que necesitan una herramienta duradera, eficaz y f\u00e1cil de usar en situaciones cr\u00edticas. <\/p>\n<\/div>\n<\/div>\n<\/div>\n<\/div>\n<div class=\"mb-2 flex gap-3 empty:hidden -ml-2\">\n<div class=\"items-center justify-start rounded-xl p-1 flex\">\n<div class=\"flex items-center\"><\/div>\n<\/div>\n<\/div>\n<div class=\"pr-2 lg:pr-0\"><\/div>\n<div class=\"mt-3 w-full empty:hidden\">\n<div class=\"text-center\"><\/div>\n<\/div>\n<\/div>\n<div class=\"absolute\">\n<div class=\"flex items-center justify-center\"><\/div>\n<\/div>\n<\/div>\n<\/div>\n<\/div>\n<\/article>\n<\/div>\n<\/div>\n<\/div>\n<\/div>\n<\/div>\n<div class=\"md:pt-0 dark:border-white\/20 md:border-transparent md:dark:border-transparent w-full\">\n<div>\n<div class=\"m-auto text-base px-3 md:px-4 w-full md:px-5 lg:px-4 xl:px-5\">\n<div class=\"mx-auto flex flex-1 gap-4 text-base md:gap-5 lg:gap-6 md:max-w-3xl\">\n<div class=\"flex justify-center\"><\/div>\n<\/div>\n<\/div>\n<\/div>\n<\/div>\n","protected":false},"excerpt":{"rendered":"<div class=\"flex max-w-full flex-col flex-grow\">\n<div class=\"min-h-8 text-message flex w-full flex-col items-end gap-2 whitespace-normal break-words text-start [.text-message+&amp;]:mt-5\" dir=\"auto\" data-message-author-role=\"assistant\" data-message-id=\"ff6a6718-2244-42f4-a97c-2d920d9114b0\" data-message-model-slug=\"gpt-4o-mini\">\n<div class=\"flex w-full flex-col gap-1 empty:hidden first:pt-[3px]\">\n<div class=\"markdown prose w-full break-words dark:prose-invert light\">\n<p><strong>El CRKT M16-14D es un cuchillo fuerte, confiable y altamente funcional, dise\u00f1ado para su uso en condiciones dif\u00edciles como zonas des\u00e9rticas. Con materiales de calidad, excelentes propiedades de corte y caracter\u00edsticas espec\u00edficas para personal t\u00e1ctico y de rescate, este modelo es la opci\u00f3n ideal para profesionales que necesitan una herramienta duradera, eficaz y f\u00e1cil de usar en situaciones cr\u00edticas. <\/strong><\/p>\n<\/div>\n<\/div>\n<\/div>\n<\/div>\n<div class=\"mb-2 flex gap-3 empty:hidden -ml-2\">\n<div class=\"items-center justify-start rounded-xl p-1 flex\">\n<div class=\"flex items-center\"><\/div>\n<\/div>\n<\/div>\n","protected":false},"featured_media":329914,"comment_status":"open","ping_status":"closed","template":"","meta":[],"pwb-brand":[3765],"product_brand":[],"product_cat":[3730,3726],"product_tag":[3756],"class_list":{"0":"post-329910","1":"product","2":"type-product","3":"status-publish","4":"has-post-thumbnail","6":"pwb-brand-crkt-es","7":"product_cat-cuchillas-de-cierre","8":"product_cat-cuchillos","9":"product_tag-b2b-es","11":"first","12":"instock","13":"sale","14":"taxable","15":"shipping-taxable","16":"purchasable","17":"product-type-simple"},"brands":[{"id":3765,"name":"CRKT","slug":"crkt-es"}],"_links":{"self":[{"href":"https:\/\/www.moskito.cz\/es\/wp-json\/wp\/v2\/product\/329910","targetHints":{"allow":["GET"]}}],"collection":[{"href":"https:\/\/www.moskito.cz\/es\/wp-json\/wp\/v2\/product"}],"about":[{"href":"https:\/\/www.moskito.cz\/es\/wp-json\/wp\/v2\/types\/product"}],"replies":[{"embeddable":true,"href":"https:\/\/www.moskito.cz\/es\/wp-json\/wp\/v2\/comments?post=329910"}],"wp:featuredmedia":[{"embeddable":true,"href":"https:\/\/www.moskito.cz\/es\/wp-json\/wp\/v2\/media\/329914"}],"wp:attachment":[{"href":"https:\/\/www.moskito.cz\/es\/wp-json\/wp\/v2\/media?parent=329910"}],"wp:term":[{"taxonomy":"pwb-brand","embeddable":true,"href":"https:\/\/www.moskito.cz\/es\/wp-json\/wp\/v2\/pwb-brand?post=329910"},{"taxonomy":"product_brand","embeddable":true,"href":"https:\/\/www.moskito.cz\/es\/wp-json\/wp\/v2\/product_brand?post=329910"},{"taxonomy":"product_cat","embeddable":true,"href":"https:\/\/www.moskito.cz\/es\/wp-json\/wp\/v2\/product_cat?post=329910"},{"taxonomy":"product_tag","embeddable":true,"href":"https:\/\/www.moskito.cz\/es\/wp-json\/wp\/v2\/product_tag?post=329910"}],"curies":[{"name":"wp","href":"https:\/\/api.w.org\/{rel}","templated":true}]}}