{"id":330030,"date":"2022-04-10T10:55:55","date_gmt":"2024-04-12T08:48:04","guid":{"rendered":"https:\/\/www.moskito.cz\/produkt\/cuchillo-de-tiro-microtech-utx-70-satinado-147-4rd\/"},"modified":"2025-05-07T11:10:08","modified_gmt":"2025-05-07T10:10:08","slug":"cuchillo-de-tiro-microtech-utx-70-satinado-147-4rd","status":"publish","type":"product","link":"https:\/\/www.moskito.cz\/es\/produkt\/cuchillo-de-tiro-microtech-utx-70-satinado-147-4rd\/","title":{"rendered":"Cuchillo de tiro Microtech UTX-70 Satinado 147-4RD"},"content":{"rendered":"<p>Cuchillo de Tiro Microtech UTX-70 Satinado 147-4RD.<\/p>\n<p><strong>La UTX-70<\/strong> (15% m\u00e1s peque\u00f1a que la UTX-85) es una mini navaja autom\u00e1tica frontal de doble acci\u00f3n de Microtech que es una de las m\u00e1s f\u00e1ciles de llevar a diario. El tama\u00f1o peque\u00f1o es perfecto para llevarlo en el bolsillo del reloj o incluso en un llavero. Esta versi\u00f3n tiene mangos moldeados en rojo y una hoja CTS-204P de doble filo satinada lisa.<\/p>\n<p>Nuevo directo de Microtech Knives, EE. UU.<\/p>\n<p>Hoja: La hoja doble presenta un acabado satinado brillante a m\u00e1quina y tiene dos bordes lisos y afilados. La hoja con forma de daga est\u00e1 hecha de acero inoxidable americano CTS-204P de alto rendimiento. La hoja de menos de 2,5 pulgadas (6,35 cm) tiene un mecanismo de apertura y retracci\u00f3n de doble acci\u00f3n. Simplemente mueva el control deslizante del pulgar en el costado del mango hacia arriba para desplegar y hacia abajo para retraer. El resorte interno permanece quieto tanto en posici\u00f3n abierta como cerrada para reducir el desgaste. La acci\u00f3n es suave y r\u00e1pida.<\/p>\n<p>Mango: El aluminio 6061-T6 anodizado rojo suave tiene bordes redondeados mejorados que crean no solo una sensaci\u00f3n c\u00f3moda en la mano, sino tambi\u00e9n una transici\u00f3n suave dentro y fuera del bolsillo. Dado que el UTX-70 es mucho m\u00e1s peque\u00f1o y delgado, omitieron el bisel para una apariencia m\u00e1s limpia. Esta es una OTF autom\u00e1tica para caballeros. El dise\u00f1o contorneado del mango es agradable para las manos y los ojos. La construcci\u00f3n del mango se completa con el hardware patentado de Microtech, un extremo para romper vidrio y un clip de bolsillo con un n\u00famero de serie individual\/fecha de fabricaci\u00f3n.<\/p>\n<p>CTS-204P: Un acero inoxidable pulvimetal\u00fargico de alta resistencia, el CTS-204P tiene una de las resistencias a los bordes y a la corrosi\u00f3n m\u00e1s altas disponibles. El CTS-204P tiene un rendimiento similar al CPM-20CV y al M390 de Bohler.<\/p>\n<p><strong>Material de la hoja: Tenga en cuenta que no se puede especificar el acero de la hoja, ya que puede variar seg\u00fan la disponibilidad (informaci\u00f3n de Microtech)<\/strong><\/p>\n<p>Longitud total: 18,75 cm.<br \/>\nLongitud de la hoja: 7,81 cm<br \/>\nFilo: 7,17 cm.<br \/>\nGrosor de la hoja: 0,32 cm<br \/>\nMaterial de la hoja: Bohler M390<br \/>\nInserciones: planas<br \/>\nLongitud del mango: 10,92 cm<br \/>\nGrosor del mango: 1,17 cm.<br \/>\nMaterial del mango: aluminio<br \/>\nPeso: 3,06 onzas.<br \/>\nUsuario: mano derecha<br \/>\nClip de bolsillo: inclinado hacia abajo<br \/>\nTipo de cuchillo: OTF de doble acci\u00f3n autom\u00e1tico<br \/>\nAbridor: Diapositiva del pulgar<br \/>\nMarca: Microtech<br \/>\nModelo: UTX-85<br \/>\nPa\u00eds de origen: EE.UU.<br \/>\nMejor uso: t\u00e1ctico<\/p>\n<p><iframe title=\"Microtech Combat Troodon Torture Test\" width=\"800\" height=\"450\" src=\"https:\/\/www.youtube.com\/embed\/xE9TeOFYEjg?feature=oembed\" frameborder=\"0\" allow=\"accelerometer; autoplay; clipboard-write; encrypted-media; gyroscope; picture-in-picture; web-share\" referrerpolicy=\"strict-origin-when-cross-origin\" allowfullscreen><\/iframe><\/p>\n<p>&nbsp;<\/p>\n<p>&nbsp;<\/p>\n<p>La <strong>UTX-70<\/strong> (15% m\u00e1s peque\u00f1a que la UTX-85) es una mini navaja autom\u00e1tica frontal de doble acci\u00f3n de Microtech que es una de las m\u00e1s amigables para el transporte diario. El tama\u00f1o diminuto es perfecto para llevar en el bolsillo de un reloj o incluso como llavero. Esta versi\u00f3n tiene mangos contorneados rojos y una hoja CTS-204P de doble filo con acabado satinado liso.<\/p>\n<p>Nuevo directamente de <strong>Microtech Knives<\/strong> , EE. UU.<\/p>\n<p>Hoja: Equipada con un acabado satinado brillante a m\u00e1quina, la hoja de doble filo tiene dos bordes cortantes lisos y afilados. La hoja con forma de daga est\u00e1 hecha de acero inoxidable americano CTS-204P de alto rendimiento. La hoja de menos de 6,35 cm (2,5 pulgadas) cuenta con un mecanismo de apertura y retracci\u00f3n de doble acci\u00f3n. Simplemente mueva la corredera del pulgar en el costado del mango hacia arriba para desplegar y hacia abajo para retraer. Un resorte interno permanece en reposo tanto en la posici\u00f3n abierta como en la cerrada para reducir el desgaste. La acci\u00f3n es suave y r\u00e1pida.<\/p>\n<p>Mango: El aluminio 6061-T6 anodizado rojo suave tiene bordes redondeados mejorados que crean no solo una sensaci\u00f3n c\u00f3moda en la mano sino tambi\u00e9n una transici\u00f3n suave dentro y fuera del bolsillo. Como el <strong>UTX-70<\/strong> es mucho m\u00e1s peque\u00f1o y delgado, han eliminado el salto para una apariencia m\u00e1s limpia. Esta es una OTF autom\u00e1tica para caballeros. El dise\u00f1o del mango contorneado es agradable para las manos y los ojos. La construcci\u00f3n del mango se completa con el hardware patentado de Microtech, un extremo rompecristales y un clip de bolsillo con n\u00famero de serie individual\/fecha de producci\u00f3n.<\/p>\n<p>CTS-204P: CTS-204P, un acero inoxidable pulvimetal\u00fargico altamente resistente al desgaste, tiene una de las mayores retenci\u00f3n de bordes y resistencia a la corrosi\u00f3n disponibles. El CTS-204P tiene un rendimiento similar al CPM-20CV y al M390 de Bohler.<\/p>\n<p>Especificaciones<br \/>\nEspecificaciones<br \/>\nLongitud total 5.94&#8243;<br \/>\nLongitud de la hoja 2,41&#8243;<br \/>\nLongitud afilada 2,25&#8243;<br \/>\nGrosor de la hoja 0,08&#8243;<br \/>\nMaterial de la hoja CTS-204P<br \/>\nTipo de hoja inoxidable<br \/>\nLongitud cerrada 3,53&#8243;<br \/>\nGrosor del mango 0,32&#8243;<br \/>\nMaterial del mango Aluminio<br \/>\nClip Inoxidable<br \/>\nPeso 1,20 onzas.<br \/>\nPa\u00eds de fabricaci\u00f3n Estados Unidos<\/p>\n<p>&nbsp;<\/p>\n","protected":false},"excerpt":{"rendered":"<p>A lo largo de los a\u00f1os, Microtech\u00ae Knives ha llenado los cuchillos con pasi\u00f3n y habilidad para crear casi obras de arte que son el pin\u00e1culo de la funcionalidad. Todas las piezas se fabrican en los EE. UU.<br \/>\n<strong>Todos los cuchillos Microtech vienen con una garant\u00eda de por vida.<\/strong><\/p>\n<p><strong>Transporte gratuito.<\/strong><\/p>\n","protected":false},"featured_media":330031,"comment_status":"open","ping_status":"closed","template":"","meta":[],"pwb-brand":[3752],"product_brand":[],"product_cat":[3726,3729],"product_tag":[3756],"class_list":{"0":"post-330030","1":"product","2":"type-product","3":"status-publish","4":"has-post-thumbnail","6":"pwb-brand-microtecnologia","7":"product_cat-cuchillos","8":"product_cat-cuchillos-de-tiro","9":"product_tag-b2b-es","11":"first","12":"instock","13":"taxable","14":"shipping-taxable","15":"purchasable","16":"product-type-simple"},"brands":[{"id":3752,"name":"microtecnolog\u00eda","slug":"microtecnologia"}],"_links":{"self":[{"href":"https:\/\/www.moskito.cz\/es\/wp-json\/wp\/v2\/product\/330030","targetHints":{"allow":["GET"]}}],"collection":[{"href":"https:\/\/www.moskito.cz\/es\/wp-json\/wp\/v2\/product"}],"about":[{"href":"https:\/\/www.moskito.cz\/es\/wp-json\/wp\/v2\/types\/product"}],"replies":[{"embeddable":true,"href":"https:\/\/www.moskito.cz\/es\/wp-json\/wp\/v2\/comments?post=330030"}],"wp:featuredmedia":[{"embeddable":true,"href":"https:\/\/www.moskito.cz\/es\/wp-json\/wp\/v2\/media\/330031"}],"wp:attachment":[{"href":"https:\/\/www.moskito.cz\/es\/wp-json\/wp\/v2\/media?parent=330030"}],"wp:term":[{"taxonomy":"pwb-brand","embeddable":true,"href":"https:\/\/www.moskito.cz\/es\/wp-json\/wp\/v2\/pwb-brand?post=330030"},{"taxonomy":"product_brand","embeddable":true,"href":"https:\/\/www.moskito.cz\/es\/wp-json\/wp\/v2\/product_brand?post=330030"},{"taxonomy":"product_cat","embeddable":true,"href":"https:\/\/www.moskito.cz\/es\/wp-json\/wp\/v2\/product_cat?post=330030"},{"taxonomy":"product_tag","embeddable":true,"href":"https:\/\/www.moskito.cz\/es\/wp-json\/wp\/v2\/product_tag?post=330030"}],"curies":[{"name":"wp","href":"https:\/\/api.w.org\/{rel}","templated":true}]}}