{"id":330035,"date":"2023-12-13T19:46:20","date_gmt":"2024-04-12T08:49:15","guid":{"rendered":"https:\/\/www.moskito.cz\/produkt\/cuchillo-plegable-columbia-river-crkt-kinematic-provoke-karambit-4050\/"},"modified":"2025-05-07T11:10:08","modified_gmt":"2025-05-07T10:10:08","slug":"cuchillo-plegable-columbia-river-crkt-kinematic-provoke-karambit-4050","status":"publish","type":"product","link":"https:\/\/www.moskito.cz\/es\/produkt\/cuchillo-plegable-columbia-river-crkt-kinematic-provoke-karambit-4050\/","title":{"rendered":"Cuchillo plegable Columbia River CRKT Kinematic Provoke Karambit 4050"},"content":{"rendered":"<p>Cuchillo plegable Columbia River <strong>CRKT<\/strong> Kinematic Provoke Karambit 4050<\/p>\n<p>Atender. Defender. El cuchillo Provoke EDC se basa en el antiguo dise\u00f1o de karambit, pero esconde un secreto futurista. El primer cuchillo con tecnolog\u00eda cinem\u00e1tica, permanece cuidadosamente guardado cuando est\u00e1 en tr\u00e1nsito y cobra vida cuando surge un problema.<\/p>\n<p>CRKT cree que el dise\u00f1ador Joe Caswell es una especie de cient\u00edfico loco. Cuando vieron los bocetos de lo que se convertir\u00eda en el Provoke EDC, dise\u00f1ado en Newbury Park, California, supieron que estaba destinado a convertirse en uno de los dise\u00f1adores m\u00e1s innovadores que el mundo de los cuchillos jam\u00e1s hab\u00eda visto. Siguiendo el modelo de un karambit tradicional, la hoja de punta de ca\u00edda D2 est\u00e1 forjada con acero D2 de primera calidad para una alta durabilidad y una excelente retenci\u00f3n de los bordes.<\/p>\n<p>El mecanismo de apertura tira de la carpeta hacia el futuro, est\u00e9 lista o no. La presi\u00f3n del pulgar sobre la barra superior desencadena una reacci\u00f3n en cadena, lo que hace que la hoja entre en acci\u00f3n mientras mantienes un agarre firme en el mango. Est\u00e1 fabricado en aluminio aeron\u00e1utico 6061 para m\u00e1xima rigidez. Al m\u00e1s puro estilo Joe, el clip de bolsillo tambi\u00e9n es una novedad mundial: queda casi completamente al ras del mango y tambi\u00e9n se activa con una ligera presi\u00f3n del pulgar.<\/p>\n<p>Provoke EDC es poderoso cuando se llama al servicio.<\/p>\n<p>Como funciona la cinem\u00e1tica<br \/>\nEmpuje su pulgar hacia la barra transversal superior, mientras sus otros dedos agarran el mango firmemente, y la hoja cobra vida y encaja en su lugar. Deslice la discreta palanca en la base del bucle para el dedo y la hoja se retrae a su posici\u00f3n cerrada.<\/p>\n<p>Funci\u00f3n<br \/>\nKinematic despliega la hoja con solo presionar el pulgar.<br \/>\nHoja de acero D2 para una excelente retenci\u00f3n de la hoja<br \/>\nEl mango de aluminio combina resistencia con un peso m\u00ednimo.<br \/>\nHebilla empotrada para un uso seguro<br \/>\nEspecificaciones<br \/>\nLongitud de la hoja: 6,4 cm<br \/>\nLargo cerrado: 11,65 cm<br \/>\nLongitud total: 18,12 cm.<br \/>\nMaterial de la hoja: Acero para herramientas D2<br \/>\nEstilo de hoja: Punto de ca\u00edda<br \/>\nTratamiento superficial de la hoja: satinado.<br \/>\nMaterial del mango: Aluminio azul<br \/>\nMecanismo de bloqueo: Cinem\u00e1tico<br \/>\nClip de bolsillo: abatible, para uso en la mano derecha<br \/>\nPeso: 3,4 onzas.<br \/>\nDise\u00f1ador: Joe Caswell<\/p>\n","protected":false},"excerpt":{"rendered":"<p><strong>DISE\u00d1ADOR: Joe Caswell<\/strong><br \/>\n<strong>Parque Newbury, California<\/strong><br \/>\n<strong>Periodista motociclista. Soldador con patr\u00f3n de espada vikinga. Inventor. Dise\u00f1ador de cuchillos personalizados. Es seguro decir que Joe est\u00e1 hecho de una tela especial. Y ahora puede a\u00f1adir \u201cdisruptor de la industria\u201d a su curr\u00edculum. Con el lanzamiento del Kinematic, contin\u00faa asegurando su posici\u00f3n entre los mejores cuchillos del mundo. Desde sus humildes comienzos en su forja casera en el garaje de su apartamento alquilado, se ha hecho un nombre trabajando duro hasta altas horas de la noche, y estamos ansiosos por ver qu\u00e9 surge de su inspirada creatividad a continuaci\u00f3n.<\/strong><\/p>\n","protected":false},"featured_media":330036,"comment_status":"open","ping_status":"closed","template":"","meta":[],"pwb-brand":[3765],"product_brand":[],"product_cat":[3730,3726],"product_tag":[3756],"class_list":{"0":"post-330035","1":"product","2":"type-product","3":"status-publish","4":"has-post-thumbnail","6":"pwb-brand-crkt-es","7":"product_cat-cuchillas-de-cierre","8":"product_cat-cuchillos","9":"product_tag-b2b-es","11":"first","12":"instock","13":"taxable","14":"shipping-taxable","15":"purchasable","16":"product-type-simple"},"brands":[{"id":3765,"name":"CRKT","slug":"crkt-es"}],"_links":{"self":[{"href":"https:\/\/www.moskito.cz\/es\/wp-json\/wp\/v2\/product\/330035","targetHints":{"allow":["GET"]}}],"collection":[{"href":"https:\/\/www.moskito.cz\/es\/wp-json\/wp\/v2\/product"}],"about":[{"href":"https:\/\/www.moskito.cz\/es\/wp-json\/wp\/v2\/types\/product"}],"replies":[{"embeddable":true,"href":"https:\/\/www.moskito.cz\/es\/wp-json\/wp\/v2\/comments?post=330035"}],"wp:featuredmedia":[{"embeddable":true,"href":"https:\/\/www.moskito.cz\/es\/wp-json\/wp\/v2\/media\/330036"}],"wp:attachment":[{"href":"https:\/\/www.moskito.cz\/es\/wp-json\/wp\/v2\/media?parent=330035"}],"wp:term":[{"taxonomy":"pwb-brand","embeddable":true,"href":"https:\/\/www.moskito.cz\/es\/wp-json\/wp\/v2\/pwb-brand?post=330035"},{"taxonomy":"product_brand","embeddable":true,"href":"https:\/\/www.moskito.cz\/es\/wp-json\/wp\/v2\/product_brand?post=330035"},{"taxonomy":"product_cat","embeddable":true,"href":"https:\/\/www.moskito.cz\/es\/wp-json\/wp\/v2\/product_cat?post=330035"},{"taxonomy":"product_tag","embeddable":true,"href":"https:\/\/www.moskito.cz\/es\/wp-json\/wp\/v2\/product_tag?post=330035"}],"curies":[{"name":"wp","href":"https:\/\/api.w.org\/{rel}","templated":true}]}}