{"id":330136,"date":"2022-08-22T21:31:33","date_gmt":"2024-04-12T09:14:34","guid":{"rendered":"https:\/\/www.moskito.cz\/produkt\/navaja-fija-crkt-minimalist-cleaver-2383\/"},"modified":"2025-05-07T11:10:10","modified_gmt":"2025-05-07T10:10:10","slug":"navaja-fija-crkt-minimalist-cleaver-2383","status":"publish","type":"product","link":"https:\/\/www.moskito.cz\/es\/produkt\/navaja-fija-crkt-minimalist-cleaver-2383\/","title":{"rendered":"Navaja Fija CRKT MINIMALIST CLEAVER 2383"},"content":{"rendered":"<p>Cuchillo Fijo <strong>CRKT<\/strong> MINIMALIST CLEAVER 23.<\/p>\n<p>Especialmente construido para todo lo que hay que cortar.<\/p>\n<p>A este cuchillo compacto con hoja s\u00f3lida y mangos s\u00f3lidos se le ha devuelto una hoja de cuchilla que provoca conversaciones en la fogata. Tambi\u00e9n en casa, en la cocina del campamento o en el garaje.<br \/>\nF\u00e1cil afilado: la hoja de acero inoxidable con alto contenido de carbono sujeta bien el borde<br \/>\nCaracter\u00edsticas \u00fatiles: Cuchilla vers\u00e1til para un corte excelente<br \/>\nMinimiza el reflejo: el tratamiento de superficie con chorro de perlas reduce el reflejo<br \/>\nS\u00f3lido y visual: el mango de resina combina resistencia con atractivo visual<br \/>\nCompatible con engranajes: carcasa termopl\u00e1stica duradera con opci\u00f3n de montaje<br \/>\nHerramienta compacta: Ligera y f\u00e1cil de transportar.<\/p>\n<p>ESPECIFICACIONES<br \/>\nLongitud de la hoja 2,13&#8243; (54,13 mm)<br \/>\nHoja de hoja Lisa<br \/>\nHoja de acero 5Cr15MoV<br \/>\nAcabado de la superficie de la hoja Granallado<br \/>\nGrosor de la hoja 0,10&#8243; (2,59 mm)<br \/>\nLongitud total 5,06&#8243; (128,52 mm)<br \/>\nPeso 48,19 g (1,70 onzas)<br \/>\nMango Fibra impregnada de resina.<br \/>\nEstilo Cuchillo de hoja fija con funda.<br \/>\nMaterial de la carcasa Termopl\u00e1stico<br \/>\nPeso de la carcasa 0,60 oz. (17,01 g)<\/p>\n","protected":false},"excerpt":{"rendered":"<p>Dise\u00f1ado por Alan Folts en Melbourne, Florida.<\/p>\n","protected":false},"featured_media":330137,"comment_status":"open","ping_status":"closed","template":"","meta":[],"pwb-brand":[3765],"product_brand":[],"product_cat":[3726,3727],"product_tag":[3756],"class_list":{"0":"post-330136","1":"product","2":"type-product","3":"status-publish","4":"has-post-thumbnail","6":"pwb-brand-crkt-es","7":"product_cat-cuchillos","8":"product_cat-cuchillos-macizos","9":"product_tag-b2b-es","11":"first","12":"instock","13":"taxable","14":"shipping-taxable","15":"purchasable","16":"product-type-simple"},"brands":[{"id":3765,"name":"CRKT","slug":"crkt-es"}],"_links":{"self":[{"href":"https:\/\/www.moskito.cz\/es\/wp-json\/wp\/v2\/product\/330136","targetHints":{"allow":["GET"]}}],"collection":[{"href":"https:\/\/www.moskito.cz\/es\/wp-json\/wp\/v2\/product"}],"about":[{"href":"https:\/\/www.moskito.cz\/es\/wp-json\/wp\/v2\/types\/product"}],"replies":[{"embeddable":true,"href":"https:\/\/www.moskito.cz\/es\/wp-json\/wp\/v2\/comments?post=330136"}],"wp:featuredmedia":[{"embeddable":true,"href":"https:\/\/www.moskito.cz\/es\/wp-json\/wp\/v2\/media\/330137"}],"wp:attachment":[{"href":"https:\/\/www.moskito.cz\/es\/wp-json\/wp\/v2\/media?parent=330136"}],"wp:term":[{"taxonomy":"pwb-brand","embeddable":true,"href":"https:\/\/www.moskito.cz\/es\/wp-json\/wp\/v2\/pwb-brand?post=330136"},{"taxonomy":"product_brand","embeddable":true,"href":"https:\/\/www.moskito.cz\/es\/wp-json\/wp\/v2\/product_brand?post=330136"},{"taxonomy":"product_cat","embeddable":true,"href":"https:\/\/www.moskito.cz\/es\/wp-json\/wp\/v2\/product_cat?post=330136"},{"taxonomy":"product_tag","embeddable":true,"href":"https:\/\/www.moskito.cz\/es\/wp-json\/wp\/v2\/product_tag?post=330136"}],"curies":[{"name":"wp","href":"https:\/\/api.w.org\/{rel}","templated":true}]}}