{"id":330317,"date":"2022-11-19T10:52:20","date_gmt":"2024-04-12T09:31:12","guid":{"rendered":"https:\/\/www.moskito.cz\/produkt\/cuchillo-de-cierre-crkt-black-deadbolt-m16-03db\/"},"modified":"2025-05-07T11:10:16","modified_gmt":"2025-05-07T10:10:16","slug":"cuchillo-de-cierre-crkt-black-deadbolt-m16-03db","status":"publish","type":"product","link":"https:\/\/www.moskito.cz\/es\/produkt\/cuchillo-de-cierre-crkt-black-deadbolt-m16-03db\/","title":{"rendered":"Cuchillo de Cierre CRKT BLACK DEADBOLT M16\u00ae-03DB"},"content":{"rendered":"<p>Cuchilla de Cierre <strong>CRKT<\/strong> BLACK DEADBOLT M16\u00ae-03DB.<\/p>\n<p>Una historia cl\u00e1sica con tres nuevos cap\u00edtulos.<\/p>\n<p>Cuando CRKT\u00ae decidi\u00f3 reinventar el querido dise\u00f1o M16\u00ae del difunto Kit Carson, la opci\u00f3n era hacerlo a lo grande o irse a casa. Y as\u00ed naci\u00f3 el M16\u00ae-03DB. Combinando tres innovaciones revolucionarias, Deadbolt\u00ae, apertura asistida y el sistema de pasador con rodamiento de bolas IKBS\u2122, este dise\u00f1o redise\u00f1ado no compromete el rendimiento ni la funcionalidad. Al igual que el querido cl\u00e1sico, esta variaci\u00f3n contempor\u00e1nea hace bien el trabajo, solo que ahora sobresale en otras tres formas.<br \/>\nFuerte y simple: la cerradura Deadbolt\u00ae proporciona una resistencia incre\u00edble y es f\u00e1cil de usar<br \/>\nApertura asistida: Flipper despliega r\u00e1pidamente la hoja<br \/>\nApertura suave: el pasador con rodamiento de bolas IKBS\u2122 despliega la hoja suavemente<br \/>\nRendimiento superior: hoja de acero D2 para una retenci\u00f3n superior de la hoja<br \/>\nFuerte y ligero: el mango de aluminio combina resistencia con un peso m\u00ednimo<br \/>\nPerfil bajo: el clip de bolsillo garantiza un transporte seguro<\/p>\n<p>ESPECIFICACIONES<br \/>\nLongitud de la hoja 3,58&#8243; (91,03 mm)<br \/>\nHoja de hoja Lisa<br \/>\nHoja de acero D2<br \/>\nAcabado de la hoja lavado a la piedra<br \/>\nGrosor de la hoja 0,12&#8243; (2,97 mm)<br \/>\nLongitud total 8,25&#8243; (209,55 mm)<br \/>\nLongitud cerrada 4,65&#8243; (118,16 mm)<br \/>\nPeso 4,00 oz (113,40 g)<br \/>\nMango de aluminio<br \/>\nEstilo Navaja plegable con cerradura Deadbolt\u00ae<\/p>\n<p><iframe title=\"CRKT M16\u00ae-03DB | Kit Carson Design\" width=\"800\" height=\"450\" src=\"https:\/\/www.youtube.com\/embed\/OgjGynZHhmA?feature=oembed\" frameborder=\"0\" allow=\"accelerometer; autoplay; clipboard-write; encrypted-media; gyroscope; picture-in-picture; web-share\" referrerpolicy=\"strict-origin-when-cross-origin\" allowfullscreen><\/iframe><\/p>\n<p>&nbsp;<\/p>\n","protected":false},"excerpt":{"rendered":"<p>Dise\u00f1ado por Kit Carson en Vine Grove, Kentucky.<\/p>\n","protected":false},"featured_media":330318,"comment_status":"open","ping_status":"closed","template":"","meta":[],"pwb-brand":[3765],"product_brand":[],"product_cat":[3730,3726],"product_tag":[3756],"class_list":{"0":"post-330317","1":"product","2":"type-product","3":"status-publish","4":"has-post-thumbnail","6":"pwb-brand-crkt-es","7":"product_cat-cuchillas-de-cierre","8":"product_cat-cuchillos","9":"product_tag-b2b-es","11":"first","12":"outofstock","13":"sale","14":"taxable","15":"shipping-taxable","16":"purchasable","17":"product-type-simple"},"brands":[{"id":3765,"name":"CRKT","slug":"crkt-es"}],"_links":{"self":[{"href":"https:\/\/www.moskito.cz\/es\/wp-json\/wp\/v2\/product\/330317","targetHints":{"allow":["GET"]}}],"collection":[{"href":"https:\/\/www.moskito.cz\/es\/wp-json\/wp\/v2\/product"}],"about":[{"href":"https:\/\/www.moskito.cz\/es\/wp-json\/wp\/v2\/types\/product"}],"replies":[{"embeddable":true,"href":"https:\/\/www.moskito.cz\/es\/wp-json\/wp\/v2\/comments?post=330317"}],"wp:featuredmedia":[{"embeddable":true,"href":"https:\/\/www.moskito.cz\/es\/wp-json\/wp\/v2\/media\/330318"}],"wp:attachment":[{"href":"https:\/\/www.moskito.cz\/es\/wp-json\/wp\/v2\/media?parent=330317"}],"wp:term":[{"taxonomy":"pwb-brand","embeddable":true,"href":"https:\/\/www.moskito.cz\/es\/wp-json\/wp\/v2\/pwb-brand?post=330317"},{"taxonomy":"product_brand","embeddable":true,"href":"https:\/\/www.moskito.cz\/es\/wp-json\/wp\/v2\/product_brand?post=330317"},{"taxonomy":"product_cat","embeddable":true,"href":"https:\/\/www.moskito.cz\/es\/wp-json\/wp\/v2\/product_cat?post=330317"},{"taxonomy":"product_tag","embeddable":true,"href":"https:\/\/www.moskito.cz\/es\/wp-json\/wp\/v2\/product_tag?post=330317"}],"curies":[{"name":"wp","href":"https:\/\/api.w.org\/{rel}","templated":true}]}}