{"id":330338,"date":"2022-09-03T22:29:28","date_gmt":"2024-04-12T09:34:01","guid":{"rendered":"https:\/\/www.moskito.cz\/produkt\/cuchilla-de-cierre-crkt-psd-particula-separacion-dispositivo-negro-7920k\/"},"modified":"2025-05-07T11:10:16","modified_gmt":"2025-05-07T10:10:16","slug":"cuchilla-de-cierre-crkt-psd-particula-separacion-dispositivo-negro-7920k","status":"publish","type":"product","link":"https:\/\/www.moskito.cz\/es\/produkt\/cuchilla-de-cierre-crkt-psd-particula-separacion-dispositivo-negro-7920k\/","title":{"rendered":"Cuchilla de Cierre CRKT PSD (PARTICULA. SEPARACION. DISPOSITIVO.) NEGRO 7920K"},"content":{"rendered":"<p>Cuchilla de Cierre <strong>CRKT<\/strong> PSD (PARTICULA. SEPARACION. DISPOSITIVO.) NEGRO 7920K.<\/p>\n<p>Part\u00edcula. Departamento. Aparato. C\u00f3rtelo con tachuelas: PSD\u2122 se hace en rodajas. La hoja de esta navaja plegable de uso diario est\u00e1 dise\u00f1ada con una curva completa y un doble filo de alto rendimiento. Y gracias a la apertura asistida resulta que est\u00e1 funcionando en un abrir y cerrar de ojos.<\/p>\n<p>Cuando el dise\u00f1ador Jim Hammond de Birmingham, Alabama, puso la pluma sobre el papel, lo hizo con la intenci\u00f3n de crear un cuchillo que fuera igualmente poderoso, compacto y altamente est\u00e9tico. PSD\u2122 da en el blanco. La curvatura inconfundible de la hoja funciona para cortes y rebanados profundos, Veff Serrations\u2122 penetra la cuerda y la l\u00ednea, mientras que el doble afilado hace que empujar sea m\u00e1s eficiente. El sorprendentemente compacto mango G10 y de fibra de carbono se adapta a un agarre firme con cuatro dedos y est\u00e1 acabado con un pin azul el\u00e9ctrico y un clip de bolsillo.<\/p>\n<p>Construido con apertura asistida, se abre a una velocidad incre\u00edblemente alta cuando se aplica una presi\u00f3n m\u00ednima a la aleta de bajo perfil. El sistema de pivote con rodamiento de bolas IKBS\u2122 garantiza una rotaci\u00f3n suave y el bloqueo del inserto lo mantiene firmemente en su lugar.<\/p>\n<p>PSD\u2122 est\u00e1 hecho para cortar.<\/p>\n<p>C\u00f3mo funciona la apertura asistida<br \/>\nSe mantiene cerrada de forma segura en el bolsillo, pero al iniciar el despliegue y durante la rotaci\u00f3n, la hoja se abre con una velocidad impresionante para una apertura simple y poderosa con una sola mano.<\/p>\n<p>ESPECIFICACIONES<br \/>\nLongitud de la hoja 3,63&#8243; (92,20 mm)<br \/>\nFilo de hoja Veff Serrations\u2122<br \/>\nHoja de acero 1.4116<br \/>\nAcabado de la superficie de la hoja EDP<br \/>\nGrosor de la hoja 0,13&#8243; (3,25 mm)<br \/>\nLongitud total 8,19&#8243; (207,98 mm)<br \/>\nLongitud cerrada 4,59&#8243; (116,61 mm)<br \/>\nPeso 4,60 onzas. (130,41 gramos)<br \/>\nMango de fibra de carbono con base G10.<br \/>\nNavaja asistida Style con Liner Lock<\/p>\n<p><iframe title=\"CRKT P.S.D.\u2122 (PARTICLE. SEPARATION. DEVICE.) BLACKOUT | Jim Hammond Design\" width=\"800\" height=\"450\" src=\"https:\/\/www.youtube.com\/embed\/zoK6dCUWr8A?feature=oembed\" frameborder=\"0\" allow=\"accelerometer; autoplay; clipboard-write; encrypted-media; gyroscope; picture-in-picture; web-share\" referrerpolicy=\"strict-origin-when-cross-origin\" allowfullscreen><\/iframe><\/p>\n<p>&nbsp;<\/p>\n","protected":false},"excerpt":{"rendered":"<p>Dise\u00f1ado por Jim Hammond en Birmingham, Alabama.<\/p>\n","protected":false},"featured_media":330340,"comment_status":"open","ping_status":"closed","template":"","meta":[],"pwb-brand":[3765],"product_brand":[],"product_cat":[3730,3726],"product_tag":[3756],"class_list":{"0":"post-330338","1":"product","2":"type-product","3":"status-publish","4":"has-post-thumbnail","6":"pwb-brand-crkt-es","7":"product_cat-cuchillas-de-cierre","8":"product_cat-cuchillos","9":"product_tag-b2b-es","11":"first","12":"outofstock","13":"taxable","14":"shipping-taxable","15":"purchasable","16":"product-type-simple"},"brands":[{"id":3765,"name":"CRKT","slug":"crkt-es"}],"_links":{"self":[{"href":"https:\/\/www.moskito.cz\/es\/wp-json\/wp\/v2\/product\/330338","targetHints":{"allow":["GET"]}}],"collection":[{"href":"https:\/\/www.moskito.cz\/es\/wp-json\/wp\/v2\/product"}],"about":[{"href":"https:\/\/www.moskito.cz\/es\/wp-json\/wp\/v2\/types\/product"}],"replies":[{"embeddable":true,"href":"https:\/\/www.moskito.cz\/es\/wp-json\/wp\/v2\/comments?post=330338"}],"wp:featuredmedia":[{"embeddable":true,"href":"https:\/\/www.moskito.cz\/es\/wp-json\/wp\/v2\/media\/330340"}],"wp:attachment":[{"href":"https:\/\/www.moskito.cz\/es\/wp-json\/wp\/v2\/media?parent=330338"}],"wp:term":[{"taxonomy":"pwb-brand","embeddable":true,"href":"https:\/\/www.moskito.cz\/es\/wp-json\/wp\/v2\/pwb-brand?post=330338"},{"taxonomy":"product_brand","embeddable":true,"href":"https:\/\/www.moskito.cz\/es\/wp-json\/wp\/v2\/product_brand?post=330338"},{"taxonomy":"product_cat","embeddable":true,"href":"https:\/\/www.moskito.cz\/es\/wp-json\/wp\/v2\/product_cat?post=330338"},{"taxonomy":"product_tag","embeddable":true,"href":"https:\/\/www.moskito.cz\/es\/wp-json\/wp\/v2\/product_tag?post=330338"}],"curies":[{"name":"wp","href":"https:\/\/api.w.org\/{rel}","templated":true}]}}