{"id":330572,"date":"2023-12-12T22:25:32","date_gmt":"2024-04-12T11:31:14","guid":{"rendered":"https:\/\/www.moskito.cz\/produkt\/columbia-river-crkt-jim-hammond-abc-todas-las-bases-cubiertas-2606-cuchillo-plegable\/"},"modified":"2025-05-07T11:10:20","modified_gmt":"2025-05-07T10:10:20","slug":"columbia-river-crkt-jim-hammond-abc-todas-las-bases-cubiertas-2606-cuchillo-plegable","status":"publish","type":"product","link":"https:\/\/www.moskito.cz\/es\/produkt\/columbia-river-crkt-jim-hammond-abc-todas-las-bases-cubiertas-2606-cuchillo-plegable\/","title":{"rendered":"Columbia River CRKT Jim Hammond ABC Todas las bases cubiertas 2606 Cuchillo plegable"},"content":{"rendered":"<p>Columbia River <strong>CRKT<\/strong> Jim Hammond ABC Todas las bases cubiertas 2606 Cuchillo plegable<\/p>\n<p>Dise\u00f1ado para una respuesta r\u00e1pida. ABC (All. Bases. Covered.) de Jim Hammond regresa en una forma a\u00fan m\u00e1s vers\u00e1til. Ahora plegable, aporta la versatilidad de la hoja fija original a un dise\u00f1o m\u00e1s pr\u00e1ctico y compacto. Y con apertura asistida y rodamientos IKBS, todav\u00eda est\u00e1 listo para entrar en acci\u00f3n en cualquier momento, mientras que el mango G10 proporciona un agarre fuerte incluso en condiciones clim\u00e1ticas adversas.<\/p>\n<p>C\u00f3mo funciona la apertura asistida<\/p>\n<p>Se mantiene firmemente cerrado en el bolsillo, pero al iniciar el despliegue la hoja se abre con una velocidad impresionante para una apertura f\u00e1cil y poderosa con una sola mano en la secci\u00f3n de balanceo.<\/p>\n<p>Funci\u00f3n<br \/>\nFlipper de apertura asistida que despliega r\u00e1pidamente la hoja.<br \/>\nEl pasador con rodamiento de bolas IKBS desliza suavemente la hoja<br \/>\nEl mango G10 es fuerte y ligero.<br \/>\nEl Liner Lock se puede cerrar f\u00e1cilmente con una mano<br \/>\nEl clip de bolsillo de perfil bajo garantiza un transporte seguro<br \/>\nEspecificaciones<br \/>\nLongitud de la hoja: 8,47 cm<br \/>\nLongitud total: 20 cm<br \/>\nMaterial de la hoja: Acero inoxidable 12C27<br \/>\nEstilo de hoja: Tanto<br \/>\nRectificado de cuchillas: hueca<br \/>\nAcabado de la hoja: negro<br \/>\nMaterial del mango: negro G10<br \/>\nMecanismo de bloqueo: Liner Lock<br \/>\nClip de bolsillo: (plegado hacia arriba, uso adecuado)<br \/>\nPeso: 3,81 onzas.<br \/>\nDise\u00f1ador: Jim Hammond<\/p>\n<p><iframe title=\"CRKT A.B.C. I Jim Hammond Design\" width=\"800\" height=\"450\" src=\"https:\/\/www.youtube.com\/embed\/ocKMid9erqM?feature=oembed\" frameborder=\"0\" allow=\"accelerometer; autoplay; clipboard-write; encrypted-media; gyroscope; picture-in-picture; web-share\" referrerpolicy=\"strict-origin-when-cross-origin\" allowfullscreen><\/iframe><\/p>\n<p>&nbsp;<\/p>\n","protected":false},"excerpt":{"rendered":"<p><strong>DISE\u00d1ADOR: Jim Hammond<\/strong><br \/>\n<strong>Birmingham, Alabama<\/strong><br \/>\n<strong>Jim fue el primer cortador en trabajar con CRKT\u00ae en 1994, pero antes ten\u00eda m\u00e1s de 17 a\u00f1os de experiencia bajo el cintur\u00f3n adornado con cuchillas. Despu\u00e9s de graduarse de Clemson en 1977, r\u00e1pidamente ascendi\u00f3 de rango, especializ\u00e1ndose en cazas t\u00e1cticos militares y coleccionables como nuestra serie FE\u2122. Miembro del Knife Makers Guild desde 1978, sus dise\u00f1os (y swings de golf) tienen que ver con la perfecci\u00f3n, el sabor y la funci\u00f3n.<\/strong><\/p>\n","protected":false},"featured_media":330573,"comment_status":"open","ping_status":"closed","template":"","meta":[],"pwb-brand":[3765],"product_brand":[],"product_cat":[3730,3726],"product_tag":[3756],"class_list":{"0":"post-330572","1":"product","2":"type-product","3":"status-publish","4":"has-post-thumbnail","6":"pwb-brand-crkt-es","7":"product_cat-cuchillas-de-cierre","8":"product_cat-cuchillos","9":"product_tag-b2b-es","11":"first","12":"instock","13":"sale","14":"taxable","15":"shipping-taxable","16":"purchasable","17":"product-type-simple"},"brands":[{"id":3765,"name":"CRKT","slug":"crkt-es"}],"_links":{"self":[{"href":"https:\/\/www.moskito.cz\/es\/wp-json\/wp\/v2\/product\/330572","targetHints":{"allow":["GET"]}}],"collection":[{"href":"https:\/\/www.moskito.cz\/es\/wp-json\/wp\/v2\/product"}],"about":[{"href":"https:\/\/www.moskito.cz\/es\/wp-json\/wp\/v2\/types\/product"}],"replies":[{"embeddable":true,"href":"https:\/\/www.moskito.cz\/es\/wp-json\/wp\/v2\/comments?post=330572"}],"wp:featuredmedia":[{"embeddable":true,"href":"https:\/\/www.moskito.cz\/es\/wp-json\/wp\/v2\/media\/330573"}],"wp:attachment":[{"href":"https:\/\/www.moskito.cz\/es\/wp-json\/wp\/v2\/media?parent=330572"}],"wp:term":[{"taxonomy":"pwb-brand","embeddable":true,"href":"https:\/\/www.moskito.cz\/es\/wp-json\/wp\/v2\/pwb-brand?post=330572"},{"taxonomy":"product_brand","embeddable":true,"href":"https:\/\/www.moskito.cz\/es\/wp-json\/wp\/v2\/product_brand?post=330572"},{"taxonomy":"product_cat","embeddable":true,"href":"https:\/\/www.moskito.cz\/es\/wp-json\/wp\/v2\/product_cat?post=330572"},{"taxonomy":"product_tag","embeddable":true,"href":"https:\/\/www.moskito.cz\/es\/wp-json\/wp\/v2\/product_tag?post=330572"}],"curies":[{"name":"wp","href":"https:\/\/api.w.org\/{rel}","templated":true}]}}